{"id":9458,"date":"2023-06-14T15:53:57","date_gmt":"2023-06-14T13:53:57","guid":{"rendered":"https:\/\/www.helpfordesk.com\/hu\/?page_id=9458"},"modified":"2023-06-14T15:56:41","modified_gmt":"2023-06-14T13:56:41","slug":"helpfordesk-modulok-intelligens-adatfeldolgozo-modul","status":"publish","type":"page","link":"https:\/\/www.helpfordesk.com\/hu\/helpfordesk-modulok-intelligens-adatfeldolgozo-modul\/","title":{"rendered":"Helpfordesk modulok, Intelligens adatfeldolgoz\u00f3 modul"},"content":{"rendered":"<p><div class=\"fusion-fullwidth fullwidth-box fusion-builder-row-1 fusion-flex-container has-pattern-background has-mask-background nonhundred-percent-fullwidth non-hundred-percent-height-scrolling\" style=\"--awb-border-radius-top-left:0px;--awb-border-radius-top-right:0px;--awb-border-radius-bottom-right:0px;--awb-border-radius-bottom-left:0px;--awb-flex-wrap:wrap;\" ><div class=\"fusion-builder-row fusion-row fusion-flex-align-items-flex-start fusion-flex-content-wrap\" style=\"max-width:1248px;margin-left: calc(-4% \/ 2 );margin-right: calc(-4% \/ 2 );\"><div class=\"fusion-layout-column fusion_builder_column fusion-builder-column-0 fusion_builder_column_1_1 1_1 fusion-flex-column\" style=\"--awb-padding-bottom:130px;--awb-bg-size:cover;--awb-width-large:100%;--awb-margin-top-large:0px;--awb-spacing-right-large:1.92%;--awb-margin-bottom-large:20px;--awb-spacing-left-large:1.92%;--awb-width-medium:100%;--awb-order-medium:0;--awb-spacing-right-medium:1.92%;--awb-spacing-left-medium:1.92%;--awb-width-small:100%;--awb-order-small:0;--awb-spacing-right-small:1.92%;--awb-spacing-left-small:1.92%;\" data-scroll-devices=\"small-visibility,medium-visibility,large-visibility\"><div class=\"fusion-column-wrapper lazyload fusion-column-has-shadow fusion-flex-justify-content-flex-start fusion-content-layout-column fusion-column-has-bg-image\" data-bg-url=\"https:\/\/www.helpfordesk.com\/hu\/wp-content\/uploads\/sites\/2\/2023\/05\/Digitalis_iroda_egyszeru_jelenleti_iv_iktato-program.png\" data-bg=\"https:\/\/www.helpfordesk.com\/hu\/wp-content\/uploads\/sites\/2\/2023\/05\/Digitalis_iroda_egyszeru_jelenleti_iv_iktato-program.png\"><div class=\"fusion-builder-row fusion-builder-row-inner fusion-row fusion-flex-align-items-flex-start fusion-flex-content-wrap\" style=\"--awb-flex-grow:0;--awb-flex-grow-medium:0;--awb-flex-grow-small:0;--awb-flex-shrink:0;--awb-flex-shrink-medium:0;--awb-flex-shrink-small:0;width:104% !important;max-width:104% !important;margin-left: calc(-4% \/ 2 );margin-right: calc(-4% \/ 2 );\"><div class=\"fusion-layout-column fusion_builder_column_inner fusion-builder-nested-column-0 fusion_builder_column_inner_2_3 2_3 fusion-flex-column fusion-flex-align-self-flex-start\" style=\"--awb-padding-left:30px;--awb-overflow:hidden;--awb-bg-color:var(--awb-color1);--awb-bg-color-hover:var(--awb-color1);--awb-bg-size:cover;--awb-border-radius:8px 8px 8px 8px;--awb-width-large:66.666666666667%;--awb-margin-top-large:120px;--awb-spacing-right-large:2.88%;--awb-margin-bottom-large:20px;--awb-spacing-left-large:70px;--awb-width-medium:66.666666666667%;--awb-order-medium:0;--awb-spacing-right-medium:2.88%;--awb-spacing-left-medium:70px;--awb-width-small:100%;--awb-order-small:0;--awb-spacing-right-small:1.92%;--awb-spacing-left-small:1.92%;\" data-scroll-devices=\"small-visibility,medium-visibility,large-visibility\"><div class=\"fusion-column-wrapper fusion-column-has-shadow fusion-flex-justify-content-space-between fusion-content-layout-row fusion-flex-align-items-center\"><div class=\"fusion-title title fusion-title-1 fusion-sep-none fusion-title-text fusion-title-size-one\" style=\"--awb-text-color:var(--awb-custom_color_1);--awb-margin-top-small:10px;--awb-margin-right-small:0px;--awb-margin-bottom-small:10px;--awb-margin-left-small:0px;--awb-font-size:var(--awb-typography1-font-size);\"><h1 class=\"fusion-title-heading title-heading-left\" style=\"font-family:-apple-system, BlinkMacSystemFont, &#039;Segoe UI&#039;, Roboto, Oxygen-Sans, Ubuntu, Cantarell, &#039;Helvetica Neue&#039; ,sans-serif;font-style:normal;font-weight:400;margin:0;letter-spacing:var(--awb-typography2-letter-spacing);font-size:1em;line-height:var(--awb-typography2-line-height);\">Intelligens adatfeldolgoz\u00f3 modul<\/h1><\/div><\/div><\/div><\/div><\/div><\/div><\/div><\/div><div class=\"fusion-fullwidth fullwidth-box fusion-builder-row-2 fusion-flex-container has-pattern-background has-mask-background nonhundred-percent-fullwidth non-hundred-percent-height-scrolling\" style=\"--awb-border-radius-top-left:0px;--awb-border-radius-top-right:0px;--awb-border-radius-bottom-right:0px;--awb-border-radius-bottom-left:0px;--awb-flex-wrap:wrap;\" ><div class=\"fusion-builder-row fusion-row fusion-flex-align-items-flex-start fusion-flex-content-wrap\" style=\"max-width:1248px;margin-left: calc(-4% \/ 2 );margin-right: calc(-4% \/ 2 );\"><div class=\"fusion-layout-column fusion_builder_column fusion-builder-column-1 fusion_builder_column_1_1 1_1 fusion-flex-column\" style=\"--awb-bg-size:cover;--awb-width-large:100%;--awb-margin-top-large:0px;--awb-spacing-right-large:1.92%;--awb-margin-bottom-large:20px;--awb-spacing-left-large:1.92%;--awb-width-medium:100%;--awb-order-medium:0;--awb-spacing-right-medium:1.92%;--awb-spacing-left-medium:1.92%;--awb-width-small:100%;--awb-order-small:0;--awb-spacing-right-small:1.92%;--awb-spacing-left-small:1.92%;\"><div class=\"fusion-column-wrapper fusion-column-has-shadow fusion-flex-justify-content-flex-start fusion-content-layout-column\"><div class=\"fusion-text fusion-text-1\"><div class=\"flex flex-grow flex-col gap-3\">\n<div class=\"min-h-&#091;20px&#093; flex flex-col items-start gap-4 whitespace-pre-wrap break-words\">\n<div class=\"markdown prose w-full break-words dark:prose-invert dark\">\n<p>Az Intelligens adatfeldolgoz\u00f3 modul a Helpfordesk rendszerben egy olyan eszk\u00f6zt ny\u00fajt, amely lehet\u0151v\u00e9 teszi a v\u00e1llalatok vagy szervezetek sz\u00e1m\u00e1ra az adatok automatikus feldolgoz\u00e1s\u00e1t, elemz\u00e9s\u00e9t \u00e9s intelligens inform\u00e1ci\u00f3k kinyer\u00e9s\u00e9t.<\/p>\n<p>Ez a modul \u00e1ltal\u00e1ban tartalmazza a g\u00e9pi tanul\u00e1s vagy mesters\u00e9ges intelligencia algoritmusokat, amelyek k\u00e9pesek feldolgozni \u00e9s elemezni a struktur\u00e1lt vagy strukt\u00faratlan adatokat. Az adatok lehetnek p\u00e9ld\u00e1ul sz\u00f6veges dokumentumok, e-mailek, \u00fcgyf\u00e9ladatok, tranzakci\u00f3k vagy m\u00e1s form\u00e1tum\u00fa adatok.<\/p>\n<p>Az Intelligens adatfeldolgoz\u00f3 modul seg\u00edt a felhaszn\u00e1l\u00f3knak az adatok kategoriz\u00e1l\u00e1s\u00e1ban, szegment\u00e1l\u00e1s\u00e1ban \u00e9s c\u00edmk\u00e9z\u00e9s\u00e9ben. Ez\u00e1ltal az adatok k\u00f6nnyen \u00e1ttekinthet\u0151ek \u00e9s k\u00f6nnyen hozz\u00e1f\u00e9rhet\u0151ek a tov\u00e1bbi elemz\u00e9s vagy jelent\u00e9sk\u00e9sz\u00edt\u00e9s c\u00e9lj\u00e1b\u00f3l.<\/p>\n<p>A modul lehet\u0151s\u00e9get biztos\u00edt az adatok intelligens inform\u00e1ci\u00f3kk\u00e1 t\u00f6rt\u00e9n\u0151 \u00e1talak\u00edt\u00e1s\u00e1ra. Ez mag\u00e1ban foglalhatja az adatokhoz kapcsol\u00f3d\u00f3 trendek, mint\u00e1zatok vagy statisztik\u00e1k azonos\u00edt\u00e1s\u00e1t, valamint az \u00e9rt\u00e9kes \u00fczleti inform\u00e1ci\u00f3k kiemel\u00e9s\u00e9t.<\/p>\n<p>Az Intelligens adatfeldolgoz\u00f3 modul \u00e1ltal\u00e1ban k\u00e9pes automatikusan felismerni \u00e9s kezelni az adatokat, bele\u00e9rtve az adatok import\u00e1l\u00e1s\u00e1t, export\u00e1l\u00e1s\u00e1t, \u00e1talak\u00edt\u00e1s\u00e1t vagy \u00f6sszekapcsol\u00e1s\u00e1t m\u00e1s rendszerekkel vagy alkalmaz\u00e1sokkal.<\/p>\n<p>Ezenk\u00edv\u00fcl a modul \u00e1ltal\u00e1ban t\u00e1mogatja az adatok vizualiz\u00e1ci\u00f3j\u00e1t, p\u00e9ld\u00e1ul grafikonok, diagramok vagy t\u00e1bl\u00e1zatok form\u00e1j\u00e1ban. Ez lehet\u0151v\u00e9 teszi a felhaszn\u00e1l\u00f3k sz\u00e1m\u00e1ra, hogy k\u00f6nnyen \u00e9rtelmezz\u00e9k \u00e9s megossz\u00e1k az adatokat m\u00e1sokkal.<\/p>\n<p>Az Intelligens adatfeldolgoz\u00f3 modul lehet\u0151s\u00e9get ny\u00fajthat az adatok automatikus feldolgoz\u00e1s\u00e1ra \u00e9s jelent\u00e9sek gener\u00e1l\u00e1s\u00e1ra is. Ez seg\u00edti a hat\u00e9konyabb d\u00f6nt\u00e9shozatalt \u00e9s az \u00fczleti folyamatok jav\u00edt\u00e1s\u00e1t.<\/p>\n<p>\u00d6sszess\u00e9g\u00e9ben az Intelligens adatfeldolgoz\u00f3 modul seg\u00edt a v\u00e1llalatoknak vagy szervezeteknek az adatok hat\u00e9konyabb \u00e9s intelligensebb feldolgoz\u00e1s\u00e1ban a Helpfordesk rendszeren bel\u00fcl. Ez el\u0151seg\u00edti az adatvez\u00e9relt d\u00f6nt\u00e9shozatalt, az \u00fczleti hat\u00e9konys\u00e1got \u00e9s a jobb \u00fczleti eredm\u00e9nyek el\u00e9r\u00e9s\u00e9t.<\/p>\n<\/div>\n<\/div>\n<\/div>\n<\/div><\/div><\/div><\/div><\/div><\/p>\n","protected":false},"excerpt":{"rendered":"","protected":false},"author":1,"featured_media":0,"parent":0,"menu_order":0,"comment_status":"closed","ping_status":"closed","template":"","meta":{"_bbp_topic_count":0,"_bbp_reply_count":0,"_bbp_total_topic_count":0,"_bbp_total_reply_count":0,"_bbp_voice_count":0,"_bbp_anonymous_reply_count":0,"_bbp_topic_count_hidden":0,"_bbp_reply_count_hidden":0,"_bbp_forum_subforum_count":0,"footnotes":"","_wp_rev_ctl_limit":""},"class_list":["post-9458","page","type-page","status-publish","hentry"],"_links":{"self":[{"href":"https:\/\/www.helpfordesk.com\/hu\/wp-json\/wp\/v2\/pages\/9458","targetHints":{"allow":["GET"]}}],"collection":[{"href":"https:\/\/www.helpfordesk.com\/hu\/wp-json\/wp\/v2\/pages"}],"about":[{"href":"https:\/\/www.helpfordesk.com\/hu\/wp-json\/wp\/v2\/types\/page"}],"author":[{"embeddable":true,"href":"https:\/\/www.helpfordesk.com\/hu\/wp-json\/wp\/v2\/users\/1"}],"replies":[{"embeddable":true,"href":"https:\/\/www.helpfordesk.com\/hu\/wp-json\/wp\/v2\/comments?post=9458"}],"version-history":[{"count":0,"href":"https:\/\/www.helpfordesk.com\/hu\/wp-json\/wp\/v2\/pages\/9458\/revisions"}],"wp:attachment":[{"href":"https:\/\/www.helpfordesk.com\/hu\/wp-json\/wp\/v2\/media?parent=9458"}],"curies":[{"name":"wp","href":"https:\/\/api.w.org\/{rel}","templated":true}]}}