{"id":9438,"date":"2023-06-14T14:54:07","date_gmt":"2023-06-14T12:54:07","guid":{"rendered":"https:\/\/www.helpfordesk.com\/hu\/?page_id=9438"},"modified":"2023-06-14T15:04:47","modified_gmt":"2023-06-14T13:04:47","slug":"helpfordesk-modulok-leltar-keszito-modul-targyi-eszkoz","status":"publish","type":"page","link":"https:\/\/www.helpfordesk.com\/hu\/helpfordesk-modulok-leltar-keszito-modul-targyi-eszkoz\/","title":{"rendered":"Helpfordesk modulok, Lelt\u00e1r k\u00e9sz\u00edt\u0151 modul, t\u00e1rgyi eszk\u00f6z"},"content":{"rendered":"<p><div class=\"fusion-fullwidth fullwidth-box fusion-builder-row-1 fusion-flex-container has-pattern-background has-mask-background nonhundred-percent-fullwidth non-hundred-percent-height-scrolling\" style=\"--awb-border-radius-top-left:0px;--awb-border-radius-top-right:0px;--awb-border-radius-bottom-right:0px;--awb-border-radius-bottom-left:0px;--awb-flex-wrap:wrap;\" ><div class=\"fusion-builder-row fusion-row fusion-flex-align-items-flex-start fusion-flex-content-wrap\" style=\"max-width:1248px;margin-left: calc(-4% \/ 2 );margin-right: calc(-4% \/ 2 );\"><div class=\"fusion-layout-column fusion_builder_column fusion-builder-column-0 fusion_builder_column_1_1 1_1 fusion-flex-column\" style=\"--awb-padding-bottom:130px;--awb-bg-size:cover;--awb-width-large:100%;--awb-margin-top-large:0px;--awb-spacing-right-large:1.92%;--awb-margin-bottom-large:20px;--awb-spacing-left-large:1.92%;--awb-width-medium:100%;--awb-order-medium:0;--awb-spacing-right-medium:1.92%;--awb-spacing-left-medium:1.92%;--awb-width-small:100%;--awb-order-small:0;--awb-spacing-right-small:1.92%;--awb-spacing-left-small:1.92%;\" data-scroll-devices=\"small-visibility,medium-visibility,large-visibility\"><div class=\"fusion-column-wrapper lazyload fusion-column-has-shadow fusion-flex-justify-content-flex-start fusion-content-layout-column fusion-column-has-bg-image\" data-bg-url=\"https:\/\/www.helpfordesk.com\/hu\/wp-content\/uploads\/sites\/2\/2023\/05\/Digitalis_iroda_egyszeru_jelenleti_iv_iktato-program.png\" data-bg=\"https:\/\/www.helpfordesk.com\/hu\/wp-content\/uploads\/sites\/2\/2023\/05\/Digitalis_iroda_egyszeru_jelenleti_iv_iktato-program.png\"><div class=\"fusion-builder-row fusion-builder-row-inner fusion-row fusion-flex-align-items-flex-start fusion-flex-content-wrap\" style=\"--awb-flex-grow:0;--awb-flex-grow-medium:0;--awb-flex-grow-small:0;--awb-flex-shrink:0;--awb-flex-shrink-medium:0;--awb-flex-shrink-small:0;width:104% !important;max-width:104% !important;margin-left: calc(-4% \/ 2 );margin-right: calc(-4% \/ 2 );\"><div class=\"fusion-layout-column fusion_builder_column_inner fusion-builder-nested-column-0 fusion_builder_column_inner_2_3 2_3 fusion-flex-column fusion-flex-align-self-flex-start\" style=\"--awb-padding-left:30px;--awb-overflow:hidden;--awb-bg-color:var(--awb-color1);--awb-bg-color-hover:var(--awb-color1);--awb-bg-size:cover;--awb-border-radius:8px 8px 8px 8px;--awb-width-large:66.666666666667%;--awb-margin-top-large:120px;--awb-spacing-right-large:2.88%;--awb-margin-bottom-large:20px;--awb-spacing-left-large:70px;--awb-width-medium:66.666666666667%;--awb-order-medium:0;--awb-spacing-right-medium:2.88%;--awb-spacing-left-medium:70px;--awb-width-small:100%;--awb-order-small:0;--awb-spacing-right-small:1.92%;--awb-spacing-left-small:1.92%;\" data-scroll-devices=\"small-visibility,medium-visibility,large-visibility\"><div class=\"fusion-column-wrapper fusion-column-has-shadow fusion-flex-justify-content-space-between fusion-content-layout-row fusion-flex-align-items-center\"><div class=\"fusion-title title fusion-title-1 fusion-sep-none fusion-title-text fusion-title-size-one\" style=\"--awb-text-color:var(--awb-custom_color_1);--awb-margin-top-small:10px;--awb-margin-right-small:0px;--awb-margin-bottom-small:10px;--awb-margin-left-small:0px;--awb-font-size:var(--awb-typography1-font-size);\"><h1 class=\"fusion-title-heading title-heading-left\" style=\"font-family:-apple-system, BlinkMacSystemFont, &#039;Segoe UI&#039;, Roboto, Oxygen-Sans, Ubuntu, Cantarell, &#039;Helvetica Neue&#039; ,sans-serif;font-style:normal;font-weight:400;margin:0;letter-spacing:var(--awb-typography2-letter-spacing);font-size:1em;line-height:var(--awb-typography2-line-height);\">Lelt\u00e1r k\u00e9sz\u00edt\u0151 modul,<br \/>\nt\u00e1rgyi eszk\u00f6z, k\u00e9szlet lelt\u00e1r<\/h1><\/div><\/div><\/div><\/div><\/div><\/div><\/div><\/div><div class=\"fusion-fullwidth fullwidth-box fusion-builder-row-2 fusion-flex-container has-pattern-background has-mask-background nonhundred-percent-fullwidth non-hundred-percent-height-scrolling\" style=\"--awb-border-radius-top-left:0px;--awb-border-radius-top-right:0px;--awb-border-radius-bottom-right:0px;--awb-border-radius-bottom-left:0px;--awb-flex-wrap:wrap;\" ><div class=\"fusion-builder-row fusion-row fusion-flex-align-items-flex-start fusion-flex-content-wrap\" style=\"max-width:1248px;margin-left: calc(-4% \/ 2 );margin-right: calc(-4% \/ 2 );\"><div class=\"fusion-layout-column fusion_builder_column fusion-builder-column-1 fusion_builder_column_1_1 1_1 fusion-flex-column\" style=\"--awb-bg-size:cover;--awb-width-large:100%;--awb-margin-top-large:0px;--awb-spacing-right-large:1.92%;--awb-margin-bottom-large:20px;--awb-spacing-left-large:1.92%;--awb-width-medium:100%;--awb-order-medium:0;--awb-spacing-right-medium:1.92%;--awb-spacing-left-medium:1.92%;--awb-width-small:100%;--awb-order-small:0;--awb-spacing-right-small:1.92%;--awb-spacing-left-small:1.92%;\"><div class=\"fusion-column-wrapper fusion-column-has-shadow fusion-flex-justify-content-flex-start fusion-content-layout-column\"><div class=\"fusion-text fusion-text-1\"><div class=\"flex flex-grow flex-col gap-3\">\n<div class=\"min-h-&#091;20px&#093; flex flex-col items-start gap-4 whitespace-pre-wrap break-words\">\n<div class=\"markdown prose w-full break-words dark:prose-invert dark\">\n<p>A Lelt\u00e1r k\u00e9sz\u00edt\u0151 modul a Helpfordesk rendszerben egy olyan eszk\u00f6zt k\u00edn\u00e1l, amely lehet\u0151v\u00e9 teszi a v\u00e1llalatok vagy szervezetek sz\u00e1m\u00e1ra az eszk\u00f6z\u00f6k vagy k\u00e9szletek hat\u00e9kony lelt\u00e1rk\u00e9sz\u00edt\u00e9s\u00e9t \u00e9s nyomon k\u00f6vet\u00e9s\u00e9t.<\/p>\n<p>Ez a modul lehet\u0151v\u00e9 teszi a felhaszn\u00e1l\u00f3k sz\u00e1m\u00e1ra az eszk\u00f6z\u00f6k vagy k\u00e9szletek felv\u00e9tel\u00e9t \u00e9s r\u00f6gz\u00edt\u00e9s\u00e9t a rendszerben. A felhaszn\u00e1l\u00f3k \u00e1ltal\u00e1ban adhatnak hozz\u00e1 \u00faj eszk\u00f6z\u00f6ket vagy term\u00e9keket, \u00e9s megadhatj\u00e1k a relev\u00e1ns inform\u00e1ci\u00f3kat, mint p\u00e9ld\u00e1ul a n\u00e9v, az azonos\u00edt\u00f3, a kateg\u00f3ria, a mennyis\u00e9g stb.<\/p>\n<p>A Lelt\u00e1r k\u00e9sz\u00edt\u0151 modul lehet\u0151s\u00e9get biztos\u00edt a felhaszn\u00e1l\u00f3knak az eszk\u00f6z\u00f6k vagy term\u00e9kek k\u00e9szletm\u00f3dos\u00edt\u00e1sainak r\u00f6gz\u00edt\u00e9s\u00e9re. Ez mag\u00e1ban foglalhatja az \u00faj eszk\u00f6z\u00f6k felv\u00e9tel\u00e9t, a megl\u00e9v\u0151k mennyis\u00e9g\u00e9nek friss\u00edt\u00e9s\u00e9t, vagy ak\u00e1r a k\u00e9szletb\u0151l t\u00f6rt\u00e9n\u0151 elt\u00e1vol\u00edt\u00e1st. Ez seg\u00edt a val\u00f3s idej\u0171 k\u00e9szletnyilv\u00e1ntart\u00e1s fenntart\u00e1s\u00e1ban \u00e9s a pontos inform\u00e1ci\u00f3k nyomon k\u00f6vet\u00e9s\u00e9ben.<\/p>\n<p>A Lelt\u00e1r k\u00e9sz\u00edt\u0151 modul lehet\u0151v\u00e9 teszi a felhaszn\u00e1l\u00f3k sz\u00e1m\u00e1ra a k\u00e9szletek keres\u00e9s\u00e9t, rendez\u00e9s\u00e9t \u00e9s sz\u0171r\u00e9s\u00e9t a rendszerben. Ez\u00e1ltal k\u00f6nnyen megtal\u00e1lhatj\u00e1k a keresett eszk\u00f6z\u00f6ket vagy term\u00e9keket, \u00e9s \u00e1ttekinthetik azok aktu\u00e1lis \u00e1llapot\u00e1t vagy rendelkez\u00e9sre \u00e1ll\u00e1s\u00e1t.<\/p>\n<p>Emellett a modul gyakran tartalmazhat tov\u00e1bbi funkci\u00f3kat is, p\u00e9ld\u00e1ul a k\u00e9szletmozg\u00e1sok napl\u00f3z\u00e1s\u00e1t vagy a k\u00e9szletfigyelmeztet\u00e9sek be\u00e1ll\u00edt\u00e1s\u00e1t. Ez seg\u00edt az eszk\u00f6z\u00f6k vagy term\u00e9kek hat\u00e9konyabb kezel\u00e9s\u00e9ben \u00e9s az id\u0151ben t\u00f6rt\u00e9n\u0151 beavatkoz\u00e1sban, ha sz\u00fcks\u00e9ges.<\/p>\n<p>\u00d6sszess\u00e9g\u00e9ben a Lelt\u00e1r k\u00e9sz\u00edt\u0151 modul seg\u00edt a v\u00e1llalatoknak vagy szervezeteknek a k\u00e9szletek vagy eszk\u00f6z\u00f6k hat\u00e9kony lelt\u00e1rk\u00e9sz\u00edt\u00e9s\u00e9ben, nyomon k\u00f6vet\u00e9s\u00e9ben \u00e9s kezel\u00e9s\u00e9ben a Helpfordesk rendszeren bel\u00fcl. Ez el\u0151seg\u00edti a k\u00e9szletek pontosabb \u00e9s hat\u00e9konyabb kezel\u00e9s\u00e9t, valamint az esetleges hi\u00e1nyoss\u00e1gok vagy probl\u00e9m\u00e1k id\u0151ben t\u00f6rt\u00e9n\u0151 azonos\u00edt\u00e1s\u00e1t.<\/p>\n<\/div>\n<\/div>\n<\/div>\n<\/div><\/div><\/div><\/div><\/div><\/p>\n","protected":false},"excerpt":{"rendered":"","protected":false},"author":1,"featured_media":0,"parent":0,"menu_order":0,"comment_status":"closed","ping_status":"closed","template":"","meta":{"_bbp_topic_count":0,"_bbp_reply_count":0,"_bbp_total_topic_count":0,"_bbp_total_reply_count":0,"_bbp_voice_count":0,"_bbp_anonymous_reply_count":0,"_bbp_topic_count_hidden":0,"_bbp_reply_count_hidden":0,"_bbp_forum_subforum_count":0,"footnotes":"","_wp_rev_ctl_limit":""},"class_list":["post-9438","page","type-page","status-publish","hentry"],"_links":{"self":[{"href":"https:\/\/www.helpfordesk.com\/hu\/wp-json\/wp\/v2\/pages\/9438","targetHints":{"allow":["GET"]}}],"collection":[{"href":"https:\/\/www.helpfordesk.com\/hu\/wp-json\/wp\/v2\/pages"}],"about":[{"href":"https:\/\/www.helpfordesk.com\/hu\/wp-json\/wp\/v2\/types\/page"}],"author":[{"embeddable":true,"href":"https:\/\/www.helpfordesk.com\/hu\/wp-json\/wp\/v2\/users\/1"}],"replies":[{"embeddable":true,"href":"https:\/\/www.helpfordesk.com\/hu\/wp-json\/wp\/v2\/comments?post=9438"}],"version-history":[{"count":0,"href":"https:\/\/www.helpfordesk.com\/hu\/wp-json\/wp\/v2\/pages\/9438\/revisions"}],"wp:attachment":[{"href":"https:\/\/www.helpfordesk.com\/hu\/wp-json\/wp\/v2\/media?parent=9438"}],"curies":[{"name":"wp","href":"https:\/\/api.w.org\/{rel}","templated":true}]}}