{"id":9426,"date":"2023-06-14T14:05:07","date_gmt":"2023-06-14T12:05:07","guid":{"rendered":"https:\/\/www.helpfordesk.com\/hu\/?page_id=9426"},"modified":"2023-06-14T14:10:58","modified_gmt":"2023-06-14T12:10:58","slug":"helpfordesk-modulok-munkaido-nyilvantarto-modul-szabadsag-kezelo","status":"publish","type":"page","link":"https:\/\/www.helpfordesk.com\/hu\/helpfordesk-modulok-munkaido-nyilvantarto-modul-szabadsag-kezelo\/","title":{"rendered":"Helpfordesk modulok, Munkaid\u0151 nyilv\u00e1ntart\u00f3 modul , Szabads\u00e1g kezel\u0151"},"content":{"rendered":"<p><div class=\"fusion-fullwidth fullwidth-box fusion-builder-row-1 fusion-flex-container has-pattern-background has-mask-background nonhundred-percent-fullwidth non-hundred-percent-height-scrolling\" style=\"--awb-border-radius-top-left:0px;--awb-border-radius-top-right:0px;--awb-border-radius-bottom-right:0px;--awb-border-radius-bottom-left:0px;--awb-flex-wrap:wrap;\" ><div class=\"fusion-builder-row fusion-row fusion-flex-align-items-flex-start fusion-flex-content-wrap\" style=\"max-width:1248px;margin-left: calc(-4% \/ 2 );margin-right: calc(-4% \/ 2 );\"><div class=\"fusion-layout-column fusion_builder_column fusion-builder-column-0 fusion_builder_column_1_1 1_1 fusion-flex-column\" style=\"--awb-padding-bottom:130px;--awb-bg-size:cover;--awb-width-large:100%;--awb-margin-top-large:0px;--awb-spacing-right-large:1.92%;--awb-margin-bottom-large:20px;--awb-spacing-left-large:1.92%;--awb-width-medium:100%;--awb-order-medium:0;--awb-spacing-right-medium:1.92%;--awb-spacing-left-medium:1.92%;--awb-width-small:100%;--awb-order-small:0;--awb-spacing-right-small:1.92%;--awb-spacing-left-small:1.92%;\" data-scroll-devices=\"small-visibility,medium-visibility,large-visibility\"><div class=\"fusion-column-wrapper lazyload fusion-column-has-shadow fusion-flex-justify-content-flex-start fusion-content-layout-column fusion-column-has-bg-image\" data-bg-url=\"https:\/\/www.helpfordesk.com\/hu\/wp-content\/uploads\/sites\/2\/2023\/05\/Digitalis_iroda_egyszeru_jelenleti_iv_iktato-program.png\" data-bg=\"https:\/\/www.helpfordesk.com\/hu\/wp-content\/uploads\/sites\/2\/2023\/05\/Digitalis_iroda_egyszeru_jelenleti_iv_iktato-program.png\"><div class=\"fusion-builder-row fusion-builder-row-inner fusion-row fusion-flex-align-items-flex-start fusion-flex-content-wrap\" style=\"--awb-flex-grow:0;--awb-flex-grow-medium:0;--awb-flex-grow-small:0;--awb-flex-shrink:0;--awb-flex-shrink-medium:0;--awb-flex-shrink-small:0;width:104% !important;max-width:104% !important;margin-left: calc(-4% \/ 2 );margin-right: calc(-4% \/ 2 );\"><div class=\"fusion-layout-column fusion_builder_column_inner fusion-builder-nested-column-0 fusion_builder_column_inner_2_3 2_3 fusion-flex-column fusion-flex-align-self-flex-start\" style=\"--awb-padding-left:30px;--awb-overflow:hidden;--awb-bg-color:var(--awb-color1);--awb-bg-color-hover:var(--awb-color1);--awb-bg-size:cover;--awb-border-radius:8px 8px 8px 8px;--awb-width-large:66.666666666667%;--awb-margin-top-large:120px;--awb-spacing-right-large:2.88%;--awb-margin-bottom-large:20px;--awb-spacing-left-large:70px;--awb-width-medium:66.666666666667%;--awb-order-medium:0;--awb-spacing-right-medium:2.88%;--awb-spacing-left-medium:70px;--awb-width-small:100%;--awb-order-small:0;--awb-spacing-right-small:1.92%;--awb-spacing-left-small:1.92%;\" data-scroll-devices=\"small-visibility,medium-visibility,large-visibility\"><div class=\"fusion-column-wrapper fusion-column-has-shadow fusion-flex-justify-content-space-between fusion-content-layout-row fusion-flex-align-items-center\"><div class=\"fusion-title title fusion-title-1 fusion-sep-none fusion-title-text fusion-title-size-one\" style=\"--awb-text-color:var(--awb-custom_color_1);--awb-margin-top-small:10px;--awb-margin-right-small:0px;--awb-margin-bottom-small:10px;--awb-margin-left-small:0px;--awb-font-size:var(--awb-typography1-font-size);\"><h1 class=\"fusion-title-heading title-heading-left\" style=\"font-family:-apple-system, BlinkMacSystemFont, &#039;Segoe UI&#039;, Roboto, Oxygen-Sans, Ubuntu, Cantarell, &#039;Helvetica Neue&#039; ,sans-serif;font-style:normal;font-weight:400;margin:0;letter-spacing:var(--awb-typography2-letter-spacing);font-size:1em;line-height:var(--awb-typography2-line-height);\">Munkaid\u0151 nyilv\u00e1ntart\u00f3 modul,<br \/>\nSzabads\u00e1g kezel\u0151<\/h1><\/div><\/div><\/div><\/div><\/div><\/div><\/div><\/div><div class=\"fusion-fullwidth fullwidth-box fusion-builder-row-2 fusion-flex-container has-pattern-background has-mask-background nonhundred-percent-fullwidth non-hundred-percent-height-scrolling\" style=\"--awb-border-radius-top-left:0px;--awb-border-radius-top-right:0px;--awb-border-radius-bottom-right:0px;--awb-border-radius-bottom-left:0px;--awb-flex-wrap:wrap;\" ><div class=\"fusion-builder-row fusion-row fusion-flex-align-items-flex-start fusion-flex-content-wrap\" style=\"max-width:1248px;margin-left: calc(-4% \/ 2 );margin-right: calc(-4% \/ 2 );\"><div class=\"fusion-layout-column fusion_builder_column fusion-builder-column-1 fusion_builder_column_1_1 1_1 fusion-flex-column\" style=\"--awb-bg-size:cover;--awb-width-large:100%;--awb-margin-top-large:0px;--awb-spacing-right-large:1.92%;--awb-margin-bottom-large:20px;--awb-spacing-left-large:1.92%;--awb-width-medium:100%;--awb-order-medium:0;--awb-spacing-right-medium:1.92%;--awb-spacing-left-medium:1.92%;--awb-width-small:100%;--awb-order-small:0;--awb-spacing-right-small:1.92%;--awb-spacing-left-small:1.92%;\"><div class=\"fusion-column-wrapper fusion-column-has-shadow fusion-flex-justify-content-flex-start fusion-content-layout-column\"><div class=\"fusion-text fusion-text-1\"><div class=\"flex flex-grow flex-col gap-3\">\n<div class=\"min-h-&#091;20px&#093; flex flex-col items-start gap-4 whitespace-pre-wrap break-words\">\n<div class=\"markdown prose w-full break-words dark:prose-invert dark\">\n<p>A Szabads\u00e1g kezel\u0151 modul a Helpfordesk rendszerben egy olyan eszk\u00f6zt k\u00edn\u00e1l, amely lehet\u0151v\u00e9 teszi a szervezetek sz\u00e1m\u00e1ra a dolgoz\u00f3k szabads\u00e1gig\u00e9nyeinek hat\u00e9kony kezel\u00e9s\u00e9t \u00e9s nyomon k\u00f6vet\u00e9s\u00e9t.<\/p>\n<p>Ez a modul lehet\u0151v\u00e9 teszi a dolgoz\u00f3k sz\u00e1m\u00e1ra, hogy k\u00e9relmezz\u00e9k a szabads\u00e1got, \u00e9s r\u00f6gz\u00edts\u00e9k az ig\u00e9nyelt id\u0151tartamot. Az ig\u00e9nyl\u00e9si folyamat \u00e1ltal\u00e1ban online form\u00e1ban t\u00f6rt\u00e9nik, ahol a dolgoz\u00f3k kiv\u00e1laszthatj\u00e1k a szabads\u00e1g t\u00edpus\u00e1t (pl. fizetett szabads\u00e1g, betegszabads\u00e1g stb.), megadhatj\u00e1k a kezd\u0151 \u00e9s befejez\u0151 d\u00e1tumot, valamint esetleg megjegyz\u00e9seket is hozz\u00e1adhatnak.<\/p>\n<p>A Szabads\u00e1g kezel\u0151 modul lehet\u0151v\u00e9 teszi a vezet\u0151k vagy HR-szem\u00e9lyzet sz\u00e1m\u00e1ra a szabads\u00e1gk\u00e9relmek j\u00f3v\u00e1hagy\u00e1s\u00e1t vagy elutas\u00edt\u00e1s\u00e1t. Ez \u00e1ltal\u00e1ban a rendszeren bel\u00fcl t\u00f6rt\u00e9nik, ahol a k\u00e9relmeket \u00e1ttekintik, \u00e9s d\u00f6nt\u00e9st hoznak r\u00f3luk. A dolgoz\u00f3k \u00e9rtes\u00edt\u00e9st kapnak a k\u00e9relem st\u00e1tusz\u00e1r\u00f3l, p\u00e9ld\u00e1ul elfogadva vagy elutas\u00edtva.<\/p>\n<p>Ezenk\u00edv\u00fcl a modul lehet\u0151s\u00e9get ad a szabads\u00e1gok nyomon k\u00f6vet\u00e9s\u00e9re \u00e9s adminisztr\u00e1ci\u00f3j\u00e1ra. Az HR-szem\u00e9lyzet vagy vezet\u0151k \u00e1ttekinthetik a dolgoz\u00f3k szabads\u00e1gait, \u00e9s napl\u00f3ban vagy napt\u00e1r n\u00e9zetben l\u00e1thatj\u00e1k a kihaszn\u00e1l\u00e1st. Ez seg\u00edt a tervez\u00e9sben \u00e9s az er\u0151forr\u00e1sok hat\u00e9konyabb eloszt\u00e1s\u00e1ban.<\/p>\n<p>A Szabads\u00e1g kezel\u0151 modul gyakran tartalmazhat tov\u00e1bbi funkci\u00f3kat is, p\u00e9ld\u00e1ul a szabads\u00e1gok egyenleg\u00e9nek sz\u00e1m\u00edt\u00e1s\u00e1t vagy a szabads\u00e1gokra vonatkoz\u00f3 szab\u00e1lyok testreszabhat\u00f3s\u00e1g\u00e1t. Ez lehet\u0151v\u00e9 teszi a szervezetek sz\u00e1m\u00e1ra, hogy az adott v\u00e1llalati politik\u00e1khoz \u00e9s szab\u00e1lyokhoz igazodjanak.<\/p>\n<p>\u00d6sszess\u00e9g\u00e9ben a Szabads\u00e1g kezel\u0151 modul egy hat\u00e9kony eszk\u00f6z a szervezetek sz\u00e1m\u00e1ra a dolgoz\u00f3k szabads\u00e1gig\u00e9nyeinek kezel\u00e9s\u00e9re, nyomon k\u00f6vet\u00e9s\u00e9re \u00e9s adminisztr\u00e1l\u00e1s\u00e1ra a Helpfordesk rendszeren bel\u00fcl.<\/p>\n<\/div>\n<\/div>\n<\/div>\n<\/div><\/div><\/div><\/div><\/div><\/p>\n","protected":false},"excerpt":{"rendered":"","protected":false},"author":1,"featured_media":0,"parent":0,"menu_order":0,"comment_status":"closed","ping_status":"closed","template":"","meta":{"_bbp_topic_count":0,"_bbp_reply_count":0,"_bbp_total_topic_count":0,"_bbp_total_reply_count":0,"_bbp_voice_count":0,"_bbp_anonymous_reply_count":0,"_bbp_topic_count_hidden":0,"_bbp_reply_count_hidden":0,"_bbp_forum_subforum_count":0,"footnotes":"","_wp_rev_ctl_limit":""},"class_list":["post-9426","page","type-page","status-publish","hentry"],"_links":{"self":[{"href":"https:\/\/www.helpfordesk.com\/hu\/wp-json\/wp\/v2\/pages\/9426","targetHints":{"allow":["GET"]}}],"collection":[{"href":"https:\/\/www.helpfordesk.com\/hu\/wp-json\/wp\/v2\/pages"}],"about":[{"href":"https:\/\/www.helpfordesk.com\/hu\/wp-json\/wp\/v2\/types\/page"}],"author":[{"embeddable":true,"href":"https:\/\/www.helpfordesk.com\/hu\/wp-json\/wp\/v2\/users\/1"}],"replies":[{"embeddable":true,"href":"https:\/\/www.helpfordesk.com\/hu\/wp-json\/wp\/v2\/comments?post=9426"}],"version-history":[{"count":0,"href":"https:\/\/www.helpfordesk.com\/hu\/wp-json\/wp\/v2\/pages\/9426\/revisions"}],"wp:attachment":[{"href":"https:\/\/www.helpfordesk.com\/hu\/wp-json\/wp\/v2\/media?parent=9426"}],"curies":[{"name":"wp","href":"https:\/\/api.w.org\/{rel}","templated":true}]}}