{"id":9408,"date":"2023-06-13T23:31:41","date_gmt":"2023-06-13T21:31:41","guid":{"rendered":"https:\/\/www.helpfordesk.com\/hu\/?page_id=9408"},"modified":"2023-07-23T22:05:34","modified_gmt":"2023-07-23T20:05:34","slug":"helpfordesk-modulok-feladat-kezelo-modul","status":"publish","type":"page","link":"https:\/\/www.helpfordesk.com\/hu\/helpfordesk-modulok-feladat-kezelo-modul\/","title":{"rendered":"Helpfordesk modulok, Feladat kezel\u0151 modul"},"content":{"rendered":"<p><div class=\"fusion-fullwidth fullwidth-box fusion-builder-row-1 fusion-flex-container has-pattern-background has-mask-background nonhundred-percent-fullwidth non-hundred-percent-height-scrolling\" style=\"--awb-border-radius-top-left:0px;--awb-border-radius-top-right:0px;--awb-border-radius-bottom-right:0px;--awb-border-radius-bottom-left:0px;--awb-flex-wrap:wrap;\" ><div class=\"fusion-builder-row fusion-row fusion-flex-align-items-flex-start fusion-flex-content-wrap\" style=\"max-width:1248px;margin-left: calc(-4% \/ 2 );margin-right: calc(-4% \/ 2 );\"><div class=\"fusion-layout-column fusion_builder_column fusion-builder-column-0 fusion_builder_column_1_1 1_1 fusion-flex-column\" style=\"--awb-padding-bottom:130px;--awb-bg-size:cover;--awb-width-large:100%;--awb-margin-top-large:0px;--awb-spacing-right-large:1.92%;--awb-margin-bottom-large:20px;--awb-spacing-left-large:1.92%;--awb-width-medium:100%;--awb-order-medium:0;--awb-spacing-right-medium:1.92%;--awb-spacing-left-medium:1.92%;--awb-width-small:100%;--awb-order-small:0;--awb-spacing-right-small:1.92%;--awb-spacing-left-small:1.92%;\" data-scroll-devices=\"small-visibility,medium-visibility,large-visibility\"><div class=\"fusion-column-wrapper lazyload fusion-column-has-shadow fusion-flex-justify-content-flex-start fusion-content-layout-column fusion-column-has-bg-image\" data-bg-url=\"https:\/\/www.helpfordesk.com\/hu\/wp-content\/uploads\/sites\/2\/2023\/05\/Digitalis_iroda_egyszeru_jelenleti_iv_iktato-program.png\" data-bg=\"https:\/\/www.helpfordesk.com\/hu\/wp-content\/uploads\/sites\/2\/2023\/05\/Digitalis_iroda_egyszeru_jelenleti_iv_iktato-program.png\"><div class=\"fusion-builder-row fusion-builder-row-inner fusion-row fusion-flex-align-items-flex-start fusion-flex-content-wrap\" style=\"--awb-flex-grow:0;--awb-flex-grow-medium:0;--awb-flex-grow-small:0;--awb-flex-shrink:0;--awb-flex-shrink-medium:0;--awb-flex-shrink-small:0;width:104% !important;max-width:104% !important;margin-left: calc(-4% \/ 2 );margin-right: calc(-4% \/ 2 );\"><div class=\"fusion-layout-column fusion_builder_column_inner fusion-builder-nested-column-0 fusion_builder_column_inner_3_5 3_5 fusion-flex-column fusion-flex-align-self-flex-start\" style=\"--awb-padding-left:30px;--awb-overflow:hidden;--awb-bg-color:var(--awb-color1);--awb-bg-color-hover:var(--awb-color1);--awb-bg-size:cover;--awb-border-radius:8px 8px 8px 8px;--awb-width-large:60%;--awb-margin-top-large:120px;--awb-spacing-right-large:3.2%;--awb-margin-bottom-large:20px;--awb-spacing-left-large:70px;--awb-width-medium:60%;--awb-order-medium:0;--awb-spacing-right-medium:3.2%;--awb-spacing-left-medium:70px;--awb-width-small:100%;--awb-order-small:0;--awb-spacing-right-small:1.92%;--awb-spacing-left-small:1.92%;\" data-scroll-devices=\"small-visibility,medium-visibility,large-visibility\"><div class=\"fusion-column-wrapper fusion-column-has-shadow fusion-flex-justify-content-space-between fusion-content-layout-row fusion-flex-align-items-center\"><div class=\"fusion-title title fusion-title-1 fusion-sep-none fusion-title-text fusion-title-size-one\" style=\"--awb-text-color:var(--awb-custom_color_1);--awb-margin-top-small:10px;--awb-margin-right-small:0px;--awb-margin-bottom-small:10px;--awb-margin-left-small:0px;--awb-font-size:var(--awb-typography1-font-size);\"><h1 class=\"fusion-title-heading title-heading-left\" style=\"font-family:-apple-system, BlinkMacSystemFont, &#039;Segoe UI&#039;, Roboto, Oxygen-Sans, Ubuntu, Cantarell, &#039;Helvetica Neue&#039; ,sans-serif;font-style:normal;font-weight:400;margin:0;letter-spacing:var(--awb-typography2-letter-spacing);font-size:1em;line-height:var(--awb-typography2-line-height);\">Feladatok kezel\u0151 modul<\/h1><\/div><\/div><\/div><\/div><\/div><\/div><\/div><\/div><div class=\"fusion-fullwidth fullwidth-box fusion-builder-row-2 fusion-flex-container has-pattern-background has-mask-background nonhundred-percent-fullwidth non-hundred-percent-height-scrolling\" style=\"--awb-border-radius-top-left:0px;--awb-border-radius-top-right:0px;--awb-border-radius-bottom-right:0px;--awb-border-radius-bottom-left:0px;--awb-flex-wrap:wrap;\" ><div class=\"fusion-builder-row fusion-row fusion-flex-align-items-flex-start fusion-flex-content-wrap\" style=\"max-width:1248px;margin-left: calc(-4% \/ 2 );margin-right: calc(-4% \/ 2 );\"><div class=\"fusion-layout-column fusion_builder_column fusion-builder-column-1 fusion_builder_column_3_4 3_4 fusion-flex-column\" style=\"--awb-bg-size:cover;--awb-width-large:75%;--awb-margin-top-large:0px;--awb-spacing-right-large:2.56%;--awb-margin-bottom-large:20px;--awb-spacing-left-large:2.56%;--awb-width-medium:75%;--awb-order-medium:0;--awb-spacing-right-medium:2.56%;--awb-spacing-left-medium:2.56%;--awb-width-small:100%;--awb-order-small:0;--awb-spacing-right-small:1.92%;--awb-spacing-left-small:1.92%;\"><div class=\"fusion-column-wrapper fusion-column-has-shadow fusion-flex-justify-content-flex-start fusion-content-layout-column\"><div class=\"fusion-title title fusion-title-2 fusion-sep-none fusion-title-text fusion-title-size-two\" style=\"--awb-margin-top-small:10px;--awb-margin-right-small:0px;--awb-margin-bottom-small:10px;--awb-margin-left-small:0px;--awb-font-size:var(--awb-typography2-font-size);\"><h2 class=\"fusion-title-heading title-heading-left\" style=\"font-family:var(--awb-typography2-font-family);font-weight:var(--awb-typography2-font-weight);font-style:var(--awb-typography2-font-style);margin:0;letter-spacing:var(--awb-typography2-letter-spacing);text-transform:var(--awb-typography2-text-transform);font-size:1em;line-height:var(--awb-typography2-line-height);\">Feladat kezel\u0151 modul<\/h2><\/div><div class=\"fusion-text fusion-text-1\"><p style=\"padding-left: 40px;\">A Feladat kezel\u0151 modul lehet\u0151v\u00e9 teszi a felhaszn\u00e1l\u00f3k sz\u00e1m\u00e1ra, hogy hat\u00e9konyan kezelj\u00e9k \u00e9s nyomon k\u00f6vess\u00e9k a be\u00e9rkez\u0151 feladatokat \u00e9s k\u00e9r\u00e9seket. Ez a modul \u00e1tfog\u00f3 eszk\u00f6z\u00f6ket \u00e9s funkci\u00f3kat biztos\u00edt a feladatok felv\u00e9tel\u00e9hez, hozz\u00e1rendel\u00e9s\u00e9hez, nyomon k\u00f6vet\u00e9s\u00e9hez \u00e9s dokument\u00e1l\u00e1s\u00e1hoz.<\/p>\n<p style=\"padding-left: 40px;\">A Feladat kezel\u0151 modulban a felhaszn\u00e1l\u00f3k l\u00e9trehozhatnak \u00faj feladatokat, \u00e9s ezeket k\u00fcl\u00f6nb\u00f6z\u0151 kateg\u00f3ri\u00e1kba, priorit\u00e1sokba vagy st\u00e1tuszokba sorolhatj\u00e1k. Ez seg\u00edt az \u00fcgyf\u00e9lszolg\u00e1lati vagy t\u00e1mogat\u00f3 csapatoknak azonnal reag\u00e1lni a feladatokra \u00e9s azok s\u00fcrg\u0151ss\u00e9g\u00e9re.<\/p>\n<p style=\"padding-left: 40px;\">Emellett a modul lehet\u0151v\u00e9 teszi a felhaszn\u00e1l\u00f3k sz\u00e1m\u00e1ra a feladatok hozz\u00e1rendel\u00e9s\u00e9t k\u00fcl\u00f6nb\u00f6z\u0151 csapattagokhoz vagy munkat\u00e1rsakhoz, valamint a hat\u00e1rid\u0151k \u00e9s \u00fctemez\u00e9s be\u00e1ll\u00edt\u00e1s\u00e1t. Ez seg\u00edt az er\u0151forr\u00e1sok hat\u00e9konyabb eloszt\u00e1s\u00e1ban \u00e9s a feladatok hat\u00e9konyabb v\u00e9grehajt\u00e1s\u00e1ban.<\/p>\n<p style=\"padding-left: 40px;\">A Feladat kezel\u0151 modul \u00e1tl\u00e1that\u00f3 \u00e9s k\u00f6nnyen haszn\u00e1lhat\u00f3 fel\u00fcletet k\u00edn\u00e1l a felhaszn\u00e1l\u00f3k sz\u00e1m\u00e1ra a feladatok list\u00e1z\u00e1s\u00e1hoz, keres\u00e9s\u00e9hez \u00e9s rendez\u00e9s\u00e9hez. Emellett gyakran tartalmazhat tov\u00e1bbi funkci\u00f3kat, p\u00e9ld\u00e1ul feljegyz\u00e9seket, mell\u00e9kleteket vagy kommunik\u00e1ci\u00f3s eszk\u00f6z\u00f6ket a feladatokhoz kapcsol\u00f3d\u00f3 inform\u00e1ci\u00f3k \u00e9s egy\u00fcttm\u0171k\u00f6d\u00e9si lehet\u0151s\u00e9gek megoszt\u00e1s\u00e1hoz.<\/p>\n<p>\u00d6sszess\u00e9g\u00e9ben a Feladat kezel\u0151<\/p>\n<\/div><div class=\"fusion-title title fusion-title-3 fusion-sep-none fusion-title-text fusion-title-size-one\" style=\"--awb-margin-top-small:10px;--awb-margin-right-small:0px;--awb-margin-bottom-small:10px;--awb-margin-left-small:0px;--awb-font-size:var(--awb-typography2-font-size);\"><h1 class=\"fusion-title-heading title-heading-left\" style=\"font-family:var(--awb-typography2-font-family);font-weight:var(--awb-typography2-font-weight);font-style:var(--awb-typography2-font-style);margin:0;letter-spacing:var(--awb-typography2-letter-spacing);text-transform:var(--awb-typography2-text-transform);font-size:1em;line-height:var(--awb-typography2-line-height);\"><h2>Tov\u00e1bbi \u00e9rdekes tartalmak!<\/h2><\/h1><\/div><\/div><\/div><\/div><\/div><\/p>\n","protected":false},"excerpt":{"rendered":"","protected":false},"author":1,"featured_media":0,"parent":0,"menu_order":0,"comment_status":"closed","ping_status":"closed","template":"","meta":{"_bbp_topic_count":0,"_bbp_reply_count":0,"_bbp_total_topic_count":0,"_bbp_total_reply_count":0,"_bbp_voice_count":0,"_bbp_anonymous_reply_count":0,"_bbp_topic_count_hidden":0,"_bbp_reply_count_hidden":0,"_bbp_forum_subforum_count":0,"footnotes":"","_wp_rev_ctl_limit":""},"class_list":["post-9408","page","type-page","status-publish","hentry"],"_links":{"self":[{"href":"https:\/\/www.helpfordesk.com\/hu\/wp-json\/wp\/v2\/pages\/9408","targetHints":{"allow":["GET"]}}],"collection":[{"href":"https:\/\/www.helpfordesk.com\/hu\/wp-json\/wp\/v2\/pages"}],"about":[{"href":"https:\/\/www.helpfordesk.com\/hu\/wp-json\/wp\/v2\/types\/page"}],"author":[{"embeddable":true,"href":"https:\/\/www.helpfordesk.com\/hu\/wp-json\/wp\/v2\/users\/1"}],"replies":[{"embeddable":true,"href":"https:\/\/www.helpfordesk.com\/hu\/wp-json\/wp\/v2\/comments?post=9408"}],"version-history":[{"count":0,"href":"https:\/\/www.helpfordesk.com\/hu\/wp-json\/wp\/v2\/pages\/9408\/revisions"}],"wp:attachment":[{"href":"https:\/\/www.helpfordesk.com\/hu\/wp-json\/wp\/v2\/media?parent=9408"}],"curies":[{"name":"wp","href":"https:\/\/api.w.org\/{rel}","templated":true}]}}