{"id":9354,"date":"2023-06-13T15:05:51","date_gmt":"2023-06-13T13:05:51","guid":{"rendered":"https:\/\/www.helpfordesk.com\/hu\/?page_id=9354"},"modified":"2024-11-03T09:22:11","modified_gmt":"2024-11-03T08:22:11","slug":"szerzodes-nyilvantartasi-rendszer-szerzodes-nyilvantarto-program","status":"publish","type":"page","link":"https:\/\/www.helpfordesk.com\/hu\/szerzodes-nyilvantartasi-rendszer-szerzodes-nyilvantarto-program\/","title":{"rendered":"Szerz\u0151d\u00e9s nyilv\u00e1ntart\u00e1si rendszer, Szerz\u0151d\u00e9s nyilv\u00e1ntart\u00f3 program"},"content":{"rendered":"<p><div class=\"fusion-fullwidth fullwidth-box fusion-builder-row-1 fusion-flex-container has-pattern-background has-mask-background nonhundred-percent-fullwidth non-hundred-percent-height-scrolling\" style=\"--awb-border-radius-top-left:0px;--awb-border-radius-top-right:0px;--awb-border-radius-bottom-right:0px;--awb-border-radius-bottom-left:0px;--awb-flex-wrap:wrap;\" ><div class=\"fusion-builder-row fusion-row fusion-flex-align-items-flex-start fusion-flex-content-wrap\" style=\"max-width:1248px;margin-left: calc(-4% \/ 2 );margin-right: calc(-4% \/ 2 );\"><div class=\"fusion-layout-column fusion_builder_column fusion-builder-column-0 fusion_builder_column_1_1 1_1 fusion-flex-column\" style=\"--awb-padding-bottom:130px;--awb-bg-size:cover;--awb-width-large:100%;--awb-margin-top-large:0px;--awb-spacing-right-large:1.92%;--awb-margin-bottom-large:20px;--awb-spacing-left-large:1.92%;--awb-width-medium:100%;--awb-order-medium:0;--awb-spacing-right-medium:1.92%;--awb-spacing-left-medium:1.92%;--awb-width-small:100%;--awb-order-small:0;--awb-spacing-right-small:1.92%;--awb-spacing-left-small:1.92%;\" data-scroll-devices=\"small-visibility,medium-visibility,large-visibility\"><div class=\"fusion-column-wrapper lazyload fusion-column-has-shadow fusion-flex-justify-content-flex-start fusion-content-layout-column fusion-column-has-bg-image\" data-bg-url=\"https:\/\/www.helpfordesk.com\/hu\/wp-content\/uploads\/sites\/2\/2024\/11\/Helpfordesk_header_10-1024x306.jpg\" data-bg=\"https:\/\/www.helpfordesk.com\/hu\/wp-content\/uploads\/sites\/2\/2024\/11\/Helpfordesk_header_10-1024x306.jpg\"><div class=\"fusion-builder-row fusion-builder-row-inner fusion-row fusion-flex-align-items-flex-start fusion-flex-content-wrap\" style=\"--awb-flex-grow:0;--awb-flex-grow-medium:0;--awb-flex-grow-small:0;--awb-flex-shrink:0;--awb-flex-shrink-medium:0;--awb-flex-shrink-small:0;width:104% !important;max-width:104% !important;margin-left: calc(-4% \/ 2 );margin-right: calc(-4% \/ 2 );\"><div class=\"fusion-layout-column fusion_builder_column_inner fusion-builder-nested-column-0 fusion_builder_column_inner_3_5 3_5 fusion-flex-column fusion-flex-align-self-flex-start\" style=\"--awb-padding-left:30px;--awb-overflow:hidden;--awb-bg-color:var(--awb-color1);--awb-bg-color-hover:var(--awb-color1);--awb-bg-size:cover;--awb-border-radius:8px 8px 8px 8px;--awb-width-large:60%;--awb-margin-top-large:120px;--awb-spacing-right-large:3.2%;--awb-margin-bottom-large:20px;--awb-spacing-left-large:70px;--awb-width-medium:60%;--awb-order-medium:0;--awb-spacing-right-medium:3.2%;--awb-spacing-left-medium:70px;--awb-width-small:100%;--awb-order-small:0;--awb-spacing-right-small:1.92%;--awb-spacing-left-small:1.92%;\" data-scroll-devices=\"small-visibility,medium-visibility,large-visibility\"><div class=\"fusion-column-wrapper fusion-column-has-shadow fusion-flex-justify-content-space-between fusion-content-layout-row fusion-flex-align-items-center\"><div class=\"fusion-title title fusion-title-1 fusion-sep-none fusion-title-text fusion-title-size-one\" style=\"--awb-text-color:var(--awb-custom_color_1);--awb-margin-top-small:10px;--awb-margin-right-small:0px;--awb-margin-bottom-small:10px;--awb-margin-left-small:0px;--awb-font-size:var(--awb-typography1-font-size);\"><h1 class=\"fusion-title-heading title-heading-left\" style=\"font-family:-apple-system, BlinkMacSystemFont, &#039;Segoe UI&#039;, Roboto, Oxygen-Sans, Ubuntu, Cantarell, &#039;Helvetica Neue&#039; ,sans-serif;font-style:normal;font-weight:400;margin:0;letter-spacing:var(--awb-typography2-letter-spacing);font-size:1em;line-height:var(--awb-typography2-line-height);\">Szerz\u0151d\u00e9s nyilv\u00e1ntart\u00e1si rendszer,<br \/>\nSzerz\u0151d\u00e9s nyilv\u00e1ntart\u00f3 program<\/h1><\/div><\/div><\/div><\/div><\/div><\/div><\/div><\/div><div class=\"fusion-fullwidth fullwidth-box fusion-builder-row-2 fusion-flex-container has-pattern-background has-mask-background nonhundred-percent-fullwidth non-hundred-percent-height-scrolling\" style=\"--awb-border-radius-top-left:0px;--awb-border-radius-top-right:0px;--awb-border-radius-bottom-right:0px;--awb-border-radius-bottom-left:0px;--awb-flex-wrap:wrap;\" ><div class=\"fusion-builder-row fusion-row fusion-flex-align-items-flex-start fusion-flex-content-wrap\" style=\"max-width:1248px;margin-left: calc(-4% \/ 2 );margin-right: calc(-4% \/ 2 );\"><div class=\"fusion-layout-column fusion_builder_column fusion-builder-column-1 fusion_builder_column_1_1 1_1 fusion-flex-column\" style=\"--awb-bg-size:cover;--awb-width-large:100%;--awb-margin-top-large:0px;--awb-spacing-right-large:1.92%;--awb-margin-bottom-large:20px;--awb-spacing-left-large:1.92%;--awb-width-medium:100%;--awb-order-medium:0;--awb-spacing-right-medium:1.92%;--awb-spacing-left-medium:1.92%;--awb-width-small:100%;--awb-order-small:0;--awb-spacing-right-small:1.92%;--awb-spacing-left-small:1.92%;\"><div class=\"fusion-column-wrapper fusion-column-has-shadow fusion-flex-justify-content-flex-start fusion-content-layout-column\"><div class=\"fusion-title title fusion-title-2 fusion-sep-none fusion-title-text fusion-title-size-two\" style=\"--awb-margin-top-small:10px;--awb-margin-right-small:0px;--awb-margin-bottom-small:10px;--awb-margin-left-small:0px;\"><h2 class=\"fusion-title-heading title-heading-left\" style=\"margin:0;\">Szerz\u0151d\u00e9s nyilv\u00e1ntart\u00f3 \u00e9s iratkezel\u0151 digit\u00e1lisan a Helpfordesk-ben!<\/h2><\/div><div class=\"fusion-text fusion-text-1\"><div class=\"flex max-w-full flex-col flex-grow\">\n<div class=\"min-h-8 text-message flex w-full flex-col items-end gap-2 whitespace-normal break-words &#091;.text-message+&amp;&#093;:mt-5\" dir=\"auto\" data-message-author-role=\"assistant\" data-message-id=\"345165f0-ea61-4776-9728-080175d3463a\" data-message-model-slug=\"gpt-4o\">\n<div class=\"flex w-full flex-col gap-1 empty:hidden first:pt-&#091;3px&#093;\">\n<div class=\"markdown prose w-full break-words dark:prose-invert dark\">\n<p>A Helpfordesk szerz\u0151d\u00e9snyilv\u00e1ntart\u00f3 \u00e9s iratkezel\u0151 modulja lehet\u0151v\u00e9 teszi a v\u00e1llalkoz\u00e1sok sz\u00e1m\u00e1ra, hogy digit\u00e1lisan \u00e9s hat\u00e9konyan kezelj\u00e9k a szerz\u0151d\u00e9seket, mindezt egy k\u00f6zponti helyen.<\/p>\n<p>Ez a megold\u00e1s biztos\u00edtja, hogy a szerz\u0151d\u00e9sek rendszerez\u00e9se, t\u00e1rol\u00e1sa \u00e9s nyomon k\u00f6vet\u00e9se g\u00f6rd\u00fcl\u00e9kenyen t\u00f6rt\u00e9njen. A rendszer automatikusan \u00e9rtes\u00edt a hat\u00e1rid\u0151k, felmond\u00e1si id\u0151pontok k\u00f6zeledt\u00e9r\u0151l, \u00edgy seg\u00edt megel\u0151zni a szerz\u0151d\u00e9sek lej\u00e1rat\u00e1b\u00f3l fakad\u00f3 probl\u00e9m\u00e1kat. Ennek k\u00f6sz\u00f6nhet\u0151en a v\u00e1llalkoz\u00e1sok id\u0151ben meg\u00faj\u00edthatj\u00e1k, m\u00f3dos\u00edthatj\u00e1k vagy megsz\u00fcntethetik a szerz\u0151d\u00e9seket.<\/p>\n<blockquote>\n<p>Az elektronikus t\u00e1rol\u00e1s r\u00e9v\u00e9n hozz\u00e1j\u00e1rul a pap\u00edrmentes irodai k\u00f6rnyezet kialak\u00edt\u00e1s\u00e1hoz, \u00e9s hossz\u00fa t\u00e1v\u00fa, biztons\u00e1gos hozz\u00e1f\u00e9r\u00e9st biztos\u00edt a dokumentumokhoz. Ez cs\u00f6kkenti az adminisztrat\u00edv terheket \u00e9s minimaliz\u00e1lja a fizikai dokumentumok elveszt\u00e9s\u00e9nek kock\u00e1zat\u00e1t.<\/p>\n<\/blockquote>\n<h2>Mi\u00e9rt j\u00f3 ez?<\/h2>\n<p>Az automatiz\u00e1lt szerz\u0151d\u00e9skezel\u00e9s leegyszer\u0171s\u00edti a dokumentumkezel\u00e9st, cs\u00f6kkenti a manu\u00e1lis hib\u00e1k es\u00e9ly\u00e9t, \u00e9s id\u0151t takar\u00edt meg. Mindez nagyobb \u00e1tl\u00e1that\u00f3s\u00e1got \u00e9s hat\u00e9konys\u00e1got biztos\u00edt, lehet\u0151v\u00e9 t\u00e9ve, hogy a v\u00e1llalkoz\u00e1sok a kulcsfontoss\u00e1g\u00fa feladataikra \u00f6sszpontos\u00edtsanak.<\/p>\n<p>Az \u00e1tfog\u00f3 digitaliz\u00e1ci\u00f3 \u00e9s az automatiz\u00e1lt figyelmeztet\u00e9sek haszn\u00e1lata r\u00e9v\u00e9n a Helpfordesk szerz\u0151d\u00e9snyilv\u00e1ntart\u00f3 modulja nemcsak a jogi megfelel\u0151s\u00e9get t\u00e1mogatja, hanem seg\u00edt a szerz\u0151d\u00e9sek jobb \u00e1tl\u00e1that\u00f3s\u00e1g\u00e1ban \u00e9s a v\u00e1llalat mindennapi m\u0171k\u00f6d\u00e9s\u00e9nek optimaliz\u00e1l\u00e1s\u00e1ban.<\/p>\n<\/div>\n<\/div>\n<\/div>\n<\/div>\n<div class=\"mb-2 flex gap-3 empty:hidden -ml-2\">\n<div class=\"items-center justify-start rounded-xl p-1 flex\">\n<div class=\"flex items-center\"><\/div>\n<\/div>\n<\/div>\n<\/div><div class=\"fusion-title title fusion-title-3 fusion-sep-none fusion-title-text fusion-title-size-three\" style=\"--awb-margin-top-small:10px;--awb-margin-right-small:0px;--awb-margin-bottom-small:10px;--awb-margin-left-small:0px;--awb-font-size:var(--awb-typography3-font-size);\"><h3 class=\"fusion-title-heading title-heading-left\" style=\"font-family:var(--awb-typography3-font-family);font-weight:var(--awb-typography3-font-weight);font-style:var(--awb-typography3-font-style);margin:0;letter-spacing:var(--awb-typography3-letter-spacing);text-transform:var(--awb-typography3-text-transform);font-size:1em;line-height:var(--awb-typography3-line-height);\">Haszn\u00e1lja ki ezt az lehet\u0151s\u00e9get, \u00e9s fedezze fel a Helpfordesk rendszer\u00e9nek el\u0151nyeit ingyenesen, biztons\u00e1gosan \u00e9s kock\u00e1zatmentesen!<\/h3><\/div><div class=\"fusion-image-element \" style=\"--awb-caption-title-font-family:var(--h2_typography-font-family);--awb-caption-title-font-weight:var(--h2_typography-font-weight);--awb-caption-title-font-style:var(--h2_typography-font-style);--awb-caption-title-size:var(--h2_typography-font-size);--awb-caption-title-transform:var(--h2_typography-text-transform);--awb-caption-title-line-height:var(--h2_typography-line-height);--awb-caption-title-letter-spacing:var(--h2_typography-letter-spacing);\"><span class=\" fusion-imageframe imageframe-none imageframe-1 hover-type-none\"><img decoding=\"async\" width=\"1024\" height=\"714\" alt=\"Szerz\u0151d\u00e9s nyilv\u00e1ntart\u00e1s digit\u00e1lisan\" title=\"Helpfordesk dokumentumkezelo\u030b rendszer egy olyan felho\u030b szoftver\" src=\"https:\/\/www.helpfordesk.com\/hu\/wp-content\/uploads\/sites\/2\/2024\/10\/Helpfordesk-dokumentumkezelo-rendszer-egy-olyan-felho-szoftver.png\" data-orig-src=\"https:\/\/www.helpfordesk.com\/hu\/wp-content\/uploads\/sites\/2\/2024\/10\/Helpfordesk-dokumentumkezelo-rendszer-egy-olyan-felho-szoftver-1024x714.png\" class=\"lazyload img-responsive wp-image-16909\" srcset=\"data:image\/svg+xml,%3Csvg%20xmlns%3D%27http%3A%2F%2Fwww.w3.org%2F2000%2Fsvg%27%20width%3D%272176%27%20height%3D%271518%27%20viewBox%3D%270%200%202176%201518%27%3E%3Crect%20width%3D%272176%27%20height%3D%271518%27%20fill-opacity%3D%220%22%2F%3E%3C%2Fsvg%3E\" data-srcset=\"https:\/\/www.helpfordesk.com\/hu\/wp-content\/uploads\/sites\/2\/2024\/10\/Helpfordesk-dokumentumkezelo-rendszer-egy-olyan-felho-szoftver-200x140.png 200w, https:\/\/www.helpfordesk.com\/hu\/wp-content\/uploads\/sites\/2\/2024\/10\/Helpfordesk-dokumentumkezelo-rendszer-egy-olyan-felho-szoftver-400x279.png 400w, https:\/\/www.helpfordesk.com\/hu\/wp-content\/uploads\/sites\/2\/2024\/10\/Helpfordesk-dokumentumkezelo-rendszer-egy-olyan-felho-szoftver-600x419.png 600w, https:\/\/www.helpfordesk.com\/hu\/wp-content\/uploads\/sites\/2\/2024\/10\/Helpfordesk-dokumentumkezelo-rendszer-egy-olyan-felho-szoftver-800x558.png 800w, https:\/\/www.helpfordesk.com\/hu\/wp-content\/uploads\/sites\/2\/2024\/10\/Helpfordesk-dokumentumkezelo-rendszer-egy-olyan-felho-szoftver-1200x837.png 1200w\" data-sizes=\"auto\" data-orig-sizes=\"(max-width: 640px) 100vw, 1200px\" \/><\/span><\/div><div class=\"fusion-image-element \" style=\"--awb-caption-title-font-family:var(--h2_typography-font-family);--awb-caption-title-font-weight:var(--h2_typography-font-weight);--awb-caption-title-font-style:var(--h2_typography-font-style);--awb-caption-title-size:var(--h2_typography-font-size);--awb-caption-title-transform:var(--h2_typography-text-transform);--awb-caption-title-line-height:var(--h2_typography-line-height);--awb-caption-title-letter-spacing:var(--h2_typography-letter-spacing);\"><span class=\" fusion-imageframe imageframe-none imageframe-2 hover-type-none\"><img decoding=\"async\" width=\"4192\" height=\"870\" alt=\"szerzodes nyilvantartasi program digit\u00e1lisan\" title=\"szerzodes nyilvantartasi program villa\u0301mgyors visszakerese\u0301s\" src=\"https:\/\/www.helpfordesk.com\/hu\/wp-content\/uploads\/sites\/2\/2023\/06\/szerzodes-nyilvantartasi-program-villamgyors-visszakereses.png\" data-orig-src=\"https:\/\/www.helpfordesk.com\/hu\/wp-content\/uploads\/sites\/2\/2023\/06\/szerzodes-nyilvantartasi-program-villamgyors-visszakereses.png\" class=\"lazyload img-responsive wp-image-9367\" srcset=\"data:image\/svg+xml,%3Csvg%20xmlns%3D%27http%3A%2F%2Fwww.w3.org%2F2000%2Fsvg%27%20width%3D%274192%27%20height%3D%27870%27%20viewBox%3D%270%200%204192%20870%27%3E%3Crect%20width%3D%274192%27%20height%3D%27870%27%20fill-opacity%3D%220%22%2F%3E%3C%2Fsvg%3E\" data-srcset=\"https:\/\/www.helpfordesk.com\/hu\/wp-content\/uploads\/sites\/2\/2023\/06\/szerzodes-nyilvantartasi-program-villamgyors-visszakereses-200x42.png 200w, https:\/\/www.helpfordesk.com\/hu\/wp-content\/uploads\/sites\/2\/2023\/06\/szerzodes-nyilvantartasi-program-villamgyors-visszakereses-400x83.png 400w, https:\/\/www.helpfordesk.com\/hu\/wp-content\/uploads\/sites\/2\/2023\/06\/szerzodes-nyilvantartasi-program-villamgyors-visszakereses-600x125.png 600w, https:\/\/www.helpfordesk.com\/hu\/wp-content\/uploads\/sites\/2\/2023\/06\/szerzodes-nyilvantartasi-program-villamgyors-visszakereses-800x166.png 800w, https:\/\/www.helpfordesk.com\/hu\/wp-content\/uploads\/sites\/2\/2023\/06\/szerzodes-nyilvantartasi-program-villamgyors-visszakereses-1200x249.png 1200w, https:\/\/www.helpfordesk.com\/hu\/wp-content\/uploads\/sites\/2\/2023\/06\/szerzodes-nyilvantartasi-program-villamgyors-visszakereses.png 4192w\" data-sizes=\"auto\" data-orig-sizes=\"(max-width: 640px) 100vw, 1200px\" \/><\/span><\/div><\/div><\/div><\/div><\/div><\/p>\n","protected":false},"excerpt":{"rendered":"","protected":false},"author":1,"featured_media":0,"parent":0,"menu_order":0,"comment_status":"closed","ping_status":"closed","template":"","meta":{"_bbp_topic_count":0,"_bbp_reply_count":0,"_bbp_total_topic_count":0,"_bbp_total_reply_count":0,"_bbp_voice_count":0,"_bbp_anonymous_reply_count":0,"_bbp_topic_count_hidden":0,"_bbp_reply_count_hidden":0,"_bbp_forum_subforum_count":0,"footnotes":"","_wp_rev_ctl_limit":""},"class_list":["post-9354","page","type-page","status-publish","hentry"],"_links":{"self":[{"href":"https:\/\/www.helpfordesk.com\/hu\/wp-json\/wp\/v2\/pages\/9354","targetHints":{"allow":["GET"]}}],"collection":[{"href":"https:\/\/www.helpfordesk.com\/hu\/wp-json\/wp\/v2\/pages"}],"about":[{"href":"https:\/\/www.helpfordesk.com\/hu\/wp-json\/wp\/v2\/types\/page"}],"author":[{"embeddable":true,"href":"https:\/\/www.helpfordesk.com\/hu\/wp-json\/wp\/v2\/users\/1"}],"replies":[{"embeddable":true,"href":"https:\/\/www.helpfordesk.com\/hu\/wp-json\/wp\/v2\/comments?post=9354"}],"version-history":[{"count":5,"href":"https:\/\/www.helpfordesk.com\/hu\/wp-json\/wp\/v2\/pages\/9354\/revisions"}],"predecessor-version":[{"id":17254,"href":"https:\/\/www.helpfordesk.com\/hu\/wp-json\/wp\/v2\/pages\/9354\/revisions\/17254"}],"wp:attachment":[{"href":"https:\/\/www.helpfordesk.com\/hu\/wp-json\/wp\/v2\/media?parent=9354"}],"curies":[{"name":"wp","href":"https:\/\/api.w.org\/{rel}","templated":true}]}}