{"id":9321,"date":"2023-06-13T10:39:33","date_gmt":"2023-06-13T08:39:33","guid":{"rendered":"https:\/\/www.helpfordesk.com\/hu\/?page_id=9321"},"modified":"2023-06-13T10:40:49","modified_gmt":"2023-06-13T08:40:49","slug":"szamla-jovahagyas-szamla-iktatasa-szamla-nyilvantartas","status":"publish","type":"page","link":"https:\/\/www.helpfordesk.com\/hu\/szamla-jovahagyas-szamla-iktatasa-szamla-nyilvantartas\/","title":{"rendered":"sz\u00e1mla j\u00f3v\u00e1hagy\u00e1s, sz\u00e1mla iktat\u00e1sa, sz\u00e1mla nyilv\u00e1ntart\u00e1s,"},"content":{"rendered":"","protected":false},"excerpt":{"rendered":"","protected":false},"author":1,"featured_media":0,"parent":0,"menu_order":0,"comment_status":"closed","ping_status":"closed","template":"","meta":{"_bbp_topic_count":0,"_bbp_reply_count":0,"_bbp_total_topic_count":0,"_bbp_total_reply_count":0,"_bbp_voice_count":0,"_bbp_anonymous_reply_count":0,"_bbp_topic_count_hidden":0,"_bbp_reply_count_hidden":0,"_bbp_forum_subforum_count":0,"footnotes":"","_wp_rev_ctl_limit":""},"class_list":["post-9321","page","type-page","status-publish","hentry"],"_links":{"self":[{"href":"https:\/\/www.helpfordesk.com\/hu\/wp-json\/wp\/v2\/pages\/9321","targetHints":{"allow":["GET"]}}],"collection":[{"href":"https:\/\/www.helpfordesk.com\/hu\/wp-json\/wp\/v2\/pages"}],"about":[{"href":"https:\/\/www.helpfordesk.com\/hu\/wp-json\/wp\/v2\/types\/page"}],"author":[{"embeddable":true,"href":"https:\/\/www.helpfordesk.com\/hu\/wp-json\/wp\/v2\/users\/1"}],"replies":[{"embeddable":true,"href":"https:\/\/www.helpfordesk.com\/hu\/wp-json\/wp\/v2\/comments?post=9321"}],"version-history":[{"count":0,"href":"https:\/\/www.helpfordesk.com\/hu\/wp-json\/wp\/v2\/pages\/9321\/revisions"}],"wp:attachment":[{"href":"https:\/\/www.helpfordesk.com\/hu\/wp-json\/wp\/v2\/media?parent=9321"}],"curies":[{"name":"wp","href":"https:\/\/api.w.org\/{rel}","templated":true}]}}