{"id":9061,"date":"2023-06-03T16:29:21","date_gmt":"2023-06-03T14:29:21","guid":{"rendered":"https:\/\/www.helpfordesk.com\/hu\/?page_id=9061"},"modified":"2023-06-05T22:45:06","modified_gmt":"2023-06-05T20:45:06","slug":"workflow-rendszer-egyszerusitse-munkafolyamatait","status":"publish","type":"page","link":"https:\/\/www.helpfordesk.com\/hu\/workflow-rendszer-egyszerusitse-munkafolyamatait\/","title":{"rendered":"Workflow rendszer &#8211; egyszer\u0171s\u00edtse munkafolyamatait | Helpfordesk"},"content":{"rendered":"<p><div class=\"fusion-fullwidth fullwidth-box fusion-builder-row-1 fusion-flex-container has-pattern-background has-mask-background nonhundred-percent-fullwidth non-hundred-percent-height-scrolling\" style=\"--awb-border-radius-top-left:0px;--awb-border-radius-top-right:0px;--awb-border-radius-bottom-right:0px;--awb-border-radius-bottom-left:0px;--awb-flex-wrap:wrap;\" ><div class=\"fusion-builder-row fusion-row fusion-flex-align-items-flex-start fusion-flex-content-wrap\" style=\"max-width:1248px;margin-left: calc(-4% \/ 2 );margin-right: calc(-4% \/ 2 );\"><div class=\"fusion-layout-column fusion_builder_column fusion-builder-column-0 fusion_builder_column_1_1 1_1 fusion-flex-column\" style=\"--awb-padding-bottom:130px;--awb-bg-size:cover;--awb-width-large:100%;--awb-margin-top-large:0px;--awb-spacing-right-large:1.92%;--awb-margin-bottom-large:20px;--awb-spacing-left-large:1.92%;--awb-width-medium:100%;--awb-order-medium:0;--awb-spacing-right-medium:1.92%;--awb-spacing-left-medium:1.92%;--awb-width-small:100%;--awb-order-small:0;--awb-spacing-right-small:1.92%;--awb-spacing-left-small:1.92%;\" data-scroll-devices=\"small-visibility,medium-visibility,large-visibility\"><div class=\"fusion-column-wrapper lazyload fusion-column-has-shadow fusion-flex-justify-content-flex-start fusion-content-layout-column fusion-column-has-bg-image\" data-bg-url=\"https:\/\/www.helpfordesk.com\/hu\/wp-content\/uploads\/sites\/2\/2023\/05\/Digitalis_iroda_egyszeru_jelenleti_iv_iktato-program.png\" data-bg=\"https:\/\/www.helpfordesk.com\/hu\/wp-content\/uploads\/sites\/2\/2023\/05\/Digitalis_iroda_egyszeru_jelenleti_iv_iktato-program.png\"><div class=\"fusion-builder-row fusion-builder-row-inner fusion-row fusion-flex-align-items-flex-start fusion-flex-content-wrap\" style=\"--awb-flex-grow:0;--awb-flex-grow-medium:0;--awb-flex-grow-small:0;--awb-flex-shrink:0;--awb-flex-shrink-medium:0;--awb-flex-shrink-small:0;width:104% !important;max-width:104% !important;margin-left: calc(-4% \/ 2 );margin-right: calc(-4% \/ 2 );\"><div class=\"fusion-layout-column fusion_builder_column_inner fusion-builder-nested-column-0 fusion_builder_column_inner_2_3 2_3 fusion-flex-column fusion-flex-align-self-flex-start\" style=\"--awb-padding-left:30px;--awb-overflow:hidden;--awb-bg-color:var(--awb-color1);--awb-bg-color-hover:var(--awb-color1);--awb-bg-size:cover;--awb-border-radius:8px 8px 8px 8px;--awb-width-large:66.666666666667%;--awb-margin-top-large:120px;--awb-spacing-right-large:2.88%;--awb-margin-bottom-large:20px;--awb-spacing-left-large:70px;--awb-width-medium:66.666666666667%;--awb-order-medium:0;--awb-spacing-right-medium:2.88%;--awb-spacing-left-medium:70px;--awb-width-small:100%;--awb-order-small:0;--awb-spacing-right-small:1.92%;--awb-spacing-left-small:1.92%;\" data-scroll-devices=\"small-visibility,medium-visibility,large-visibility\"><div class=\"fusion-column-wrapper fusion-column-has-shadow fusion-flex-justify-content-space-between fusion-content-layout-row fusion-flex-align-items-center\"><div class=\"fusion-title title fusion-title-1 fusion-sep-none fusion-title-text fusion-title-size-one\" style=\"--awb-text-color:var(--awb-custom_color_1);--awb-margin-top-small:10px;--awb-margin-right-small:0px;--awb-margin-bottom-small:10px;--awb-margin-left-small:0px;--awb-font-size:var(--awb-typography1-font-size);\"><h1 class=\"fusion-title-heading title-heading-left\" style=\"font-family:-apple-system, BlinkMacSystemFont, &#039;Segoe UI&#039;, Roboto, Oxygen-Sans, Ubuntu, Cantarell, &#039;Helvetica Neue&#039; ,sans-serif;font-style:normal;font-weight:400;margin:0;letter-spacing:var(--awb-typography2-letter-spacing);font-size:1em;line-height:var(--awb-typography2-line-height);\">Workflow rendszerrel t\u00e1mogatott munkafolyamatok<\/h1><\/div><\/div><\/div><\/div><\/div><\/div><\/div><\/div><div class=\"fusion-fullwidth fullwidth-box fusion-builder-row-2 fusion-flex-container has-pattern-background has-mask-background nonhundred-percent-fullwidth non-hundred-percent-height-scrolling\" style=\"--awb-border-radius-top-left:0px;--awb-border-radius-top-right:0px;--awb-border-radius-bottom-right:0px;--awb-border-radius-bottom-left:0px;--awb-flex-wrap:wrap;\" ><div class=\"fusion-builder-row fusion-row fusion-flex-align-items-flex-start fusion-flex-content-wrap\" style=\"max-width:1248px;margin-left: calc(-4% \/ 2 );margin-right: calc(-4% \/ 2 );\"><div class=\"fusion-layout-column fusion_builder_column fusion-builder-column-1 fusion_builder_column_3_4 3_4 fusion-flex-column\" style=\"--awb-bg-size:cover;--awb-width-large:75%;--awb-margin-top-large:0px;--awb-spacing-right-large:2.56%;--awb-margin-bottom-large:20px;--awb-spacing-left-large:2.56%;--awb-width-medium:75%;--awb-order-medium:0;--awb-spacing-right-medium:2.56%;--awb-spacing-left-medium:2.56%;--awb-width-small:100%;--awb-order-small:0;--awb-spacing-right-small:1.92%;--awb-spacing-left-small:1.92%;\"><div class=\"fusion-column-wrapper fusion-column-has-shadow fusion-flex-justify-content-flex-start fusion-content-layout-column\"><div class=\"fusion-text fusion-text-1\"><p>A Helpfordesk seg\u00edts\u00e9g\u00e9vel gyorsabban v\u00e9gezheti el munk\u00e1j\u00e1t<\/p>\n<\/div><div class=\"fusion-text fusion-text-2\"><p>A Helpfordesk a t\u00f6k\u00e9letes munkafolyamat-rendszer, amely hat\u00e9konyan kezeli az \u00f6sszes feladatot, \u00edgy hat\u00e9konyabban dolgozhat \u00e9s gyorsabban v\u00e9gezheti el a munk\u00e1t.<\/p>\n<\/div><div class=\"fusion-title title fusion-title-2 fusion-sep-none fusion-title-text fusion-title-size-two\" style=\"--awb-margin-top-small:10px;--awb-margin-right-small:0px;--awb-margin-bottom-small:10px;--awb-margin-left-small:0px;--awb-font-size:var(--awb-typography2-font-size);\"><h2 class=\"fusion-title-heading title-heading-left\" style=\"font-family:var(--awb-typography2-font-family);font-weight:var(--awb-typography2-font-weight);font-style:var(--awb-typography2-font-style);margin:0;letter-spacing:var(--awb-typography2-letter-spacing);text-transform:var(--awb-typography2-text-transform);font-size:1em;line-height:var(--awb-typography2-line-height);\">A workflow rendszer haszn\u00e1lata a munkafolyamatok hat\u00e9konyabb kezel\u00e9s\u00e9t \u00e9s ir\u00e1ny\u00edt\u00e1s\u00e1t teszi lehet\u0151v\u00e9 a Helpfordesk szoftverben. A k\u00f6vetkez\u0151kben n\u00e9h\u00e1ny p\u00e9lda workflow-alap\u00fa munkafolyamatot sorolok fel, amelyeket a Helpfordesk t\u00e1mogathat:<\/h2><\/div><div class=\"fusion-text fusion-text-3\"><ol>\n<li>\u00dcgyf\u00e9lszolg\u00e1lati k\u00e9relemkezel\u00e9s: A workflow rendszer seg\u00edts\u00e9g\u00e9vel l\u00e9trehozhatsz egy struktur\u00e1lt folyamatot az \u00fcgyf\u00e9lszolg\u00e1lati k\u00e9relmek kezel\u00e9s\u00e9re. Az \u00faj k\u00e9relmek \u00e9rkez\u00e9sekor automatikus \u00e9rtes\u00edt\u00e9sek k\u00fcldhet\u0151k a megfelel\u0151 szem\u00e9lyeknek, akiknek az a feladatuk, hogy megvizsg\u00e1lj\u00e1k, kezelj\u00e9k \u00e9s v\u00e1laszoljanak r\u00e1juk. Az \u00fcgyf\u00e9lkapcsolati menedzsment rendszerrel t\u00f6rt\u00e9n\u0151 integr\u00e1ci\u00f3 lehet\u0151v\u00e9 teszi az \u00fcgyf\u00e9ladatok \u00e9s kor\u00e1bbi k\u00e9relmek hozz\u00e1f\u00e9r\u00e9s\u00e9t, \u00edgy a folyamat m\u00e9g hat\u00e9konyabb\u00e1 v\u00e1lik.<\/li>\n<li>Projektmenedzsment: A workflow rendszer seg\u00edthet a projektmenedzsment folyamatok kezel\u00e9s\u00e9ben. A projektekhez hozz\u00e1rendelhet\u0151k k\u00fcl\u00f6nb\u00f6z\u0151 l\u00e9p\u00e9sek \u00e9s feladatok, amelyeket a csapat tagjai k\u00f6vethetnek. Az automata feladateloszt\u00e1s \u00e9s a hat\u00e1rid\u0151k kezel\u00e9se seg\u00edt a projekt szervez\u00e9s\u00e9ben \u00e9s a hat\u00e9kony egy\u00fcttm\u0171k\u00f6d\u00e9sben.<\/li>\n<li>J\u00f3v\u00e1hagy\u00e1si folyamatok: A workflow rendszer lehet\u0151v\u00e9 teszi a j\u00f3v\u00e1hagy\u00e1si folyamatok automatiz\u00e1l\u00e1s\u00e1t. P\u00e9ld\u00e1ul, ha sz\u00e1ml\u00e1k j\u00f3v\u00e1hagy\u00e1s\u00e1ra van sz\u00fcks\u00e9g, a szoftver automatikusan tov\u00e1bb\u00edthatja a sz\u00e1ml\u00e1t a megfelel\u0151 szem\u00e9lyeknek j\u00f3v\u00e1hagy\u00e1sra, figyelembe v\u00e9ve az el\u0151re meghat\u00e1rozott szab\u00e1lyokat \u00e9s hierarchi\u00e1t. Ez felgyors\u00edtja \u00e9s rendszerezett\u00e9 teszi a j\u00f3v\u00e1hagy\u00e1si folyamatot.<\/li>\n<li>Hibakezel\u00e9s \u00e9s jav\u00edt\u00e1si folyamatok: Amikor hib\u00e1k vagy probl\u00e9m\u00e1k mer\u00fclnek fel a Helpfordesk szoftverrel kapcsolatban, a workflow rendszer seg\u00edthet a hibakezel\u00e9si \u00e9s jav\u00edt\u00e1si folyamatok kezel\u00e9s\u00e9ben. Automatikus \u00e9rtes\u00edt\u00e9sek \u00e9s feladatok l\u00e9trehoz\u00e1sa a hibajegyek kezel\u00e9s\u00e9re, az incidensek prioritiz\u00e1l\u00e1sa \u00e9s nyomon k\u00f6vet\u00e9se.<\/li>\n<li>Felhaszn\u00e1l\u00f3i enged\u00e9lyez\u00e9s \u00e9s hozz\u00e1f\u00e9r\u00e9s-kezel\u00e9s: A workflow rendszer seg\u00edts\u00e9g\u00e9vel hat\u00e9konyan kezelhet\u0151k a felhaszn\u00e1l\u00f3i enged\u00e9lyez\u00e9si folyamatok \u00e9s a hozz\u00e1f\u00e9r\u00e9s-kezel\u00e9s. Az \u00faj felhaszn\u00e1l\u00f3k regisztr\u00e1ci\u00f3ja \u00e9s az enged\u00e9lyez\u00e9si folyamat automatiz\u00e1l\u00e1sa seg\u00edt a biztons\u00e1gos \u00e9s hat\u00e9kony felhaszn\u00e1l\u00f3i hozz\u00e1f\u00e9r\u00e9s kezel\u00e9s\u00e9ben.<\/li>\n<\/ol>\n<\/div><div class=\"fusion-title title fusion-title-3 fusion-sep-none fusion-title-text fusion-title-size-one\" style=\"--awb-margin-top-small:10px;--awb-margin-right-small:0px;--awb-margin-bottom-small:10px;--awb-margin-left-small:0px;\"><h1 class=\"fusion-title-heading title-heading-left\" style=\"margin:0;\"><blockquote><p>Ezek csak n\u00e9h\u00e1ny p\u00e9lda a workflow rendszerrel t\u00e1mogatott munkafolyamatokra, amelyeket be\u00e9p\u00edthetsz a Helpfordesk szoftveredbe. Fontos az \u00fczleti ig\u00e9nyek alapos felt\u00e9rk\u00e9pez\u00e9se \u00e9s a folyamatok testreszab\u00e1sa a Helpfordesk-hez igazodva. A workflow rendszer seg\u00edts\u00e9g\u00e9vel a munkafolyamatok hat\u00e9konyabb\u00e1 v\u00e1lhatnak, a feladatok k\u00f6vethet\u0151k \u00e9s a folyamatok jobban ir\u00e1ny\u00edthat\u00f3k.<\/p><\/blockquote><\/h1><\/div><\/div><\/div><div class=\"fusion-layout-column fusion_builder_column fusion-builder-column-2 awb-sticky awb-sticky-small awb-sticky-medium awb-sticky-large fusion_builder_column_1_4 1_4 fusion-flex-column\" style=\"--awb-padding-top:30px;--awb-bg-size:cover;--awb-width-large:25%;--awb-margin-top-large:0px;--awb-spacing-right-large:7.68%;--awb-margin-bottom-large:20px;--awb-spacing-left-large:7.68%;--awb-width-medium:25%;--awb-order-medium:0;--awb-spacing-right-medium:7.68%;--awb-spacing-left-medium:7.68%;--awb-width-small:100%;--awb-order-small:0;--awb-spacing-right-small:1.92%;--awb-spacing-left-small:1.92%;\" data-scroll-devices=\"small-visibility,medium-visibility,large-visibility\"><div class=\"fusion-column-wrapper fusion-column-has-shadow fusion-flex-justify-content-flex-start fusion-content-layout-column\"><div class=\"fusion-blog-shortcode fusion-blog-shortcode-1 fusion-blog-archive fusion-blog-layout-large fusion-blog-no\" style=\"--awb-title-font-size:var(--awb-typography2-font-size);--awb-title-line-height:var(--awb-typography2-line-height);--awb-title-letter-spacing:var(--awb-typography2-letter-spacing);--awb-title-text-transform:var(--awb-typography2-text-transform);--awb-timeline-title-font-size:var(--awb-typography4-font-size);--awb-timeline-title-line-height:var(--awb-typography4-line-height);--awb-timeline-title-letter-spacing:var(--awb-typography4-letter-spacing);--awb-timeline-title-text-transform:var(--awb-typography4-text-transform);--awb-title-font-family:var(--awb-typography2-font-family);--awb-title-font-weight:var(--awb-typography2-font-weight);--awb-title-font-style:var(--awb-typography2-font-style);--awb-timeline-title-font-family:var(--awb-typography4-font-family);--awb-timeline-title-font-weight:var(--awb-typography4-font-weight);--awb-timeline-title-font-style:var(--awb-typography4-font-style);\"><div class=\"fusion-posts-container fusion-posts-container-no fusion-blog-rollover\" data-pages=\"171\"><article id=\"blog-1-post-19631\" class=\"fusion-post-large post-19631 post type-post status-publish format-standard has-post-thumbnail hentry category-hirek\">\n\t<style type=\"text\/css\">\n\t\t\n\t\t\n\t\t\n\t\t\n\t\t\t<\/style>\n\n\n\t\t\t<div class=\"fusion-flexslider flexslider fusion-flexslider-loading fusion-post-slideshow\" style=\"\">\n\t\t<ul class=\"slides\">\n\t\t\t\n\t\t\t\t\t\t\t\t\t\t\t\t\t\t<li><div  class=\"fusion-image-wrapper\" aria-haspopup=\"true\">\n\t\t\t\t<img decoding=\"async\" width=\"1080\" height=\"1350\" src=\"https:\/\/www.helpfordesk.com\/hu\/wp-content\/uploads\/sites\/2\/2026\/04\/Digitalis-tavolletkezeles-\u2013-atlathatoan.png\" class=\"attachment-full size-full lazyload wp-post-image\" alt=\"Mi\u00e9rt \u00e9rdemes digit\u00e1lis jelenl\u00e9t- \u00e9s t\u00e1voll\u00e9tkezel\u0151t haszn\u00e1lni?\" srcset=\"data:image\/svg+xml,%3Csvg%20xmlns%3D%27http%3A%2F%2Fwww.w3.org%2F2000%2Fsvg%27%20width%3D%271080%27%20height%3D%271350%27%20viewBox%3D%270%200%201080%201350%27%3E%3Crect%20width%3D%271080%27%20height%3D%271350%27%20fill-opacity%3D%220%22%2F%3E%3C%2Fsvg%3E\" data-orig-src=\"https:\/\/www.helpfordesk.com\/hu\/wp-content\/uploads\/sites\/2\/2026\/04\/Digitalis-tavolletkezeles-\u2013-atlathatoan.png\" data-srcset=\"https:\/\/www.helpfordesk.com\/hu\/wp-content\/uploads\/sites\/2\/2026\/04\/Digitalis-tavolletkezeles-\u2013-atlathatoan-200x250.png 200w, https:\/\/www.helpfordesk.com\/hu\/wp-content\/uploads\/sites\/2\/2026\/04\/Digitalis-tavolletkezeles-\u2013-atlathatoan-400x500.png 400w, https:\/\/www.helpfordesk.com\/hu\/wp-content\/uploads\/sites\/2\/2026\/04\/Digitalis-tavolletkezeles-\u2013-atlathatoan-600x750.png 600w, https:\/\/www.helpfordesk.com\/hu\/wp-content\/uploads\/sites\/2\/2026\/04\/Digitalis-tavolletkezeles-\u2013-atlathatoan-800x1000.png 800w, https:\/\/www.helpfordesk.com\/hu\/wp-content\/uploads\/sites\/2\/2026\/04\/Digitalis-tavolletkezeles-\u2013-atlathatoan.png 1080w\" data-sizes=\"auto\" \/><div class=\"fusion-rollover\">\n\t<div class=\"fusion-rollover-content\">\n\n\t\t\t\t\t\t\t\t\t\t\t\t\t\t<a class=\"fusion-rollover-link\" href=\"https:\/\/www.helpfordesk.com\/hu\/hirek\/miert-erdemes-digitalis-jelenlet-es-tavolletkezelot-hasznalni\/\">Mi\u00e9rt \u00e9rdemes digit\u00e1lis jelenl\u00e9t- \u00e9s t\u00e1voll\u00e9tkezel\u0151t haszn\u00e1lni?<\/a>\n\t\t\t\n\t\t\t\t\t\t\t\t\t\t\t\t\t\t\n\t\t\t\t\t\t\t\t\n\t\t\t\t\t\t\t\t\t\t\t\t\t<div class=\"fusion-rollover-sep\"><\/div>\n\t\t\t\t\n\t\t\t\t\t\t\t\t\t\t\t\t\t\t\t\t\t\t<a class=\"fusion-rollover-gallery\" href=\"https:\/\/www.helpfordesk.com\/hu\/wp-content\/uploads\/sites\/2\/2026\/04\/Digitalis-tavolletkezeles-\u2013-atlathatoan.png\" data-options=\"\" data-id=\"19631\" data-rel=\"iLightbox[gallery]\" data-title=\"Digita\u0301lis ta\u0301volle\u0301tkezele\u0301s \u2013 a\u0301tla\u0301thato\u0301an\" data-caption=\"Mi\u00e9rt \u00e9rdemes digit\u00e1lis jelenl\u00e9t- \u00e9s t\u00e1voll\u00e9tkezel\u0151t haszn\u00e1lni?\">\n\t\t\t\t\t\tGal\u00e9ria\t\t\t\t\t<\/a>\n\t\t\t\t\t\t\t\t\t\t\t\t\t\t\n\t\t\n\t\t\t\t\t\t\t\t\t\t\t\t<h4 class=\"fusion-rollover-title\">\n\t\t\t\t\t<a class=\"fusion-rollover-title-link\" href=\"https:\/\/www.helpfordesk.com\/hu\/hirek\/miert-erdemes-digitalis-jelenlet-es-tavolletkezelot-hasznalni\/\">\n\t\t\t\t\t\tMi\u00e9rt \u00e9rdemes digit\u00e1lis jelenl\u00e9t- \u00e9s t\u00e1voll\u00e9tkezel\u0151t haszn\u00e1lni?\t\t\t\t\t<\/a>\n\t\t\t\t<\/h4>\n\t\t\t\n\t\t\t\t\t\t\t\t\t\t<div class=\"fusion-rollover-categories\"><a href=\"https:\/\/www.helpfordesk.com\/hu\/temak\/hirek\/\" rel=\"tag\">H\u00edrek<\/a><\/div>\t\t\t\t\t\n\t\t\n\t\t\t\t\t\t<a class=\"fusion-link-wrapper\" href=\"https:\/\/www.helpfordesk.com\/hu\/hirek\/miert-erdemes-digitalis-jelenlet-es-tavolletkezelot-hasznalni\/\" aria-label=\"Mi\u00e9rt \u00e9rdemes digit\u00e1lis jelenl\u00e9t- \u00e9s t\u00e1voll\u00e9tkezel\u0151t haszn\u00e1lni?\"><\/a>\n\t<\/div>\n<\/div>\n<\/div>\n<\/li>\n\t\t\t\n\t\t\t\n\t\t\t\t\t\t\t\t\t\t\t\t\t\t\t\t\t\t\t\t\t\t\t\t\t\t\t\t\t\t\t\t\t\t\t\t\t\t\t\t\t\t\t\t\t\t\t\t\t\t\t\t\t\t\t\t\t\t\t\t\t\t\t\t\t\t\t\t<\/ul>\n\t<\/div>\n\t<div class=\"fusion-post-content post-content\"><h3 class=\"blog-shortcode-post-title entry-title\"><a href=\"https:\/\/www.helpfordesk.com\/hu\/hirek\/miert-erdemes-digitalis-jelenlet-es-tavolletkezelot-hasznalni\/\">Mi\u00e9rt \u00e9rdemes digit\u00e1lis jelenl\u00e9t- \u00e9s t\u00e1voll\u00e9tkezel\u0151t haszn\u00e1lni?<\/a><\/h3><div class=\"fusion-post-content-container\"><p>Mi\u00e9rt \u00e9rdemes digit\u00e1lis jelenl\u00e9t- \u00e9s t\u00e1voll\u00e9tkezel\u0151t haszn\u00e1lni? A modern munkahelyeken [...]<\/p><\/div><\/div><div class=\"fusion-clearfix\"><\/div><div class=\"fusion-meta-info\"><span class=\"vcard\" style=\"display: none;\"><span class=\"fn\"><a href=\"https:\/\/www.helpfordesk.com\/hu\/author\/helpfordesk2025\/\" title=\"Kiss Anik\u00f3 bejegyz\u00e9se\" rel=\"author\">Kiss Anik\u00f3<\/a><\/span><\/span><span class=\"updated\" style=\"display:none;\">2026-04-27T16:09:35+02:00<\/span><div class=\"fusion-alignright\"><a class=\"fusion-read-more\" href=\"https:\/\/www.helpfordesk.com\/hu\/hirek\/miert-erdemes-digitalis-jelenlet-es-tavolletkezelot-hasznalni\/\" aria-label=\"More on Mi\u00e9rt \u00e9rdemes digit\u00e1lis jelenl\u00e9t- \u00e9s t\u00e1voll\u00e9tkezel\u0151t haszn\u00e1lni?\">Olvass tov\u00e1bb<\/a><\/div><\/div><\/article>\n<\/div><\/div><\/div><\/div><\/div><\/div><\/p>\n","protected":false},"excerpt":{"rendered":"","protected":false},"author":1,"featured_media":0,"parent":0,"menu_order":0,"comment_status":"closed","ping_status":"closed","template":"","meta":{"_bbp_topic_count":0,"_bbp_reply_count":0,"_bbp_total_topic_count":0,"_bbp_total_reply_count":0,"_bbp_voice_count":0,"_bbp_anonymous_reply_count":0,"_bbp_topic_count_hidden":0,"_bbp_reply_count_hidden":0,"_bbp_forum_subforum_count":0,"footnotes":"","_wp_rev_ctl_limit":""},"class_list":["post-9061","page","type-page","status-publish","hentry"],"_links":{"self":[{"href":"https:\/\/www.helpfordesk.com\/hu\/wp-json\/wp\/v2\/pages\/9061","targetHints":{"allow":["GET"]}}],"collection":[{"href":"https:\/\/www.helpfordesk.com\/hu\/wp-json\/wp\/v2\/pages"}],"about":[{"href":"https:\/\/www.helpfordesk.com\/hu\/wp-json\/wp\/v2\/types\/page"}],"author":[{"embeddable":true,"href":"https:\/\/www.helpfordesk.com\/hu\/wp-json\/wp\/v2\/users\/1"}],"replies":[{"embeddable":true,"href":"https:\/\/www.helpfordesk.com\/hu\/wp-json\/wp\/v2\/comments?post=9061"}],"version-history":[{"count":0,"href":"https:\/\/www.helpfordesk.com\/hu\/wp-json\/wp\/v2\/pages\/9061\/revisions"}],"wp:attachment":[{"href":"https:\/\/www.helpfordesk.com\/hu\/wp-json\/wp\/v2\/media?parent=9061"}],"curies":[{"name":"wp","href":"https:\/\/api.w.org\/{rel}","templated":true}]}}