{"id":6411,"date":"2023-01-26T15:07:04","date_gmt":"2023-01-26T14:07:04","guid":{"rendered":"https:\/\/www.helpfordesk.com\/hu\/?page_id=6411"},"modified":"2023-06-03T17:08:04","modified_gmt":"2023-06-03T15:08:04","slug":"digitalis-iroda","status":"publish","type":"page","link":"https:\/\/www.helpfordesk.com\/hu\/digitalis-iroda\/","title":{"rendered":"Digit\u00e1lis pap\u00edrmentes iroda kialak\u00edt\u00e1s egyszer\u0171en"},"content":{"rendered":"<p><div class=\"fusion-fullwidth fullwidth-box fusion-builder-row-1 fusion-flex-container has-pattern-background has-mask-background nonhundred-percent-fullwidth non-hundred-percent-height-scrolling\" style=\"--awb-border-radius-top-left:0px;--awb-border-radius-top-right:0px;--awb-border-radius-bottom-right:0px;--awb-border-radius-bottom-left:0px;--awb-flex-wrap:wrap;\" ><div class=\"fusion-builder-row fusion-row fusion-flex-align-items-flex-start fusion-flex-content-wrap\" style=\"max-width:1248px;margin-left: calc(-4% \/ 2 );margin-right: calc(-4% \/ 2 );\"><div class=\"fusion-layout-column fusion_builder_column fusion-builder-column-0 fusion_builder_column_1_1 1_1 fusion-flex-column\" style=\"--awb-padding-bottom:130px;--awb-bg-size:cover;--awb-border-color:var(--awb-color3);--awb-border-top:1px;--awb-border-right:1px;--awb-border-bottom:1px;--awb-border-left:1px;--awb-border-style:solid;--awb-width-large:100%;--awb-margin-top-large:0px;--awb-spacing-right-large:1.92%;--awb-margin-bottom-large:20px;--awb-spacing-left-large:1.92%;--awb-width-medium:100%;--awb-order-medium:0;--awb-spacing-right-medium:1.92%;--awb-spacing-left-medium:1.92%;--awb-width-small:100%;--awb-order-small:0;--awb-spacing-right-small:1.92%;--awb-spacing-left-small:1.92%;\" data-scroll-devices=\"small-visibility,medium-visibility,large-visibility\"><div class=\"fusion-column-wrapper lazyload fusion-column-has-shadow fusion-flex-justify-content-flex-start fusion-content-layout-column fusion-column-has-bg-image\" data-bg-url=\"https:\/\/www.helpfordesk.com\/hu\/wp-content\/uploads\/sites\/2\/2023\/05\/Digitalizalas_igeny_szerinti.jpg\" data-bg=\"https:\/\/www.helpfordesk.com\/hu\/wp-content\/uploads\/sites\/2\/2023\/05\/Digitalizalas_igeny_szerinti.jpg\"><div class=\"fusion-builder-row fusion-builder-row-inner fusion-row fusion-flex-align-items-flex-start fusion-flex-content-wrap\" style=\"--awb-flex-grow:0;--awb-flex-grow-medium:0;--awb-flex-grow-small:0;--awb-flex-shrink:0;--awb-flex-shrink-medium:0;--awb-flex-shrink-small:0;width:104% !important;max-width:104% !important;margin-left: calc(-4% \/ 2 );margin-right: calc(-4% \/ 2 );\"><div class=\"fusion-layout-column fusion_builder_column_inner fusion-builder-nested-column-0 fusion_builder_column_inner_1_2 1_2 fusion-flex-column fusion-flex-align-self-flex-start\" style=\"--awb-padding-left:30px;--awb-overflow:hidden;--awb-bg-color:var(--awb-color1);--awb-bg-color-hover:var(--awb-color1);--awb-bg-size:cover;--awb-border-radius:8px 8px 8px 8px;--awb-width-large:50%;--awb-margin-top-large:120px;--awb-spacing-right-large:3.84%;--awb-margin-bottom-large:20px;--awb-spacing-left-large:70px;--awb-width-medium:50%;--awb-order-medium:0;--awb-spacing-right-medium:3.84%;--awb-spacing-left-medium:70px;--awb-width-small:100%;--awb-order-small:0;--awb-spacing-right-small:1.92%;--awb-spacing-left-small:1.92%;\" data-scroll-devices=\"small-visibility,medium-visibility,large-visibility\"><div class=\"fusion-column-wrapper fusion-column-has-shadow fusion-flex-justify-content-space-between fusion-content-layout-row fusion-flex-align-items-center\"><div class=\"fusion-title title fusion-title-1 fusion-sep-none fusion-title-text fusion-title-size-one\" style=\"--awb-text-color:var(--awb-custom_color_1);--awb-margin-top-small:10px;--awb-margin-right-small:0px;--awb-margin-bottom-small:10px;--awb-margin-left-small:0px;--awb-font-size:var(--awb-typography1-font-size);\"><h1 class=\"fusion-title-heading title-heading-left\" style=\"font-family:-apple-system, BlinkMacSystemFont, &#039;Segoe UI&#039;, Roboto, Oxygen-Sans, Ubuntu, Cantarell, &#039;Helvetica Neue&#039; ,sans-serif;font-style:normal;font-weight:400;margin:0;letter-spacing:var(--awb-typography2-letter-spacing);font-size:1em;line-height:var(--awb-typography2-line-height);\">Digit\u00e1lis iroda,<br \/>\nEgyszer\u0171 jelenl\u00e9ti \u00edv<\/h1><\/div><\/div><\/div><\/div><\/div><\/div><\/div><\/div><div class=\"fusion-fullwidth fullwidth-box fusion-builder-row-2 fusion-flex-container has-pattern-background has-mask-background nonhundred-percent-fullwidth non-hundred-percent-height-scrolling\" style=\"--awb-border-radius-top-left:0px;--awb-border-radius-top-right:0px;--awb-border-radius-bottom-right:0px;--awb-border-radius-bottom-left:0px;--awb-flex-wrap:wrap;\" ><div class=\"fusion-builder-row fusion-row fusion-flex-align-items-flex-start fusion-flex-content-wrap\" style=\"max-width:1248px;margin-left: calc(-4% \/ 2 );margin-right: calc(-4% \/ 2 );\"><div class=\"fusion-layout-column fusion_builder_column fusion-builder-column-1 fusion_builder_column_4_5 4_5 fusion-flex-column\" style=\"--awb-bg-size:cover;--awb-width-large:80%;--awb-margin-top-large:0px;--awb-spacing-right-large:2.4%;--awb-margin-bottom-large:20px;--awb-spacing-left-large:2.4%;--awb-width-medium:80%;--awb-order-medium:0;--awb-spacing-right-medium:2.4%;--awb-spacing-left-medium:2.4%;--awb-width-small:100%;--awb-order-small:0;--awb-spacing-right-small:1.92%;--awb-spacing-left-small:1.92%;\"><div class=\"fusion-column-wrapper fusion-column-has-shadow fusion-flex-justify-content-flex-start fusion-content-layout-column\"><div class=\"fusion-title title fusion-title-2 fusion-sep-none fusion-title-text fusion-title-size-one\" style=\"--awb-margin-top-small:10px;--awb-margin-right-small:0px;--awb-margin-bottom-small:10px;--awb-margin-left-small:0px;--awb-font-size:var(--awb-typography1-font-size);\"><h1 class=\"fusion-title-heading title-heading-left\" style=\"font-family:-apple-system, BlinkMacSystemFont, &#039;Segoe UI&#039;, Roboto, Oxygen-Sans, Ubuntu, Cantarell, &#039;Helvetica Neue&#039; ,sans-serif;font-style:normal;font-weight:400;margin:0;font-size:1em;\">Digit\u00e1lis iroda, Egyszer\u0171 jelenl\u00e9ti \u00edv, iktat\u00f3 program<\/h1><\/div><div class=\"fusion-title title fusion-title-3 fusion-sep-none fusion-title-text fusion-title-size-two\" style=\"--awb-margin-top-small:10px;--awb-margin-right-small:0px;--awb-margin-bottom-small:10px;--awb-margin-left-small:0px;--awb-font-size:var(--awb-typography2-font-size);\"><h2 class=\"fusion-title-heading title-heading-left\" style=\"font-family:-apple-system, BlinkMacSystemFont, &#039;Segoe UI&#039;, Roboto, Oxygen-Sans, Ubuntu, Cantarell, &#039;Helvetica Neue&#039; ,sans-serif;font-style:normal;font-weight:400;margin:0;font-size:1em;\">Egyszer\u0171 jelenl\u00e9ti \u00edv<\/h2><\/div><div class=\"fusion-text fusion-text-1\" style=\"--awb-font-size:var(--awb-typography3-font-size);--awb-text-font-family:-apple-system, BlinkMacSystemFont, &#039;Segoe UI&#039;, Roboto, Oxygen-Sans, Ubuntu, Cantarell, &#039;Helvetica Neue&#039; ,sans-serif;--awb-text-font-style:normal;--awb-text-font-weight:400;\"><blockquote>\n<p>Pontos \u00e1raj\u00e1nlatokat kaphat mind\u00f6ssze n\u00e9h\u00e1ny kattint\u00e1ssal, \u00edgy id\u0151ben hozhat d\u00f6nt\u00e9seket.<br \/>\nSz\u00e1m\u00edtsa ki az \u00e9ves szabads\u00e1gjogosults\u00e1got egyszer\u0171en \u00e9s pontosan.<br \/>\nK\u00f6vesse nyomon a r\u00e9szv\u00e9telt az egyszer\u0171 \u00e9s intuit\u00edv jelenl\u00e9ti \u00edv\u00fcnkkel.<br \/>\nMunkaid\u0151-kalkul\u00e1torunkkal automatikusan sz\u00e1molja ki az alkalmazottak munkaidej\u00e9t.<br \/>\nIratt\u00e1ri programunkkal egyszer\u0171s\u00edtse a dokumentumok iktat\u00e1s\u00e1t, \u00e9s tartsa ellen\u0151rz\u00e9s alatt a nyilv\u00e1ntart\u00e1sokat.<br \/>\nA jelenl\u00e9ti \u00edv mint\u00e1j\u00e1val minden alkalmazott pontos munkaidej\u00e9t r\u00f6gz\u00edtse.<br \/>\nDolgozz a vil\u00e1g b\u00e1rmely pontj\u00e1r\u00f3l online munkaid\u0151-nyilv\u00e1ntart\u00e1sunkkal.<br \/>\nIngyenes iratt\u00e1ri programunk seg\u00edts\u00e9g\u00e9vel minden eddigin\u00e9l egyszer\u0171bb\u00e9 teheti a bejelent\u00e9st<\/p>\n<\/blockquote>\n<\/div><div class=\"fusion-image-element \" style=\"--awb-max-width:70%;--awb-caption-title-font-family:var(--h2_typography-font-family);--awb-caption-title-font-weight:var(--h2_typography-font-weight);--awb-caption-title-font-style:var(--h2_typography-font-style);--awb-caption-title-size:var(--h2_typography-font-size);--awb-caption-title-transform:var(--h2_typography-text-transform);--awb-caption-title-line-height:var(--h2_typography-line-height);--awb-caption-title-letter-spacing:var(--h2_typography-letter-spacing);\"><span class=\" fusion-imageframe imageframe-none imageframe-1 hover-type-none\"><img decoding=\"async\" width=\"777\" height=\"732\" alt=\"Helpfordesk digit\u00e1lis iroda innovat\u00edv megold\u00e1sokat k\u00edn\u00e1l t\u00e1voli munkav\u00e9gz\u00e9si ig\u00e9nyeihez.\" title=\"digitalis iroda papir minta\" src=\"https:\/\/www.helpfordesk.com\/hu\/wp-content\/uploads\/sites\/2\/2023\/01\/digitalis-iroda-papir-minta.png\" data-orig-src=\"https:\/\/www.helpfordesk.com\/hu\/wp-content\/uploads\/2023\/01\/digitalis-iroda-papir-minta.png\" class=\"lazyload img-responsive wp-image-6456\" srcset=\"data:image\/svg+xml,%3Csvg%20xmlns%3D%27http%3A%2F%2Fwww.w3.org%2F2000%2Fsvg%27%20width%3D%27777%27%20height%3D%27732%27%20viewBox%3D%270%200%20777%20732%27%3E%3Crect%20width%3D%27777%27%20height%3D%27732%27%20fill-opacity%3D%220%22%2F%3E%3C%2Fsvg%3E\" data-srcset=\"https:\/\/www.helpfordesk.com\/hu\/wp-content\/uploads\/sites\/2\/2023\/01\/digitalis-iroda-papir-minta-200x188.png 200w, https:\/\/www.helpfordesk.com\/hu\/wp-content\/uploads\/sites\/2\/2023\/01\/digitalis-iroda-papir-minta-400x377.png 400w, https:\/\/www.helpfordesk.com\/hu\/wp-content\/uploads\/sites\/2\/2023\/01\/digitalis-iroda-papir-minta-600x565.png 600w, https:\/\/www.helpfordesk.com\/hu\/wp-content\/uploads\/sites\/2\/2023\/01\/digitalis-iroda-papir-minta.png 777w\" data-sizes=\"auto\" data-orig-sizes=\"(max-width: 640px) 100vw, 777px\" \/><\/span><\/div><div class=\"fusion-title title fusion-title-4 fusion-sep-none fusion-title-text fusion-title-size-two\" style=\"--awb-margin-top-small:10px;--awb-margin-right-small:0px;--awb-margin-bottom-small:10px;--awb-margin-left-small:0px;\"><h2 class=\"fusion-title-heading title-heading-left\" style=\"margin:0;\">\u00c1raj\u00e1nlat minta<\/h2><\/div><div class=\"fusion-text fusion-text-2\"><p>Pontos \u00e9s naprak\u00e9sz \u00e1raj\u00e1nlatokat kaphat egyetlen kattint\u00e1ssal \u2013 nincs sz\u00fcks\u00e9g k\u00e9tszeri ellen\u0151rz\u00e9sre.<br \/>\nAzonnal sz\u00e1molja ki alkalmazottai \u00e9ves szabads\u00e1gjogosults\u00e1g\u00e1t.<br \/>\nK\u00f6vesse nyomon a r\u00e9szv\u00e9telt egy egyszer\u0171, intuit\u00edv lap seg\u00edts\u00e9g\u00e9vel.<br \/>\nSz\u00e1mol\u00f3g\u00e9p\u00fcnk seg\u00edts\u00e9g\u00e9vel automatikusan nyomon k\u00f6vetheti a munkaid\u0151t.<br \/>\n\u00c1tfog\u00f3 iratt\u00e1ri program az \u00f6sszes munkadokumentum egyszer\u0171 t\u00e1rol\u00e1s\u00e1ra, kezel\u00e9s\u00e9re \u00e9s egy helyen val\u00f3 el\u00e9r\u00e9s\u00e9re.<br \/>\nEl\u0151re elk\u00e9sz\u00edtett lapmint\u00e1nk seg\u00edts\u00e9g\u00e9vel nyomon k\u00f6vetheti a l\u00e1togatotts\u00e1got.<br \/>\nK\u00e9nyelmesen regisztr\u00e1lhat munkaid\u0151t online b\u00e1rhol, b\u00e1rmikor.<br \/>\n\u00c9lvezze az ingyenes iktat\u00f3program-let\u00f6lt\u00e9seket \u00e9s friss\u00edt\u00e9seket egy \u00e9leten \u00e1t!<\/p>\n<\/div><div class=\"fusion-image-element \" style=\"--awb-max-width:70%;--awb-caption-title-font-family:var(--h2_typography-font-family);--awb-caption-title-font-weight:var(--h2_typography-font-weight);--awb-caption-title-font-style:var(--h2_typography-font-style);--awb-caption-title-size:var(--h2_typography-font-size);--awb-caption-title-transform:var(--h2_typography-text-transform);--awb-caption-title-line-height:var(--h2_typography-line-height);--awb-caption-title-letter-spacing:var(--h2_typography-letter-spacing);\"><span class=\" fusion-imageframe imageframe-none imageframe-2 hover-type-none\"><img decoding=\"async\" width=\"1079\" height=\"799\" alt=\"Helpfordesk digit\u00e1lis iroda innovat\u00edv megold\u00e1sokat k\u00edn\u00e1l t\u00e1voli munkav\u00e9gz\u00e9si ig\u00e9nyeihez.\" title=\"digitalis iroda minta\" src=\"https:\/\/www.helpfordesk.com\/hu\/wp-content\/uploads\/sites\/2\/2023\/01\/digitalis-iroda-minta.png\" data-orig-src=\"https:\/\/www.helpfordesk.com\/hu\/wp-content\/uploads\/2023\/01\/digitalis-iroda-minta.png\" class=\"lazyload img-responsive wp-image-6457\" srcset=\"data:image\/svg+xml,%3Csvg%20xmlns%3D%27http%3A%2F%2Fwww.w3.org%2F2000%2Fsvg%27%20width%3D%271079%27%20height%3D%27799%27%20viewBox%3D%270%200%201079%20799%27%3E%3Crect%20width%3D%271079%27%20height%3D%27799%27%20fill-opacity%3D%220%22%2F%3E%3C%2Fsvg%3E\" data-srcset=\"https:\/\/www.helpfordesk.com\/hu\/wp-content\/uploads\/sites\/2\/2023\/01\/digitalis-iroda-minta-200x148.png 200w, https:\/\/www.helpfordesk.com\/hu\/wp-content\/uploads\/sites\/2\/2023\/01\/digitalis-iroda-minta-400x296.png 400w, https:\/\/www.helpfordesk.com\/hu\/wp-content\/uploads\/sites\/2\/2023\/01\/digitalis-iroda-minta-600x444.png 600w, https:\/\/www.helpfordesk.com\/hu\/wp-content\/uploads\/sites\/2\/2023\/01\/digitalis-iroda-minta-800x592.png 800w, https:\/\/www.helpfordesk.com\/hu\/wp-content\/uploads\/sites\/2\/2023\/01\/digitalis-iroda-minta.png 1079w\" data-sizes=\"auto\" data-orig-sizes=\"(max-width: 640px) 100vw, 1079px\" \/><\/span><\/div><div class=\"fusion-title title fusion-title-5 fusion-sep-none fusion-title-center fusion-title-text fusion-title-size-three\" style=\"--awb-margin-top-small:10px;--awb-margin-right-small:0px;--awb-margin-bottom-small:10px;--awb-margin-left-small:0px;\"><h3 class=\"fusion-title-heading title-heading-center\" style=\"margin:0;\"><a href=\"https:\/\/www.helpfordesk.com\/hu\/iktato-program\/\">Iktat\u00f3 rendszer<\/a><\/h3><\/div><div class=\"fusion-text fusion-text-3\"><p>Azonnali hozz\u00e1f\u00e9r\u00e9st kaphat a professzion\u00e1lisan \u00f6ssze\u00e1ll\u00edtott \u00e1raj\u00e1nlatokhoz, amelyek minden ig\u00e9nyt kiel\u00e9g\u00edtenek.<br \/>\nK\u00f6nnyen kisz\u00e1m\u00edthatja \u00e9s kezelheti az \u00e9ves szabads\u00e1got ennek az \u00e1tfog\u00f3 kalkul\u00e1tornak a seg\u00edts\u00e9g\u00e9vel.<br \/>\nEgy egyszer\u0171 jelenl\u00e9ti \u00edvvel egyszer\u0171s\u00edtse a jelenl\u00e9t nyomon k\u00f6vet\u00e9si folyamat\u00e1t.<br \/>\nGyorsan \u00e9s pontosan sz\u00e1molja ki a munkaid\u0151t ezzel a rugalmas munkaid\u0151-kalkul\u00e1torral, amely t\u00f6k\u00e9letes az alkalmazottak \u00f3rasz\u00e1m\u00e1nak nyomon k\u00f6vet\u00e9s\u00e9re.<br \/>\nRendszerezheti a fontos dokumentumokat \u00e9s inform\u00e1ci\u00f3kat egy hat\u00e9kony iratt\u00e1ri programmal.<br \/>\nK\u00e9sz\u00edtsen gyorsan \u00e9s egyszer\u0171en r\u00e9szletes munkaid\u0151-nyilv\u00e1ntart\u00e1st el\u0151re elk\u00e9sz\u00edtett jelenl\u00e9ti \u00edv mint\u00e1ink seg\u00edts\u00e9g\u00e9vel.<br \/>\nHaszn\u00e1ljon online munkaid\u0151-nyilv\u00e1ntart\u00e1st az alkalmazottak \u00f3r\u00e1inak nyomon k\u00f6vet\u00e9s\u00e9hez<\/p>\n<\/div><div class=\"fusion-title title fusion-title-6 fusion-sep-none fusion-title-text fusion-title-size-two\" style=\"--awb-margin-top-small:10px;--awb-margin-right-small:0px;--awb-margin-bottom-small:10px;--awb-margin-left-small:0px;\"><h2 class=\"fusion-title-heading title-heading-left\" style=\"font-family:-apple-system, BlinkMacSystemFont, &#039;Segoe UI&#039;, Roboto, Oxygen-Sans, Ubuntu, Cantarell, &#039;Helvetica Neue&#039; ,sans-serif;font-style:normal;font-weight:400;margin:0;\">Egyszer\u0171s\u00edtse irod\u00e1j\u00e1t a digit\u00e1lis irod\u00e1val<\/h2><\/div><div class=\"fusion-text fusion-text-4\"><p>Azonnali hozz\u00e1f\u00e9r\u00e9st kaphat a professzion\u00e1lisan \u00f6ssze\u00e1ll\u00edtott \u00e1raj\u00e1nlatokhoz, amelyek minden ig\u00e9nyt kiel\u00e9g\u00edtenek.<br \/>\nK\u00f6nnyen kisz\u00e1m\u00edthatja \u00e9s kezelheti az \u00e9ves szabads\u00e1got ennek az \u00e1tfog\u00f3 kalkul\u00e1tornak a seg\u00edts\u00e9g\u00e9vel.<br \/>\nEgy egyszer\u0171 jelenl\u00e9ti \u00edvvel egyszer\u0171s\u00edtse a jelenl\u00e9t nyomon k\u00f6vet\u00e9si folyamat\u00e1t.<br \/>\nGyorsan \u00e9s pontosan sz\u00e1molja ki a munkaid\u0151t ezzel a rugalmas munkaid\u0151-kalkul\u00e1torral, amely t\u00f6k\u00e9letes az alkalmazottak \u00f3rasz\u00e1m\u00e1nak nyomon k\u00f6vet\u00e9s\u00e9re.<br \/>\nRendszerezheti a fontos dokumentumokat \u00e9s inform\u00e1ci\u00f3kat egy hat\u00e9kony iratt\u00e1ri programmal.<br \/>\nK\u00e9sz\u00edtsen gyorsan \u00e9s egyszer\u0171en r\u00e9szletes munkaid\u0151-nyilv\u00e1ntart\u00e1st el\u0151re elk\u00e9sz\u00edtett jelenl\u00e9ti \u00edv mint\u00e1ink seg\u00edts\u00e9g\u00e9vel.<br \/>\nHaszn\u00e1ljon online munkaid\u0151-nyilv\u00e1ntart\u00e1st az alkalmazottak \u00f3r\u00e1inak nyomon k\u00f6vet\u00e9s\u00e9hez<\/p>\n<\/div><div class=\"fusion-text fusion-text-5\"><p><a href=\"https:\/\/www.konicaminolta.hu\/hu-hu\/digitalis-iroda\">Digit\u00e1lis iroda Innovat\u00edv multifunkci\u00f3s rendszerek,. optimaliz\u00e1lt nyomtat\u00e1si megold\u00e1sok \u00e9s k\u00f6lts\u00e9gmenedzsment alkalmaz\u00e1sok, munkafolyamat automatiz\u00e1l\u00e1s<\/a><\/p>\n<\/div><div class=\"fusion-text fusion-text-6\"><blockquote>\n<p>Pontos \u00e1raj\u00e1nlatokat kaphat mind\u00f6ssze n\u00e9h\u00e1ny kattint\u00e1ssal, \u00edgy id\u0151ben hozhat d\u00f6nt\u00e9seket.<br \/>\nSz\u00e1m\u00edtsa ki az \u00e9ves szabads\u00e1gjogosults\u00e1got egyszer\u0171en \u00e9s pontosan.<br \/>\nK\u00f6vesse nyomon a r\u00e9szv\u00e9telt az egyszer\u0171 \u00e9s intuit\u00edv jelenl\u00e9ti \u00edv\u00fcnkkel.<br \/>\nMunkaid\u0151-kalkul\u00e1torunkkal automatikusan sz\u00e1molja ki az alkalmazottak munkaidej\u00e9t.<br \/>\nIratt\u00e1ri programunkkal egyszer\u0171s\u00edtse a dokumentumok iktat\u00e1s\u00e1t, \u00e9s tartsa ellen\u0151rz\u00e9s alatt a nyilv\u00e1ntart\u00e1sokat.<br \/>\nA jelenl\u00e9ti \u00edv mint\u00e1j\u00e1val minden alkalmazott pontos munkaidej\u00e9t r\u00f6gz\u00edtse.<br \/>\nDolgozz a vil\u00e1g b\u00e1rmely pontj\u00e1r\u00f3l online munkaid\u0151-nyilv\u00e1ntart\u00e1sunkkal.<br \/>\nIngyenes iratt\u00e1ri programunk seg\u00edts\u00e9g\u00e9vel minden eddigin\u00e9l egyszer\u0171bb\u00e9 teheti a bejelent\u00e9st<\/p>\n<p>\u2014<\/p>\n<\/blockquote>\n<\/div><div class=\"fusion-title title fusion-title-7 fusion-sep-none fusion-title-text fusion-title-size-two\" style=\"--awb-margin-top-small:10px;--awb-margin-right-small:0px;--awb-margin-bottom-small:10px;--awb-margin-left-small:0px;\"><h2 class=\"fusion-title-heading title-heading-left\" style=\"font-family:-apple-system, BlinkMacSystemFont, &#039;Segoe UI&#039;, Roboto, Oxygen-Sans, Ubuntu, Cantarell, &#039;Helvetica Neue&#039; ,sans-serif;font-style:normal;font-weight:400;margin:0;\">Rendezze mag\u00e1t a Digital Office seg\u00edts\u00e9g\u00e9vel<\/h2><\/div><\/div><\/div><div class=\"fusion-layout-column fusion_builder_column fusion-builder-column-2 awb-sticky awb-sticky-small awb-sticky-medium awb-sticky-large fusion_builder_column_1_5 1_5 fusion-flex-column\" style=\"--awb-padding-top:20%;--awb-bg-size:cover;--awb-width-large:20%;--awb-margin-top-large:0px;--awb-spacing-right-large:9.6%;--awb-margin-bottom-large:20px;--awb-spacing-left-large:9.6%;--awb-width-medium:20%;--awb-order-medium:0;--awb-spacing-right-medium:9.6%;--awb-spacing-left-medium:9.6%;--awb-width-small:100%;--awb-order-small:0;--awb-spacing-right-small:1.92%;--awb-spacing-left-small:1.92%;\" data-scroll-devices=\"small-visibility,medium-visibility,large-visibility\"><div class=\"fusion-column-wrapper fusion-column-has-shadow fusion-flex-justify-content-flex-start fusion-content-layout-column\"><div class=\"fusion-image-element \" style=\"--awb-caption-title-font-family:var(--h2_typography-font-family);--awb-caption-title-font-weight:var(--h2_typography-font-weight);--awb-caption-title-font-style:var(--h2_typography-font-style);--awb-caption-title-size:var(--h2_typography-font-size);--awb-caption-title-transform:var(--h2_typography-text-transform);--awb-caption-title-line-height:var(--h2_typography-line-height);--awb-caption-title-letter-spacing:var(--h2_typography-letter-spacing);\"><span class=\" fusion-imageframe imageframe-none imageframe-3 hover-type-none\"><img decoding=\"async\" width=\"853\" height=\"1280\" alt=\"Digit\u00e1lis iroda\" title=\"Digit\u00e1lis iroda\" src=\"https:\/\/www.helpfordesk.com\/hu\/wp-content\/uploads\/sites\/2\/2023\/04\/Helpfordesk_akcio.png\" data-orig-src=\"https:\/\/www.helpfordesk.com\/hu\/wp-content\/uploads\/sites\/2\/2023\/04\/Helpfordesk_akcio.png\" class=\"lazyload img-responsive wp-image-8501\" srcset=\"data:image\/svg+xml,%3Csvg%20xmlns%3D%27http%3A%2F%2Fwww.w3.org%2F2000%2Fsvg%27%20width%3D%27853%27%20height%3D%271280%27%20viewBox%3D%270%200%20853%201280%27%3E%3Crect%20width%3D%27853%27%20height%3D%271280%27%20fill-opacity%3D%220%22%2F%3E%3C%2Fsvg%3E\" data-srcset=\"https:\/\/www.helpfordesk.com\/hu\/wp-content\/uploads\/sites\/2\/2023\/04\/Helpfordesk_akcio-200x300.png 200w, https:\/\/www.helpfordesk.com\/hu\/wp-content\/uploads\/sites\/2\/2023\/04\/Helpfordesk_akcio-400x600.png 400w, https:\/\/www.helpfordesk.com\/hu\/wp-content\/uploads\/sites\/2\/2023\/04\/Helpfordesk_akcio-600x900.png 600w, https:\/\/www.helpfordesk.com\/hu\/wp-content\/uploads\/sites\/2\/2023\/04\/Helpfordesk_akcio-800x1200.png 800w, https:\/\/www.helpfordesk.com\/hu\/wp-content\/uploads\/sites\/2\/2023\/04\/Helpfordesk_akcio.png 853w\" data-sizes=\"auto\" data-orig-sizes=\"(max-width: 640px) 100vw, 200px\" \/><\/span><\/div><\/div><\/div><\/div><\/div><\/p>\n","protected":false},"excerpt":{"rendered":"","protected":false},"author":1,"featured_media":0,"parent":0,"menu_order":700,"comment_status":"closed","ping_status":"closed","template":"100-width.php","meta":{"_bbp_topic_count":0,"_bbp_reply_count":0,"_bbp_total_topic_count":0,"_bbp_total_reply_count":0,"_bbp_voice_count":0,"_bbp_anonymous_reply_count":0,"_bbp_topic_count_hidden":0,"_bbp_reply_count_hidden":0,"_bbp_forum_subforum_count":0,"footnotes":"","_wp_rev_ctl_limit":""},"class_list":["post-6411","page","type-page","status-publish","hentry"],"_links":{"self":[{"href":"https:\/\/www.helpfordesk.com\/hu\/wp-json\/wp\/v2\/pages\/6411","targetHints":{"allow":["GET"]}}],"collection":[{"href":"https:\/\/www.helpfordesk.com\/hu\/wp-json\/wp\/v2\/pages"}],"about":[{"href":"https:\/\/www.helpfordesk.com\/hu\/wp-json\/wp\/v2\/types\/page"}],"author":[{"embeddable":true,"href":"https:\/\/www.helpfordesk.com\/hu\/wp-json\/wp\/v2\/users\/1"}],"replies":[{"embeddable":true,"href":"https:\/\/www.helpfordesk.com\/hu\/wp-json\/wp\/v2\/comments?post=6411"}],"version-history":[{"count":0,"href":"https:\/\/www.helpfordesk.com\/hu\/wp-json\/wp\/v2\/pages\/6411\/revisions"}],"wp:attachment":[{"href":"https:\/\/www.helpfordesk.com\/hu\/wp-json\/wp\/v2\/media?parent=6411"}],"curies":[{"name":"wp","href":"https:\/\/api.w.org\/{rel}","templated":true}]}}