{"id":6295,"date":"2023-01-18T14:03:15","date_gmt":"2023-01-18T13:03:15","guid":{"rendered":"https:\/\/www.helpfordesk.com\/hu\/?page_id=6295"},"modified":"2026-03-24T11:26:44","modified_gmt":"2026-03-24T10:26:44","slug":"szamlanyilvantartas-szamlajovahagyas-iktato-program","status":"publish","type":"page","link":"https:\/\/www.helpfordesk.com\/hu\/szamlanyilvantartas-szamlajovahagyas-iktato-program\/","title":{"rendered":"Sz\u00e1mlanyilv\u00e1ntart\u00e1s, sz\u00e1mlaj\u00f3v\u00e1hagy\u00e1s, iktat\u00f3 program, bej\u00f6v\u0151 sz\u00e1mla iktat\u00e1s"},"content":{"rendered":"<p><div class=\"fusion-fullwidth fullwidth-box fusion-builder-row-1 fusion-flex-container has-pattern-background has-mask-background nonhundred-percent-fullwidth non-hundred-percent-height-scrolling\" style=\"--awb-border-radius-top-left:0px;--awb-border-radius-top-right:0px;--awb-border-radius-bottom-right:0px;--awb-border-radius-bottom-left:0px;--awb-flex-wrap:wrap;\" ><div class=\"fusion-builder-row fusion-row fusion-flex-align-items-flex-start fusion-flex-content-wrap\" style=\"max-width:1248px;margin-left: calc(-4% \/ 2 );margin-right: calc(-4% \/ 2 );\"><div class=\"fusion-layout-column fusion_builder_column fusion-builder-column-0 fusion_builder_column_1_1 1_1 fusion-flex-column\" style=\"--awb-bg-size:cover;--awb-width-large:100%;--awb-margin-top-large:0px;--awb-spacing-right-large:1.92%;--awb-margin-bottom-large:20px;--awb-spacing-left-large:1.92%;--awb-width-medium:100%;--awb-order-medium:0;--awb-spacing-right-medium:1.92%;--awb-spacing-left-medium:1.92%;--awb-width-small:100%;--awb-order-small:0;--awb-spacing-right-small:1.92%;--awb-spacing-left-small:1.92%;\"><div class=\"fusion-column-wrapper fusion-column-has-shadow fusion-flex-justify-content-flex-start fusion-content-layout-column\"><div class=\"fusion-title title fusion-title-1 fusion-sep-none fusion-title-text fusion-title-size-two\" style=\"--awb-margin-top-small:10px;--awb-margin-right-small:0px;--awb-margin-bottom-small:10px;--awb-margin-left-small:0px;\"><h2 class=\"fusion-title-heading title-heading-left\" style=\"margin:0;\">Sz\u00e1mlaj\u00f3v\u00e1hagy\u00e1s, sz\u00e1mlanyilv\u00e1ntart\u00e1s, sz\u00e1ml\u00e1k iktat\u00e1sa \u00e9s iktat\u00f3 program f\u0151bb funkci\u00f3.<\/h2><\/div><\/div><\/div><div class=\"fusion-layout-column fusion_builder_column fusion-builder-column-1 fusion_builder_column_1_2 1_2 fusion-flex-column\" style=\"--awb-bg-size:cover;--awb-width-large:50%;--awb-margin-top-large:0px;--awb-spacing-right-large:3.84%;--awb-margin-bottom-large:20px;--awb-spacing-left-large:3.84%;--awb-width-medium:50%;--awb-order-medium:0;--awb-spacing-right-medium:3.84%;--awb-spacing-left-medium:3.84%;--awb-width-small:100%;--awb-order-small:0;--awb-spacing-right-small:1.92%;--awb-spacing-left-small:1.92%;\" id=\"navonline\"><div class=\"fusion-column-wrapper fusion-column-has-shadow fusion-flex-justify-content-flex-start fusion-content-layout-column\"><div class=\"fusion-title title fusion-title-2 fusion-sep-none fusion-title-text fusion-title-size-three\" style=\"--awb-margin-top-small:10px;--awb-margin-right-small:0px;--awb-margin-bottom-small:10px;--awb-margin-left-small:0px;\"><h3 class=\"fusion-title-heading title-heading-left\" style=\"margin:0;\"><h3>Bej\u00f6v\u0151 sz\u00e1mla automatikus r\u00f6gz\u00edt\u00e9se<\/h3><\/h3><\/div><div class=\"fusion-text fusion-text-1\"><p>T\u00f6ltse fel bej\u00f6v\u0151 sz\u00e1ml\u00e1j\u00e1t a Helpfordesk rendszerbe k\u00e9zzel vagy email form\u00e1ly\u00e1ban\u00a0 \u00e9s az automatikus adatkinyer\u00e9snek k\u00f6sz\u00f6nhet\u0151en a sz\u00e1mlar\u00f6gz\u00edt\u00e9s m\u00e1r csak egy mozdulat. A sz\u00e1ll\u00edt\u00f3i sz\u00e1ml\u00e1k ut\u00e1n visszaig\u00e9nyelhet\u0151 \u00c1FA \u00f6sszege is automatikusan megjelenik, tov\u00e1bb\u00e1 k\u00f6lts\u00e9ghelyek is megadhat\u00f3k a sz\u00e1ml\u00e1khoz.<\/p>\n<\/div><div class=\"fusion-title title fusion-title-3 fusion-sep-none fusion-title-text fusion-title-size-three\" style=\"--awb-margin-top-small:10px;--awb-margin-right-small:0px;--awb-margin-bottom-small:10px;--awb-margin-left-small:0px;\"><h3 class=\"fusion-title-heading title-heading-left\" style=\"margin:0;\">NAV Online Sz\u00e1mla \u00f6sszek\u00f6ttet\u00e9s<\/h3><\/div><div class=\"fusion-text fusion-text-2\"><p>Gyorsabb sz\u00e1mlar\u00f6gz\u00edt\u00e9shez haszn\u00e1lja a NAV \u00f6sszek\u00f6ttet\u00e9st! \u00cdgy a NAV Online Sz\u00e1mla rendszer\u00e9b\u0151l automatikusan a Helpfordeskbe ker\u00fclnek a v\u00e1llalkoz\u00e1sa sz\u00e1m\u00e1ra ki\u00e1ll\u00edtott sz\u00e1ll\u00edt\u00f3i sz\u00e1ml\u00e1k \u00e9s m\u00e1r indulhat is a sz\u00e1ml\u00e1k feldolgoz\u00e1sa.<\/p>\n<\/div><\/div><\/div><div class=\"fusion-layout-column fusion_builder_column fusion-builder-column-2 fusion_builder_column_1_2 1_2 fusion-flex-column\" style=\"--awb-bg-size:cover;--awb-width-large:50%;--awb-margin-top-large:0px;--awb-spacing-right-large:3.84%;--awb-margin-bottom-large:20px;--awb-spacing-left-large:3.84%;--awb-width-medium:50%;--awb-order-medium:0;--awb-spacing-right-medium:3.84%;--awb-spacing-left-medium:3.84%;--awb-width-small:100%;--awb-order-small:0;--awb-spacing-right-small:1.92%;--awb-spacing-left-small:1.92%;\"><div class=\"fusion-column-wrapper fusion-column-has-shadow fusion-flex-justify-content-flex-start fusion-content-layout-column\"><div class=\"fusion-lottie fusion-lottie-1\" data-id=\"1\"><div class=\"fusion-lottie-animation\" data-path=\"https:\/\/www.helpfordesk.com\/hu\/wp-content\/uploads\/2022\/12\/lf20_di4oxtfc.json\" data-loop=\"0\" data-reverse=\"0\" data-speed=\"1\" data-trigger=\"none\"><lottie-player speed=\"1\"><\/lottie-player><\/div><\/div><\/div><\/div><\/div><\/div><div class=\"fusion-fullwidth fullwidth-box fusion-builder-row-2 fusion-flex-container has-pattern-background has-mask-background nonhundred-percent-fullwidth non-hundred-percent-height-scrolling\" style=\"--awb-border-radius-top-left:0px;--awb-border-radius-top-right:0px;--awb-border-radius-bottom-right:0px;--awb-border-radius-bottom-left:0px;--awb-flex-wrap:wrap;\" ><div class=\"fusion-builder-row fusion-row fusion-flex-align-items-flex-start fusion-flex-content-wrap\" style=\"max-width:1248px;margin-left: calc(-4% \/ 2 );margin-right: calc(-4% \/ 2 );\"><div class=\"fusion-layout-column fusion_builder_column fusion-builder-column-3 fusion_builder_column_1_2 1_2 fusion-flex-column\" style=\"--awb-bg-size:cover;--awb-width-large:50%;--awb-margin-top-large:0px;--awb-spacing-right-large:3.84%;--awb-margin-bottom-large:20px;--awb-spacing-left-large:3.84%;--awb-width-medium:50%;--awb-order-medium:0;--awb-spacing-right-medium:3.84%;--awb-spacing-left-medium:3.84%;--awb-width-small:100%;--awb-order-small:0;--awb-spacing-right-small:1.92%;--awb-spacing-left-small:1.92%;\"><div class=\"fusion-column-wrapper fusion-column-has-shadow fusion-flex-justify-content-flex-start fusion-content-layout-column\"><div class=\"fusion-lottie fusion-lottie-2\" data-id=\"2\"><div class=\"fusion-lottie-animation\" data-path=\"https:\/\/www.helpfordesk.com\/hu\/wp-content\/uploads\/2022\/12\/lf20_jaksw3jl.json\" data-loop=\"0\" data-reverse=\"0\" data-speed=\"1\" data-trigger=\"none\"><lottie-player speed=\"1\"><\/lottie-player><\/div><\/div><\/div><\/div><div class=\"fusion-layout-column fusion_builder_column fusion-builder-column-4 fusion_builder_column_1_2 1_2 fusion-flex-column\" style=\"--awb-bg-size:cover;--awb-width-large:50%;--awb-margin-top-large:0px;--awb-spacing-right-large:3.84%;--awb-margin-bottom-large:20px;--awb-spacing-left-large:3.84%;--awb-width-medium:50%;--awb-order-medium:0;--awb-spacing-right-medium:3.84%;--awb-spacing-left-medium:3.84%;--awb-width-small:100%;--awb-order-small:0;--awb-spacing-right-small:1.92%;--awb-spacing-left-small:1.92%;\" id=\"szamla-jovahagyas\"><div class=\"fusion-column-wrapper fusion-column-has-shadow fusion-flex-justify-content-flex-start fusion-content-layout-column\"><div class=\"fusion-title title fusion-title-4 fusion-sep-none fusion-title-text fusion-title-size-three\" style=\"--awb-margin-top-small:10px;--awb-margin-right-small:0px;--awb-margin-bottom-small:10px;--awb-margin-left-small:0px;\"><h3 class=\"fusion-title-heading title-heading-left\" style=\"margin:0;\">Kimutat\u00e1sok a sz\u00e1ml\u00e1k st\u00e1tusz\u00e1r\u00f3l<\/h3><\/div><div class=\"fusion-text fusion-text-3\"><p>Az \u00f6sszeg- \u00e9s d\u00e1tumadatok, valamint a j\u00f3v\u00e1hagy\u00e1si \u00e9s kifizet\u00e9si inform\u00e1ci\u00f3k alapj\u00e1n a Helpfordesk gyors, aktu\u00e1lis \u00f6sszes\u00edt\u0151 kimutat\u00e1sokat k\u00e9sz\u00edt sz\u00e1ll\u00edt\u00f3i sz\u00e1ml\u00e1inak st\u00e1tusz\u00e1r\u00f3l.<\/p>\n<\/div><div class=\"fusion-title title fusion-title-5 fusion-sep-none fusion-title-text fusion-title-size-three\" style=\"--awb-margin-top-small:10px;--awb-margin-right-small:0px;--awb-margin-bottom-small:10px;--awb-margin-left-small:0px;\"><h3 class=\"fusion-title-heading title-heading-left\" style=\"margin:0;\">Automatiz\u00e1lt sz\u00e1mla j\u00f3v\u00e1hagy\u00e1s<\/h3><\/div><div class=\"fusion-text fusion-text-4\"><p>Az alkalmaz\u00e1s automatikusan kiv\u00e1lasztja \u00e9s felk\u00edn\u00e1lja az adott sz\u00e1ml\u00e1hoz tartoz\u00f3 j\u00f3v\u00e1hagy\u00f3 szem\u00e9lyt. A sz\u00e1mlaadatok ment\u00e9s\u00e9vel a sz\u00e1mla archiv\u00e1l\u00e1sra ker\u00fcl, a j\u00f3v\u00e1hagy\u00f3 pedig e-mailben \u00e9rtes\u00edt\u00e9st kap a sz\u00e1ml\u00e1val kapcsolatos feladatr\u00f3l. J\u00f3v\u00e1hagy\u00e1st k\u00f6vet\u0151en a sz\u00e1mlakifizet\u0151 munkat\u00e1rs \u00e9s a k\u00f6nyvel\u0151 is \u00e9rtes\u00fcl a teend\u0151kr\u0151l.<\/p>\n<\/div><div class=\"fusion-title title fusion-title-6 fusion-sep-none fusion-title-text fusion-title-size-three\" style=\"--awb-margin-top-small:10px;--awb-margin-right-small:0px;--awb-margin-bottom-small:10px;--awb-margin-left-small:0px;\"><h3 class=\"fusion-title-heading title-heading-left\" style=\"margin:0;\">\u00c1tl\u00e1that\u00f3 sz\u00e1mlat\u00f6rt\u00e9net<\/h3><\/div><div class=\"fusion-text fusion-text-5\"><p>A sz\u00e1mla feldolgoz\u00e1sa sor\u00e1n vagy azt k\u00f6vet\u0151en is id\u0151rendben nyomon k\u00f6vethet\u0151 a sz\u00e1mlat\u00f6rt\u00e9netet.<\/p>\n<\/div><\/div><\/div><\/div><\/div><div class=\"fusion-fullwidth fullwidth-box fusion-builder-row-3 fusion-flex-container has-pattern-background has-mask-background nonhundred-percent-fullwidth non-hundred-percent-height-scrolling\" style=\"--awb-border-radius-top-left:0px;--awb-border-radius-top-right:0px;--awb-border-radius-bottom-right:0px;--awb-border-radius-bottom-left:0px;--awb-flex-wrap:wrap;\" ><div class=\"fusion-builder-row fusion-row fusion-flex-align-items-flex-start fusion-flex-content-wrap\" style=\"max-width:1248px;margin-left: calc(-4% \/ 2 );margin-right: calc(-4% \/ 2 );\"><div class=\"fusion-layout-column fusion_builder_column fusion-builder-column-5 fusion_builder_column_1_2 1_2 fusion-flex-column\" style=\"--awb-bg-size:cover;--awb-width-large:50%;--awb-margin-top-large:0px;--awb-spacing-right-large:3.84%;--awb-margin-bottom-large:20px;--awb-spacing-left-large:3.84%;--awb-width-medium:50%;--awb-order-medium:0;--awb-spacing-right-medium:3.84%;--awb-spacing-left-medium:3.84%;--awb-width-small:100%;--awb-order-small:0;--awb-spacing-right-small:1.92%;--awb-spacing-left-small:1.92%;\"><div class=\"fusion-column-wrapper fusion-column-has-shadow fusion-flex-justify-content-flex-start fusion-content-layout-column\"><div class=\"fusion-title title fusion-title-7 fusion-sep-none fusion-title-text fusion-title-size-three\" style=\"--awb-margin-top-small:10px;--awb-margin-right-small:0px;--awb-margin-bottom-small:10px;--awb-margin-left-small:0px;\"><h3 class=\"fusion-title-heading title-heading-left\" style=\"margin:0;\">Sz\u00e1mlakeres\u00e9s sz\u00e1mos be\u00e9p\u00edtett sz\u0171r\u0151 funkci\u00f3val, adatexport<\/h3><\/div><div class=\"fusion-text fusion-text-6\"><p>A sz\u00e1ml\u00e1k k\u00f6z\u00f6tt kereshet a sz\u00e1ll\u00edt\u00f3 c\u00e9g neve, d\u00e1tum t\u00edpusok alapj\u00e1n, de finom\u00edthatja a sz\u0171r\u00e9st sz\u00e1ml\u00e1k t\u00edpusa, st\u00e1tusza, \u00f6sszege, vagy ak\u00e1r sz\u00e1mlasz\u00e1m, iktat\u00e1si sz\u00e1m \u00e9s k\u00f6lts\u00e9ghely alapj\u00e1n is. A kilist\u00e1zott sz\u00e1mlaadatok k\u00f6nnyen export\u00e1lhat\u00f3k PDF, Excel vagy CSV form\u00e1tumba is.<\/p>\n<\/div><div class=\"fusion-title title fusion-title-8 fusion-sep-none fusion-title-text fusion-title-size-three\" style=\"--awb-margin-top-small:10px;--awb-margin-right-small:0px;--awb-margin-bottom-small:10px;--awb-margin-left-small:0px;\"><h3 class=\"fusion-title-heading title-heading-left\" style=\"margin:0;\">Sz\u00e1ll\u00edt\u00f3i partneradatok egy helyen<\/h3><\/div><div class=\"fusion-text fusion-text-7\"><p>A sz\u00e1ll\u00edt\u00f3i n\u00e9v, ad\u00f3sz\u00e1m, kapcsolattart\u00f3 alapj\u00e1n gyorsan kereshet a sz\u00e1ll\u00edt\u00f3 partnerek t\u00f6rzsadati k\u00f6z\u00f6tt.<\/p>\n<\/div><div class=\"fusion-title title fusion-title-9 fusion-sep-none fusion-title-text fusion-title-size-three\" style=\"--awb-margin-top-small:10px;--awb-margin-right-small:0px;--awb-margin-bottom-small:10px;--awb-margin-left-small:0px;\"><h3 class=\"fusion-title-heading title-heading-left\" style=\"margin:0;\">K\u00f6nyvel\u0151 automatikus \u00e9rtes\u00edt\u00e9se<\/h3><\/div><div class=\"fusion-text fusion-text-8\"><p>A sz\u00e1mla j\u00f3v\u00e1hagy\u00e1s\u00e1t k\u00f6vet\u0151en k\u00f6nyvel\u0151je automatikus e-mail \u00fczenetet kap a sz\u00e1ml\u00e1r\u00f3l, nincs sz\u00fcks\u00e9g tov\u00e1bbi levelez\u00e9sre.<\/p>\n<\/div><\/div><\/div><div class=\"fusion-layout-column fusion_builder_column fusion-builder-column-6 fusion_builder_column_1_2 1_2 fusion-flex-column\" style=\"--awb-bg-size:cover;--awb-width-large:50%;--awb-margin-top-large:0px;--awb-spacing-right-large:3.84%;--awb-margin-bottom-large:20px;--awb-spacing-left-large:3.84%;--awb-width-medium:50%;--awb-order-medium:0;--awb-spacing-right-medium:3.84%;--awb-spacing-left-medium:3.84%;--awb-width-small:100%;--awb-order-small:0;--awb-spacing-right-small:1.92%;--awb-spacing-left-small:1.92%;\"><div class=\"fusion-column-wrapper fusion-column-has-shadow fusion-flex-justify-content-flex-start fusion-content-layout-column\"><div class=\"fusion-lottie fusion-lottie-3\" data-id=\"3\"><div class=\"fusion-lottie-animation\" data-path=\"https:\/\/www.helpfordesk.com\/hu\/wp-content\/uploads\/2022\/12\/lf20_txolxg6c.json\" data-loop=\"0\" data-reverse=\"0\" data-speed=\"1\" data-trigger=\"none\"><lottie-player speed=\"1\"><\/lottie-player><\/div><\/div><\/div><\/div><\/div><\/div><div class=\"fusion-fullwidth fullwidth-box fusion-builder-row-4 fusion-flex-container has-pattern-background has-mask-background nonhundred-percent-fullwidth non-hundred-percent-height-scrolling\" style=\"--awb-border-radius-top-left:0px;--awb-border-radius-top-right:0px;--awb-border-radius-bottom-right:0px;--awb-border-radius-bottom-left:0px;--awb-flex-wrap:wrap;\" ><div class=\"fusion-builder-row fusion-row fusion-flex-align-items-flex-start fusion-flex-content-wrap\" style=\"max-width:1248px;margin-left: calc(-4% \/ 2 );margin-right: calc(-4% \/ 2 );\"><div class=\"fusion-layout-column fusion_builder_column fusion-builder-column-7 fusion_builder_column_1_1 1_1 fusion-flex-column\" style=\"--awb-bg-size:cover;--awb-width-large:100%;--awb-margin-top-large:0px;--awb-spacing-right-large:1.92%;--awb-margin-bottom-large:20px;--awb-spacing-left-large:1.92%;--awb-width-medium:100%;--awb-order-medium:0;--awb-spacing-right-medium:1.92%;--awb-spacing-left-medium:1.92%;--awb-width-small:100%;--awb-order-small:0;--awb-spacing-right-small:1.92%;--awb-spacing-left-small:1.92%;\"><div class=\"fusion-column-wrapper fusion-column-has-shadow fusion-flex-justify-content-flex-start fusion-content-layout-column\"><div style=\"text-align:center;\"><a class=\"fusion-button button-flat button-xlarge button-default fusion-button-default button-1 fusion-button-default-span fusion-button-default-type\" target=\"_self\" href=\"https:\/\/www.helpfordesk.com\/signup?lang=hun\"><span class=\"fusion-button-text awb-button__text awb-button__text--default\">Ingyen kipr\u00f3b\u00e1lom <\/span><\/a><\/div><\/div><\/div><\/div><\/div><\/p>\n","protected":false},"excerpt":{"rendered":"","protected":false},"author":1,"featured_media":0,"parent":0,"menu_order":601,"comment_status":"closed","ping_status":"closed","template":"100-width.php","meta":{"_bbp_topic_count":0,"_bbp_reply_count":0,"_bbp_total_topic_count":0,"_bbp_total_reply_count":0,"_bbp_voice_count":0,"_bbp_anonymous_reply_count":0,"_bbp_topic_count_hidden":0,"_bbp_reply_count_hidden":0,"_bbp_forum_subforum_count":0,"footnotes":"","_wp_rev_ctl_limit":""},"class_list":["post-6295","page","type-page","status-publish","hentry"],"_links":{"self":[{"href":"https:\/\/www.helpfordesk.com\/hu\/wp-json\/wp\/v2\/pages\/6295","targetHints":{"allow":["GET"]}}],"collection":[{"href":"https:\/\/www.helpfordesk.com\/hu\/wp-json\/wp\/v2\/pages"}],"about":[{"href":"https:\/\/www.helpfordesk.com\/hu\/wp-json\/wp\/v2\/types\/page"}],"author":[{"embeddable":true,"href":"https:\/\/www.helpfordesk.com\/hu\/wp-json\/wp\/v2\/users\/1"}],"replies":[{"embeddable":true,"href":"https:\/\/www.helpfordesk.com\/hu\/wp-json\/wp\/v2\/comments?post=6295"}],"version-history":[{"count":1,"href":"https:\/\/www.helpfordesk.com\/hu\/wp-json\/wp\/v2\/pages\/6295\/revisions"}],"predecessor-version":[{"id":19530,"href":"https:\/\/www.helpfordesk.com\/hu\/wp-json\/wp\/v2\/pages\/6295\/revisions\/19530"}],"wp:attachment":[{"href":"https:\/\/www.helpfordesk.com\/hu\/wp-json\/wp\/v2\/media?parent=6295"}],"curies":[{"name":"wp","href":"https:\/\/api.w.org\/{rel}","templated":true}]}}