{"id":5862,"date":"2023-01-03T12:38:12","date_gmt":"2023-01-03T11:38:12","guid":{"rendered":"https:\/\/www.helpfordesk.com\/hu\/?page_id=5862"},"modified":"2023-01-04T00:58:33","modified_gmt":"2023-01-03T23:58:33","slug":"felho-alapu-munkaido-nyilvantartas","status":"publish","type":"page","link":"https:\/\/www.helpfordesk.com\/hu\/felho-alapu-munkaido-nyilvantartas\/","title":{"rendered":"Felh\u0151 alap\u00fa munkaid\u0151 nyilv\u00e1ntart\u00e1s ,ingyenes online munkaid\u0151 nyilv\u00e1ntart\u00f3 rendszer"},"content":{"rendered":"<p><div class=\"fusion-fullwidth fullwidth-box fusion-builder-row-1 fusion-flex-container has-pattern-background has-mask-background nonhundred-percent-fullwidth non-hundred-percent-height-scrolling\" style=\"--awb-border-radius-top-left:0px;--awb-border-radius-top-right:0px;--awb-border-radius-bottom-right:0px;--awb-border-radius-bottom-left:0px;--awb-flex-wrap:wrap;\" ><div class=\"fusion-builder-row fusion-row fusion-flex-align-items-flex-start fusion-flex-content-wrap\" style=\"max-width:1248px;margin-left: calc(-4% \/ 2 );margin-right: calc(-4% \/ 2 );\"><div class=\"fusion-layout-column fusion_builder_column fusion-builder-column-0 fusion_builder_column_1_1 1_1 fusion-flex-column\" style=\"--awb-bg-size:cover;--awb-width-large:100%;--awb-margin-top-large:0px;--awb-spacing-right-large:1.92%;--awb-margin-bottom-large:20px;--awb-spacing-left-large:1.92%;--awb-width-medium:100%;--awb-order-medium:0;--awb-spacing-right-medium:1.92%;--awb-spacing-left-medium:1.92%;--awb-width-small:100%;--awb-order-small:0;--awb-spacing-right-small:1.92%;--awb-spacing-left-small:1.92%;\"><div class=\"fusion-column-wrapper fusion-column-has-shadow fusion-flex-justify-content-flex-start fusion-content-layout-column\"><div class=\"fusion-title title fusion-title-1 fusion-sep-none fusion-title-center fusion-title-text fusion-title-size-one\" style=\"--awb-margin-top-small:10px;--awb-margin-right-small:0px;--awb-margin-bottom-small:10px;--awb-margin-left-small:0px;\"><h1 class=\"fusion-title-heading title-heading-center\" style=\"margin:0;\">Felh\u0151 alap\u00fa munkaid\u0151 nyilv\u00e1ntart\u00e1s<\/h1><\/div><\/div><\/div><\/div><\/div><div class=\"fusion-fullwidth fullwidth-box fusion-builder-row-2 fusion-flex-container has-pattern-background has-mask-background nonhundred-percent-fullwidth non-hundred-percent-height-scrolling\" style=\"--awb-border-radius-top-left:0px;--awb-border-radius-top-right:0px;--awb-border-radius-bottom-right:0px;--awb-border-radius-bottom-left:0px;--awb-flex-wrap:wrap;\" ><div class=\"fusion-builder-row fusion-row fusion-flex-align-items-flex-start fusion-flex-content-wrap\" style=\"max-width:1248px;margin-left: calc(-4% \/ 2 );margin-right: calc(-4% \/ 2 );\"><div class=\"fusion-layout-column fusion_builder_column fusion-builder-column-1 fusion_builder_column_1_1 1_1 fusion-flex-column\" style=\"--awb-bg-size:cover;--awb-width-large:100%;--awb-margin-top-large:0px;--awb-spacing-right-large:1.92%;--awb-margin-bottom-large:20px;--awb-spacing-left-large:1.92%;--awb-width-medium:100%;--awb-order-medium:0;--awb-spacing-right-medium:1.92%;--awb-spacing-left-medium:1.92%;--awb-width-small:100%;--awb-order-small:0;--awb-spacing-right-small:1.92%;--awb-spacing-left-small:1.92%;\"><div class=\"fusion-column-wrapper fusion-column-has-shadow fusion-flex-justify-content-flex-start fusion-content-layout-column\"><div class=\"fusion-text fusion-text-1\"><p>Felh\u0151 alap\u00fa munkaid\u0151 nyilv\u00e1ntart\u00e1s mely egy praktikus, k\u00f6nnyen haszn\u00e1lhat\u00f3 munkaid\u0151 nyilv\u00e1ntart\u00f3 rendszer, ingyenes konstrukci\u00f3ban is el\u00e9rhet\u0151, jelent\u0151s befektet\u00e9s n\u00e9lk\u00fcl.<\/p>\n<\/div><\/div><\/div><div class=\"fusion-layout-column fusion_builder_column fusion-builder-column-2 fusion_builder_column_1_2 1_2 fusion-flex-column\" style=\"--awb-bg-size:cover;--awb-width-large:50%;--awb-margin-top-large:0px;--awb-spacing-right-large:3.84%;--awb-margin-bottom-large:20px;--awb-spacing-left-large:3.84%;--awb-width-medium:50%;--awb-order-medium:0;--awb-spacing-right-medium:3.84%;--awb-spacing-left-medium:3.84%;--awb-width-small:100%;--awb-order-small:0;--awb-spacing-right-small:1.92%;--awb-spacing-left-small:1.92%;\"><div class=\"fusion-column-wrapper fusion-column-has-shadow fusion-flex-justify-content-flex-start fusion-content-layout-column\"><div class=\"fusion-text fusion-text-2\"><p>A Helpfordesk egy praktikus, felh\u0151 alap\u00fa munkaid\u0151 nyilv\u00e1ntart\u00f3 rendszer, amely kezdeti nagy anyagi befektet\u00e9s n\u00e9lk\u00fcl, havid\u00edjas alapon vehet\u0151 ig\u00e9nybe.<\/p>\n<p>Sz\u00e1m\u00edt\u00f3g\u00e9pen \u00e9s okostelefonos mobilapplik\u00e1ci\u00f3 seg\u00edts\u00e9g\u00e9vel megold\u00e1st ny\u00fajt a munkaid\u0151 nyilv\u00e1ntart\u00e1s \u00e9s b\u00e9rsz\u00e1mfejt\u00e9s mindennapos probl\u00e9m\u00e1ira a mikro- kis \u00e9s k\u00f6zepes v\u00e1llalkoz\u00e1sok sz\u00e1m\u00e1ra egyar\u00e1nt.<\/p>\n<\/div><\/div><\/div><div class=\"fusion-layout-column fusion_builder_column fusion-builder-column-3 fusion_builder_column_1_2 1_2 fusion-flex-column\" style=\"--awb-bg-size:cover;--awb-width-large:50%;--awb-margin-top-large:0px;--awb-spacing-right-large:3.84%;--awb-margin-bottom-large:20px;--awb-spacing-left-large:3.84%;--awb-width-medium:50%;--awb-order-medium:0;--awb-spacing-right-medium:3.84%;--awb-spacing-left-medium:3.84%;--awb-width-small:100%;--awb-order-small:0;--awb-spacing-right-small:1.92%;--awb-spacing-left-small:1.92%;\"><div class=\"fusion-column-wrapper fusion-column-has-shadow fusion-flex-justify-content-flex-start fusion-content-layout-column\"><div class=\"fusion-text fusion-text-3\"><p>Az al\u00e1bbiakat megold\u00e1sokat tartalmazza:<\/p>\n<p>Mobilapplik\u00e1ci\u00f3 a k\u00f6nny\u0171 kezelhet\u0151s\u00e9g\u00e9rt, webes fel\u00fclet a sz\u00e1m\u00edt\u00f3g\u00e9pr\u0151l t\u00f6rt\u00e9n\u0151 kezel\u00e9shez<br \/>\nSzabads\u00e1g ig\u00e9nyl\u00e9s \u00e9s j\u00f3v\u00e1hagy\u00e1s<br \/>\nVal\u00f3s idej\u0171 jelenl\u00e9t adatok el\u00e9r\u00e9se<br \/>\nRugalmas munkaid\u0151 kezel\u00e9se \u00e9s nyilv\u00e1ntart\u00e1sa<br \/>\nT\u00f6bb m\u0171szakos munkarendek kezel\u00e9se<br \/>\nEgyedi munkaid\u0151 riportok<\/p>\n<\/div><\/div><\/div><\/div><\/div><div class=\"fusion-fullwidth fullwidth-box fusion-builder-row-3 fusion-flex-container has-pattern-background has-mask-background nonhundred-percent-fullwidth non-hundred-percent-height-scrolling\" style=\"--awb-border-radius-top-left:0px;--awb-border-radius-top-right:0px;--awb-border-radius-bottom-right:0px;--awb-border-radius-bottom-left:0px;--awb-flex-wrap:wrap;\" ><div class=\"fusion-builder-row fusion-row fusion-flex-align-items-flex-start fusion-flex-content-wrap\" style=\"max-width:1248px;margin-left: calc(-4% \/ 2 );margin-right: calc(-4% \/ 2 );\"><div class=\"fusion-layout-column fusion_builder_column fusion-builder-column-4 fusion_builder_column_1_2 1_2 fusion-flex-column\" style=\"--awb-bg-size:cover;--awb-width-large:50%;--awb-margin-top-large:0px;--awb-spacing-right-large:3.84%;--awb-margin-bottom-large:20px;--awb-spacing-left-large:3.84%;--awb-width-medium:50%;--awb-order-medium:0;--awb-spacing-right-medium:3.84%;--awb-spacing-left-medium:3.84%;--awb-width-small:100%;--awb-order-small:0;--awb-spacing-right-small:1.92%;--awb-spacing-left-small:1.92%;\"><div class=\"fusion-column-wrapper fusion-column-has-shadow fusion-flex-justify-content-flex-start fusion-content-layout-column\"><div class=\"fusion-text fusion-text-4\"><p>felh\u0151 alap\u00fa munkaid\u0151 nyilv\u00e1ntart\u00f3 rendszer<\/p>\n<\/div><div class=\"fusion-title title fusion-title-2 fusion-sep-none fusion-title-text fusion-title-size-two\" style=\"--awb-margin-top-small:10px;--awb-margin-right-small:0px;--awb-margin-bottom-small:10px;--awb-margin-left-small:0px;\"><h2 class=\"fusion-title-heading title-heading-left\" style=\"margin:0;\">Milyen seg\u00edts\u00e9get ny\u00fajt a mobil alkalmaz\u00e1s?<\/h2><\/div><div class=\"fusion-text fusion-text-5\"><p>Az applik\u00e1ci\u00f3 igazodik haszn\u00e1l\u00f3k ig\u00e9nyeihez, gyors \u00e9s er\u0151fesz\u00edt\u00e9st nem ig\u00e9nyl\u0151 munkaid\u0151 nyilv\u00e1ntart\u00e1st tesz lehet\u0151v\u00e9 az okostelefonjukon kereszt\u00fcl. Az alkalmaz\u00e1s seg\u00edts\u00e9g\u00e9vel egy kattint\u00e1ssal hivatalosan megkezdhetik a munk\u00e1t az alkalmazottak, illetve ugyan ezen a m\u00f3don be is fejezhetik azt, \u00edgy a munkaid\u0151 nyilv\u00e1ntart\u00e1sa nem v\u00e1lik plusz ny\u0171gg\u00e9 az alkalmazottak sz\u00e1m\u00e1ra.<\/p>\n<\/div><\/div><\/div><div class=\"fusion-layout-column fusion_builder_column fusion-builder-column-5 fusion_builder_column_1_2 1_2 fusion-flex-column\" style=\"--awb-bg-size:cover;--awb-width-large:50%;--awb-margin-top-large:0px;--awb-spacing-right-large:3.84%;--awb-margin-bottom-large:20px;--awb-spacing-left-large:3.84%;--awb-width-medium:50%;--awb-order-medium:0;--awb-spacing-right-medium:3.84%;--awb-spacing-left-medium:3.84%;--awb-width-small:100%;--awb-order-small:0;--awb-spacing-right-small:1.92%;--awb-spacing-left-small:1.92%;\"><div class=\"fusion-column-wrapper fusion-column-has-shadow fusion-flex-justify-content-flex-start fusion-content-layout-column\"><div class=\"fusion-image-element \" style=\"--awb-caption-title-font-family:var(--h2_typography-font-family);--awb-caption-title-font-weight:var(--h2_typography-font-weight);--awb-caption-title-font-style:var(--h2_typography-font-style);--awb-caption-title-size:var(--h2_typography-font-size);--awb-caption-title-transform:var(--h2_typography-text-transform);--awb-caption-title-line-height:var(--h2_typography-line-height);--awb-caption-title-letter-spacing:var(--h2_typography-letter-spacing);\"><span class=\" fusion-imageframe imageframe-none imageframe-1 hover-type-none\"><img decoding=\"async\" width=\"640\" height=\"640\" alt=\"felh\u0151 alap\u00fa munkaid\u0151 nyilv\u00e1ntart\u00f3 rendszer\" title=\"service-05\" src=\"https:\/\/www.helpfordesk.com\/hu\/wp-content\/uploads\/sites\/2\/2023\/01\/service-05.jpg\" data-orig-src=\"https:\/\/www.helpfordesk.com\/hu\/wp-content\/uploads\/2023\/01\/service-05.jpg\" class=\"lazyload img-responsive wp-image-5840\" srcset=\"data:image\/svg+xml,%3Csvg%20xmlns%3D%27http%3A%2F%2Fwww.w3.org%2F2000%2Fsvg%27%20width%3D%27640%27%20height%3D%27640%27%20viewBox%3D%270%200%20640%20640%27%3E%3Crect%20width%3D%27640%27%20height%3D%27640%27%20fill-opacity%3D%220%22%2F%3E%3C%2Fsvg%3E\" data-srcset=\"https:\/\/www.helpfordesk.com\/hu\/wp-content\/uploads\/sites\/2\/2023\/01\/service-05-200x200.jpg 200w, https:\/\/www.helpfordesk.com\/hu\/wp-content\/uploads\/sites\/2\/2023\/01\/service-05-400x400.jpg 400w, https:\/\/www.helpfordesk.com\/hu\/wp-content\/uploads\/sites\/2\/2023\/01\/service-05-600x600.jpg 600w, https:\/\/www.helpfordesk.com\/hu\/wp-content\/uploads\/sites\/2\/2023\/01\/service-05.jpg 640w\" data-sizes=\"auto\" data-orig-sizes=\"(max-width: 640px) 100vw, 600px\" \/><\/span><\/div><\/div><\/div><\/div><\/div><div class=\"fusion-fullwidth fullwidth-box fusion-builder-row-4 fusion-flex-container has-pattern-background has-mask-background nonhundred-percent-fullwidth non-hundred-percent-height-scrolling\" style=\"--awb-border-radius-top-left:0px;--awb-border-radius-top-right:0px;--awb-border-radius-bottom-right:0px;--awb-border-radius-bottom-left:0px;--awb-flex-wrap:wrap;\" ><div class=\"fusion-builder-row fusion-row fusion-flex-align-items-flex-start fusion-flex-content-wrap\" style=\"max-width:1248px;margin-left: calc(-4% \/ 2 );margin-right: calc(-4% \/ 2 );\"><div class=\"fusion-layout-column fusion_builder_column fusion-builder-column-6 fusion_builder_column_1_2 1_2 fusion-flex-column\" style=\"--awb-bg-size:cover;--awb-width-large:50%;--awb-margin-top-large:0px;--awb-spacing-right-large:3.84%;--awb-margin-bottom-large:20px;--awb-spacing-left-large:3.84%;--awb-width-medium:50%;--awb-order-medium:0;--awb-spacing-right-medium:3.84%;--awb-spacing-left-medium:3.84%;--awb-width-small:100%;--awb-order-small:0;--awb-spacing-right-small:1.92%;--awb-spacing-left-small:1.92%;\"><div class=\"fusion-column-wrapper fusion-column-has-shadow fusion-flex-justify-content-flex-start fusion-content-layout-column\"><div class=\"fusion-image-element \" style=\"--awb-caption-title-font-family:var(--h2_typography-font-family);--awb-caption-title-font-weight:var(--h2_typography-font-weight);--awb-caption-title-font-style:var(--h2_typography-font-style);--awb-caption-title-size:var(--h2_typography-font-size);--awb-caption-title-transform:var(--h2_typography-text-transform);--awb-caption-title-line-height:var(--h2_typography-line-height);--awb-caption-title-letter-spacing:var(--h2_typography-letter-spacing);\"><span class=\" fusion-imageframe imageframe-none imageframe-2 hover-type-none\"><img decoding=\"async\" width=\"768\" height=\"428\" alt=\"automatiz\u00e1lt riportokkal, jelent\u00e9sekkel \u00e9s automatikus adatk\u00fcld\u00e9ssel a b\u00e9rsz\u00e1mfejt\u0151 szoftver fel\u00e9.\" title=\"helpfordesk_felho_alapu_munkaido_nyilvantartas_calendar\" src=\"https:\/\/www.helpfordesk.com\/hu\/wp-content\/uploads\/sites\/2\/2023\/01\/helpfordesk_felho_alapu_munkaido_nyilvantartas_calendar.png\" data-orig-src=\"https:\/\/www.helpfordesk.com\/hu\/wp-content\/uploads\/2023\/01\/helpfordesk_felho_alapu_munkaido_nyilvantartas_calendar.png\" class=\"lazyload img-responsive wp-image-5874\" srcset=\"data:image\/svg+xml,%3Csvg%20xmlns%3D%27http%3A%2F%2Fwww.w3.org%2F2000%2Fsvg%27%20width%3D%27768%27%20height%3D%27428%27%20viewBox%3D%270%200%20768%20428%27%3E%3Crect%20width%3D%27768%27%20height%3D%27428%27%20fill-opacity%3D%220%22%2F%3E%3C%2Fsvg%3E\" data-srcset=\"https:\/\/www.helpfordesk.com\/hu\/wp-content\/uploads\/sites\/2\/2023\/01\/helpfordesk_felho_alapu_munkaido_nyilvantartas_calendar-200x111.png 200w, https:\/\/www.helpfordesk.com\/hu\/wp-content\/uploads\/sites\/2\/2023\/01\/helpfordesk_felho_alapu_munkaido_nyilvantartas_calendar-400x223.png 400w, https:\/\/www.helpfordesk.com\/hu\/wp-content\/uploads\/sites\/2\/2023\/01\/helpfordesk_felho_alapu_munkaido_nyilvantartas_calendar-600x334.png 600w, https:\/\/www.helpfordesk.com\/hu\/wp-content\/uploads\/sites\/2\/2023\/01\/helpfordesk_felho_alapu_munkaido_nyilvantartas_calendar.png 768w\" data-sizes=\"auto\" data-orig-sizes=\"(max-width: 640px) 100vw, 600px\" \/><\/span><\/div><\/div><\/div><div class=\"fusion-layout-column fusion_builder_column fusion-builder-column-7 fusion_builder_column_1_2 1_2 fusion-flex-column\" style=\"--awb-bg-size:cover;--awb-width-large:50%;--awb-margin-top-large:0px;--awb-spacing-right-large:3.84%;--awb-margin-bottom-large:20px;--awb-spacing-left-large:3.84%;--awb-width-medium:50%;--awb-order-medium:0;--awb-spacing-right-medium:3.84%;--awb-spacing-left-medium:3.84%;--awb-width-small:100%;--awb-order-small:0;--awb-spacing-right-small:1.92%;--awb-spacing-left-small:1.92%;\"><div class=\"fusion-column-wrapper fusion-column-has-shadow fusion-flex-justify-content-flex-start fusion-content-layout-column\"><div class=\"fusion-title title fusion-title-3 fusion-sep-none fusion-title-text fusion-title-size-two\" style=\"--awb-margin-top-small:10px;--awb-margin-right-small:0px;--awb-margin-bottom-small:10px;--awb-margin-left-small:0px;\"><h2 class=\"fusion-title-heading title-heading-left\" style=\"margin:0;\">Milyen integr\u00e1ci\u00f3s lehet\u0151s\u00e9geket biztos\u00edt?<\/h2><\/div><div class=\"fusion-text fusion-text-6\"><p>Az Helpfordesk seg\u00edti a pontos b\u00e9rsz\u00e1mfejt\u00e9st automatiz\u00e1lt riportokkal, jelent\u00e9sekkel \u00e9s automatikus adatk\u00fcld\u00e9ssel a b\u00e9rsz\u00e1mfejt\u0151 szoftver fel\u00e9. Biztos\u00edtja az \u00f3ra alap\u00fa m\u00e9r\u00e9st valamennyi fontos esem\u00e9nyhez: munkaid\u0151, t\u00fal\u00f3ra, munkasz\u00fcneti \u00e9s munka n\u00e9lk\u00fcli napok, vak\u00e1ci\u00f3 \u00e9s t\u00e1voll\u00e9t, eb\u00e9dsz\u00fcnet \u00e9s r\u00f6vid sz\u00fcnetek, fizetett szabads\u00e1g, napi elv\u00e1rt munkaid\u0151.<\/p>\n<\/div><\/div><\/div><\/div><\/div><div class=\"fusion-fullwidth fullwidth-box fusion-builder-row-5 fusion-flex-container has-pattern-background has-mask-background nonhundred-percent-fullwidth non-hundred-percent-height-scrolling\" style=\"--awb-border-radius-top-left:0px;--awb-border-radius-top-right:0px;--awb-border-radius-bottom-right:0px;--awb-border-radius-bottom-left:0px;--awb-flex-wrap:wrap;\" ><div class=\"fusion-builder-row fusion-row fusion-flex-align-items-flex-start fusion-flex-content-wrap\" style=\"max-width:1248px;margin-left: calc(-4% \/ 2 );margin-right: calc(-4% \/ 2 );\"><div class=\"fusion-layout-column fusion_builder_column fusion-builder-column-8 fusion_builder_column_1_2 1_2 fusion-flex-column\" style=\"--awb-bg-size:cover;--awb-width-large:50%;--awb-margin-top-large:0px;--awb-spacing-right-large:3.84%;--awb-margin-bottom-large:20px;--awb-spacing-left-large:3.84%;--awb-width-medium:50%;--awb-order-medium:0;--awb-spacing-right-medium:3.84%;--awb-spacing-left-medium:3.84%;--awb-width-small:100%;--awb-order-small:0;--awb-spacing-right-small:1.92%;--awb-spacing-left-small:1.92%;\"><div class=\"fusion-column-wrapper fusion-column-has-shadow fusion-flex-justify-content-flex-start fusion-content-layout-column\"><\/div><\/div><div class=\"fusion-layout-column fusion_builder_column fusion-builder-column-9 fusion_builder_column_1_2 1_2 fusion-flex-column\" style=\"--awb-bg-size:cover;--awb-width-large:50%;--awb-margin-top-large:0px;--awb-spacing-right-large:3.84%;--awb-margin-bottom-large:20px;--awb-spacing-left-large:3.84%;--awb-width-medium:50%;--awb-order-medium:0;--awb-spacing-right-medium:3.84%;--awb-spacing-left-medium:3.84%;--awb-width-small:100%;--awb-order-small:0;--awb-spacing-right-small:1.92%;--awb-spacing-left-small:1.92%;\"><div class=\"fusion-column-wrapper fusion-column-has-shadow fusion-flex-justify-content-flex-start fusion-content-layout-column\"><\/div><\/div><\/div><\/div><\/p>\n","protected":false},"excerpt":{"rendered":"","protected":false},"author":1,"featured_media":0,"parent":0,"menu_order":0,"comment_status":"closed","ping_status":"closed","template":"100-width.php","meta":{"_bbp_topic_count":0,"_bbp_reply_count":0,"_bbp_total_topic_count":0,"_bbp_total_reply_count":0,"_bbp_voice_count":0,"_bbp_anonymous_reply_count":0,"_bbp_topic_count_hidden":0,"_bbp_reply_count_hidden":0,"_bbp_forum_subforum_count":0,"footnotes":"","_wp_rev_ctl_limit":""},"class_list":["post-5862","page","type-page","status-publish","hentry"],"_links":{"self":[{"href":"https:\/\/www.helpfordesk.com\/hu\/wp-json\/wp\/v2\/pages\/5862","targetHints":{"allow":["GET"]}}],"collection":[{"href":"https:\/\/www.helpfordesk.com\/hu\/wp-json\/wp\/v2\/pages"}],"about":[{"href":"https:\/\/www.helpfordesk.com\/hu\/wp-json\/wp\/v2\/types\/page"}],"author":[{"embeddable":true,"href":"https:\/\/www.helpfordesk.com\/hu\/wp-json\/wp\/v2\/users\/1"}],"replies":[{"embeddable":true,"href":"https:\/\/www.helpfordesk.com\/hu\/wp-json\/wp\/v2\/comments?post=5862"}],"version-history":[{"count":0,"href":"https:\/\/www.helpfordesk.com\/hu\/wp-json\/wp\/v2\/pages\/5862\/revisions"}],"wp:attachment":[{"href":"https:\/\/www.helpfordesk.com\/hu\/wp-json\/wp\/v2\/media?parent=5862"}],"curies":[{"name":"wp","href":"https:\/\/api.w.org\/{rel}","templated":true}]}}