{"id":5140,"date":"2022-12-12T22:31:58","date_gmt":"2022-12-12T22:31:58","guid":{"rendered":"https:\/\/www.helpfordesk.com\/hu\/?page_id=5140"},"modified":"2023-01-11T17:00:28","modified_gmt":"2023-01-11T16:00:28","slug":"helpfordesk-a-felhoalapu-adatrogzites","status":"publish","type":"page","link":"https:\/\/www.helpfordesk.com\/hu\/helpfordesk-a-felhoalapu-adatrogzites\/","title":{"rendered":"Helpfordesk A felh\u0151alap\u00fa adatr\u00f6gz\u00edt\u00e9s"},"content":{"rendered":"<div class=\"fusion-fullwidth fullwidth-box fusion-builder-row-1 fusion-flex-container has-pattern-background has-mask-background nonhundred-percent-fullwidth non-hundred-percent-height-scrolling\" style=\"--awb-border-radius-top-left:0px;--awb-border-radius-top-right:0px;--awb-border-radius-bottom-right:0px;--awb-border-radius-bottom-left:0px;--awb-flex-wrap:wrap;\" ><div class=\"fusion-builder-row fusion-row fusion-flex-align-items-flex-start fusion-flex-content-wrap\" style=\"max-width:1248px;margin-left: calc(-4% \/ 2 );margin-right: calc(-4% \/ 2 );\"><div class=\"fusion-layout-column fusion_builder_column fusion-builder-column-0 fusion_builder_column_1_1 1_1 fusion-flex-column\" style=\"--awb-bg-size:cover;--awb-width-large:100%;--awb-margin-top-large:0px;--awb-spacing-right-large:1.92%;--awb-margin-bottom-large:20px;--awb-spacing-left-large:1.92%;--awb-width-medium:100%;--awb-order-medium:0;--awb-spacing-right-medium:1.92%;--awb-spacing-left-medium:1.92%;--awb-width-small:100%;--awb-order-small:0;--awb-spacing-right-small:1.92%;--awb-spacing-left-small:1.92%;\"><div class=\"fusion-column-wrapper fusion-column-has-shadow fusion-flex-justify-content-flex-start fusion-content-layout-column\"><div class=\"fusion-text fusion-text-1\"><p><span class=\"HwtZe\" lang=\"hu\"><span class=\"jCAhz ChMk0b\"><span class=\"ryNqvb\">A Helpfordesk felh\u0151alap\u00fa adatr\u00f6gz\u00edt\u00e9s lehet\u0151v\u00e9 teszi az \u00fczleti dokumentumok r\u00f6gz\u00edt\u00e9s\u00e9t, felismer\u00e9s\u00e9t \u00e9s oszt\u00e1lyoz\u00e1s\u00e1t.<\/span><\/span> <span class=\"jCAhz ChMk0b\"><span class=\"ryNqvb\">Gyorsan \u00e9s pontosan kinyeri \u00e9s hiteles\u00edti az inform\u00e1ci\u00f3kat ezekb\u0151l a dokumentumokb\u00f3l \u00fczleti felhaszn\u00e1l\u00f3k \u00e9s alkalmaz\u00e1sokban val\u00f3 haszn\u00e1latra.<\/span><\/span> <span class=\"jCAhz ChMk0b\"><span class=\"ryNqvb\">A Helpfordesk t\u00e1mogatja a t\u00f6bbcsatorn\u00e1s r\u00f6gz\u00edt\u00e9st a dokumentumok szkennereken, mobileszk\u00f6z\u00f6k\u00f6n, t\u00f6bbfunkci\u00f3s perif\u00e9ri\u00e1kon, e-mailben, faxon \u00e9s digit\u00e1lis f\u00e1jlfolyamokon t\u00f6rt\u00e9n\u0151 feldolgoz\u00e1s\u00e1val.<\/span><\/span> <span class=\"jCAhz ChMk0b\"><span class=\"ryNqvb\">Jellemz\u0151k<\/span><\/span> <span class=\"jCAhz ChMk0b\"><span class=\"ryNqvb\">T\u00f6bbcsatorn\u00e1s r\u00f6gz\u00edt\u00e9s, beolvas\u00e1s, fax, e-mail, MFP \u00e9s mobil<\/span><\/span> <span class=\"jCAhz ChMk0b\"><span class=\"ryNqvb\">Be\u00e9p\u00edtett OCR \u00e9s ICR felismer\u0151 motorok<\/span><\/span> <span class=\"jCAhz ChMk0b\"><span class=\"ryNqvb\">Kognit\u00edv r\u00f6gz\u00edt\u00e9s a bonyolult, ismeretlen form\u00e1tum\u00fa vagy nagyon v\u00e1ltoz\u00f3 dokumentumok feldolgoz\u00e1s\u00e1nak automatiz\u00e1l\u00e1s\u00e1ra<\/span><\/span> <span class=\"jCAhz ChMk0b\"><span class=\"ryNqvb\">Oszt\u00e1lyoz\u00e1si motor a dokumentumt\u00edpusok automatikus oszt\u00e1lyoz\u00e1s\u00e1ra<\/span><\/span> <span class=\"jCAhz ChMk0b\"><span class=\"ryNqvb\">Szab\u00e1lyalap\u00fa motor b\u0151v\u00edthet\u0151 \u00e9s \u00fajrafelhaszn\u00e1lhat\u00f3 szab\u00e1lyk\u00e9szletekkel<\/span><\/span> <span class=\"jCAhz ChMk0b\"><span class=\"ryNqvb\">T\u00e1mogatja az export\u00e1l\u00e1st sz\u00e1mos c\u00e9lrendszerbe a dokumentumok export\u00e1l\u00e1s\u00e1hoz<\/span><\/span> <span class=\"jCAhz ChMk0b\"><span class=\"ryNqvb\">A mobileszk\u00f6z\u00f6kr\u0151l t\u00f6rt\u00e9n\u0151 r\u00f6gz\u00edt\u00e9s teljes k\u00f6r\u0171 t\u00e1mogat\u00e1sa<\/span><\/span> <span class=\"jCAhz ChMk0b\"><span class=\"ryNqvb\">T\u00e1mogatja a digit\u00e1lis f\u00e1jlok, p\u00e9ld\u00e1ul PDF vagy Office r\u00f6gz\u00edt\u00e9s\u00e9t<\/span><\/span> <span class=\"jCAhz ChMk0b\"><span class=\"ryNqvb\">T\u00f6bb nyelv t\u00e1mogat\u00e1sa<\/span><\/span> <span class=\"jCAhz ChMk0b\"><span class=\"ryNqvb\">Sk\u00e1l\u00e1zhat\u00f3 architekt\u00fara, amely t\u00e1mogatja a k\u00f6zpontos\u00edtott \u00e9s elosztott r\u00f6gz\u00edt\u00e9st<\/span><\/span><\/span><\/p>\n<\/div><div class=\"fusion-text fusion-text-2\"><p><span class=\"HwtZe\" lang=\"hu\"><span class=\"jCAhz ChMk0b\"><span class=\"ryNqvb\">El\u0151ny\u00f6k<\/span><\/span> <span class=\"jCAhz ChMk0b\"><span class=\"ryNqvb\">R\u00f6gz\u00edtsen tartalmat t\u00f6bb csatorn\u00e1r\u00f3l, \u00e9s biztos\u00edtson k\u00f6vetkezetes feldolgoz\u00e1st<\/span><\/span> <span class=\"jCAhz ChMk0b\"><span class=\"ryNqvb\">T\u00e1mogathatja a k\u00f6zponti vagy elosztott r\u00f6gz\u00edt\u00e9st, valamint a mobilt<\/span><\/span> <span class=\"jCAhz ChMk0b\"><span class=\"ryNqvb\">Magas szint\u0171 automatiz\u00e1l\u00e1st biztos\u00edt a dokumentumok oszt\u00e1lyoz\u00e1s\u00e1ban \u00e9s az adatok kinyer\u00e9s\u00e9ben<\/span><\/span> <span class=\"jCAhz ChMk0b\"><span class=\"ryNqvb\">Integr\u00e1ci\u00f3 \u00fczlet\u00e1gi rendszerekkel az adatok ellen\u0151rz\u00e9s\u00e9hez<\/span><\/span> <span class=\"jCAhz ChMk0b\"><span class=\"ryNqvb\">Teljes k\u00f6r\u0171 audit \u00e9s jelent\u00e9sk\u00e9sz\u00edt\u00e9si lehet\u0151s\u00e9g<\/span><\/span> <span class=\"jCAhz ChMk0b\"><span class=\"ryNqvb\">T\u00f6bb dokumentumt\u00edpus \u00e9s t\u00f6bb nyelv t\u00e1mogat\u00e1sa<\/span><\/span> <span class=\"jCAhz ChMk0b\"><span class=\"ryNqvb\">Magas szint\u0171 automatiz\u00e1l\u00e1s magas szint\u0171 adatpontoss\u00e1ggal<\/span><\/span><\/span><\/p>\n<\/div><\/div><\/div><\/div><\/div>\n","protected":false},"excerpt":{"rendered":"","protected":false},"author":1,"featured_media":0,"parent":0,"menu_order":5,"comment_status":"closed","ping_status":"closed","template":"","meta":{"_bbp_topic_count":0,"_bbp_reply_count":0,"_bbp_total_topic_count":0,"_bbp_total_reply_count":0,"_bbp_voice_count":0,"_bbp_anonymous_reply_count":0,"_bbp_topic_count_hidden":0,"_bbp_reply_count_hidden":0,"_bbp_forum_subforum_count":0,"footnotes":"","_wp_rev_ctl_limit":""},"class_list":["post-5140","page","type-page","status-publish","hentry"],"_links":{"self":[{"href":"https:\/\/www.helpfordesk.com\/hu\/wp-json\/wp\/v2\/pages\/5140","targetHints":{"allow":["GET"]}}],"collection":[{"href":"https:\/\/www.helpfordesk.com\/hu\/wp-json\/wp\/v2\/pages"}],"about":[{"href":"https:\/\/www.helpfordesk.com\/hu\/wp-json\/wp\/v2\/types\/page"}],"author":[{"embeddable":true,"href":"https:\/\/www.helpfordesk.com\/hu\/wp-json\/wp\/v2\/users\/1"}],"replies":[{"embeddable":true,"href":"https:\/\/www.helpfordesk.com\/hu\/wp-json\/wp\/v2\/comments?post=5140"}],"version-history":[{"count":0,"href":"https:\/\/www.helpfordesk.com\/hu\/wp-json\/wp\/v2\/pages\/5140\/revisions"}],"wp:attachment":[{"href":"https:\/\/www.helpfordesk.com\/hu\/wp-json\/wp\/v2\/media?parent=5140"}],"curies":[{"name":"wp","href":"https:\/\/api.w.org\/{rel}","templated":true}]}}