{"id":18259,"date":"2025-07-13T09:58:57","date_gmt":"2025-07-13T07:58:57","guid":{"rendered":"https:\/\/www.helpfordesk.com\/hu\/?page_id=18259"},"modified":"2025-07-13T10:24:16","modified_gmt":"2025-07-13T08:24:16","slug":"teruleti-beallitas","status":"publish","type":"page","link":"https:\/\/www.helpfordesk.com\/hu\/teruleti-beallitas\/","title":{"rendered":"Ter\u00fcleti be\u00e1ll\u00edt\u00e1s"},"content":{"rendered":"<div class=\"fusion-fullwidth fullwidth-box fusion-builder-row-1 fusion-flex-container has-pattern-background has-mask-background nonhundred-percent-fullwidth non-hundred-percent-height-scrolling\" style=\"--awb-border-radius-top-left:0px;--awb-border-radius-top-right:0px;--awb-border-radius-bottom-right:0px;--awb-border-radius-bottom-left:0px;--awb-flex-wrap:wrap;\" ><div class=\"fusion-builder-row fusion-row fusion-flex-align-items-flex-start fusion-flex-content-wrap\" style=\"max-width:1248px;margin-left: calc(-4% \/ 2 );margin-right: calc(-4% \/ 2 );\"><div class=\"fusion-layout-column fusion_builder_column fusion-builder-column-0 fusion_builder_column_1_1 1_1 fusion-flex-column\" style=\"--awb-bg-size:cover;--awb-width-large:100%;--awb-margin-top-large:0px;--awb-spacing-right-large:1.92%;--awb-margin-bottom-large:20px;--awb-spacing-left-large:1.92%;--awb-width-medium:100%;--awb-order-medium:0;--awb-spacing-right-medium:1.92%;--awb-spacing-left-medium:1.92%;--awb-width-small:100%;--awb-order-small:0;--awb-spacing-right-small:1.92%;--awb-spacing-left-small:1.92%;\"><div class=\"fusion-column-wrapper fusion-column-has-shadow fusion-flex-justify-content-flex-start fusion-content-layout-column\"><div class=\"fusion-title title fusion-title-1 fusion-sep-none fusion-title-text fusion-title-size-one\" style=\"--awb-margin-top-small:10px;--awb-margin-right-small:0px;--awb-margin-bottom-small:10px;--awb-margin-left-small:0px;\"><h1 class=\"fusion-title-heading title-heading-left\" style=\"margin:0;\"><h2>Az oldal m\u00e1s orsz\u00e1gokban\/r\u00e9gi\u00f3kban:<\/h2><\/h1><\/div><div class=\"fusion-text fusion-text-1\" style=\"--awb-content-alignment:center;\"><h3><a href=\"\/hu\/\">Magyarorsz\u00e1g \u2013 Magyar<\/a><\/h3>\n<h3><a href=\"\/\">United States \u2013 English<\/a><\/h3>\n<h3><a href=\"\/de\/\">Deutschland \u2013 Deutsch<\/a><\/h3>\n<h3><a href=\"\/fr\/\">France \u2013 Fran\u00e7ais<\/a><\/h3>\n<h3><a href=\"\/es\/\">Espa\u00f1a \u2013 Espa\u00f1ol<\/a><\/h3>\n<h3><a href=\"\/ro\/\">Rom\u00e2nia \u2013 Rom\u00e2n\u0103<\/a><\/h3>\n<\/div><div class=\"fusion-builder-row fusion-builder-row-inner fusion-row fusion-flex-align-items-flex-start fusion-flex-content-wrap\" style=\"--awb-flex-grow:0;--awb-flex-grow-medium:0;--awb-flex-grow-small:0;--awb-flex-shrink:0;--awb-flex-shrink-medium:0;--awb-flex-shrink-small:0;width:104% !important;max-width:104% !important;margin-left: calc(-4% \/ 2 );margin-right: calc(-4% \/ 2 );\"><div class=\"fusion-layout-column fusion_builder_column_inner fusion-builder-nested-column-0 fusion_builder_column_inner_1_2 1_2 fusion-flex-column\" style=\"--awb-bg-size:cover;--awb-width-large:50%;--awb-margin-top-large:0px;--awb-spacing-right-large:3.84%;--awb-margin-bottom-large:20px;--awb-spacing-left-large:3.84%;--awb-width-medium:50%;--awb-order-medium:0;--awb-spacing-right-medium:3.84%;--awb-spacing-left-medium:3.84%;--awb-width-small:100%;--awb-order-small:0;--awb-spacing-right-small:1.92%;--awb-spacing-left-small:1.92%;\" data-scroll-devices=\"small-visibility,medium-visibility,large-visibility\"><div class=\"fusion-column-wrapper fusion-column-has-shadow fusion-flex-justify-content-center fusion-content-layout-column\"><div class=\"fusion-text fusion-text-2\" style=\"--awb-content-alignment:center;\"><h3>A Helpfordesk felh\u0151alap\u00fa rendszer teljes m\u00e9rt\u00e9kben t\u00f6bbnyelv\u0171:\u202fa fel\u00fclet nyelve n\u00e9h\u00e1ny kattint\u00e1ssal \u00e1t\u00e1ll\u00edthat\u00f3, \u00e9s minden modul \u2012 az iktat\u00f3t\u00f3l a szabads\u00e1g\u2011nyilv\u00e1ntart\u00e1sig \u2012 automatikusan az \u00d6n \u00e1ltal v\u00e1lasztott nyelven jelenik meg. \u00cdgy ugyanazt a megb\u00edzhat\u00f3 funkcionalit\u00e1st kapja magyarul, angolul, n\u00e9met\u00fcl vagy b\u00e1rmely m\u00e1s t\u00e1mogatott nyelven, ami megk\u00f6nny\u00edti a nemzetk\u00f6zi csapatok egy\u00fcttm\u0171k\u00f6d\u00e9s\u00e9t \u00e9s a k\u00fclf\u00f6ldi \u00fcgyfelekkel val\u00f3 kommunik\u00e1ci\u00f3t.<\/h3>\n<\/div><\/div><\/div><div class=\"fusion-layout-column fusion_builder_column_inner fusion-builder-nested-column-1 fusion_builder_column_inner_1_2 1_2 fusion-flex-column\" style=\"--awb-bg-size:cover;--awb-width-large:50%;--awb-margin-top-large:0px;--awb-spacing-right-large:3.84%;--awb-margin-bottom-large:20px;--awb-spacing-left-large:3.84%;--awb-width-medium:50%;--awb-order-medium:0;--awb-spacing-right-medium:3.84%;--awb-spacing-left-medium:3.84%;--awb-width-small:100%;--awb-order-small:0;--awb-spacing-right-small:1.92%;--awb-spacing-left-small:1.92%;\"><div class=\"fusion-column-wrapper fusion-column-has-shadow fusion-flex-justify-content-flex-start fusion-content-layout-column\"><div class=\"fusion-image-element \" style=\"text-align:center;--awb-max-width:70%;--awb-caption-title-font-family:var(--h2_typography-font-family);--awb-caption-title-font-weight:var(--h2_typography-font-weight);--awb-caption-title-font-style:var(--h2_typography-font-style);--awb-caption-title-size:var(--h2_typography-font-size);--awb-caption-title-transform:var(--h2_typography-text-transform);--awb-caption-title-line-height:var(--h2_typography-line-height);--awb-caption-title-letter-spacing:var(--h2_typography-letter-spacing);\"><span class=\" fusion-imageframe imageframe-none imageframe-1 hover-type-none\"><img decoding=\"async\" width=\"1024\" height=\"692\" title=\"different-language-speech-bubble-hello-concept\" src=\"https:\/\/www.helpfordesk.com\/hu\/wp-content\/uploads\/sites\/2\/2023\/01\/different-language-speech-bubble-hello-concept.jpeg\" data-orig-src=\"https:\/\/www.helpfordesk.com\/hu\/wp-content\/uploads\/sites\/2\/2023\/01\/different-language-speech-bubble-hello-concept-1024x692.jpeg\" alt class=\"lazyload img-responsive wp-image-5893\" srcset=\"data:image\/svg+xml,%3Csvg%20xmlns%3D%27http%3A%2F%2Fwww.w3.org%2F2000%2Fsvg%27%20width%3D%271280%27%20height%3D%27865%27%20viewBox%3D%270%200%201280%20865%27%3E%3Crect%20width%3D%271280%27%20height%3D%27865%27%20fill-opacity%3D%220%22%2F%3E%3C%2Fsvg%3E\" data-srcset=\"https:\/\/www.helpfordesk.com\/hu\/wp-content\/uploads\/sites\/2\/2023\/01\/different-language-speech-bubble-hello-concept-200x135.jpeg 200w, https:\/\/www.helpfordesk.com\/hu\/wp-content\/uploads\/sites\/2\/2023\/01\/different-language-speech-bubble-hello-concept-400x270.jpeg 400w, https:\/\/www.helpfordesk.com\/hu\/wp-content\/uploads\/sites\/2\/2023\/01\/different-language-speech-bubble-hello-concept-600x405.jpeg 600w, https:\/\/www.helpfordesk.com\/hu\/wp-content\/uploads\/sites\/2\/2023\/01\/different-language-speech-bubble-hello-concept-800x541.jpeg 800w, https:\/\/www.helpfordesk.com\/hu\/wp-content\/uploads\/sites\/2\/2023\/01\/different-language-speech-bubble-hello-concept-1200x811.jpeg 1200w, https:\/\/www.helpfordesk.com\/hu\/wp-content\/uploads\/sites\/2\/2023\/01\/different-language-speech-bubble-hello-concept.jpeg 1280w\" data-sizes=\"auto\" data-orig-sizes=\"(max-width: 640px) 100vw, 600px\" \/><\/span><\/div><\/div><\/div><\/div><\/div><\/div><\/div><\/div>\n","protected":false},"excerpt":{"rendered":"","protected":false},"author":1,"featured_media":0,"parent":0,"menu_order":0,"comment_status":"closed","ping_status":"closed","template":"","meta":{"_bbp_topic_count":0,"_bbp_reply_count":0,"_bbp_total_topic_count":0,"_bbp_total_reply_count":0,"_bbp_voice_count":0,"_bbp_anonymous_reply_count":0,"_bbp_topic_count_hidden":0,"_bbp_reply_count_hidden":0,"_bbp_forum_subforum_count":0,"footnotes":"","_wp_rev_ctl_limit":""},"class_list":["post-18259","page","type-page","status-publish","hentry"],"_links":{"self":[{"href":"https:\/\/www.helpfordesk.com\/hu\/wp-json\/wp\/v2\/pages\/18259","targetHints":{"allow":["GET"]}}],"collection":[{"href":"https:\/\/www.helpfordesk.com\/hu\/wp-json\/wp\/v2\/pages"}],"about":[{"href":"https:\/\/www.helpfordesk.com\/hu\/wp-json\/wp\/v2\/types\/page"}],"author":[{"embeddable":true,"href":"https:\/\/www.helpfordesk.com\/hu\/wp-json\/wp\/v2\/users\/1"}],"replies":[{"embeddable":true,"href":"https:\/\/www.helpfordesk.com\/hu\/wp-json\/wp\/v2\/comments?post=18259"}],"version-history":[{"count":5,"href":"https:\/\/www.helpfordesk.com\/hu\/wp-json\/wp\/v2\/pages\/18259\/revisions"}],"predecessor-version":[{"id":18277,"href":"https:\/\/www.helpfordesk.com\/hu\/wp-json\/wp\/v2\/pages\/18259\/revisions\/18277"}],"wp:attachment":[{"href":"https:\/\/www.helpfordesk.com\/hu\/wp-json\/wp\/v2\/media?parent=18259"}],"curies":[{"name":"wp","href":"https:\/\/api.w.org\/{rel}","templated":true}]}}