{"id":15903,"date":"2024-08-02T15:28:59","date_gmt":"2024-08-02T13:28:59","guid":{"rendered":"https:\/\/www.helpfordesk.com\/hu\/?page_id=15903"},"modified":"2025-12-04T12:43:15","modified_gmt":"2025-12-04T11:43:15","slug":"helpfordesk-belepes","status":"publish","type":"page","link":"https:\/\/www.helpfordesk.com\/hu\/helpfordesk-belepes\/","title":{"rendered":"Helpfordesk Bel\u00e9p\u00e9s"},"content":{"rendered":"<div class=\"fusion-fullwidth fullwidth-box fusion-builder-row-1 fusion-flex-container has-pattern-background has-mask-background hundred-percent-fullwidth hundred-percent-height hundred-percent-height-center-content non-hundred-percent-height-scrolling fusion-no-small-visibility\" style=\"--awb-background-position:right center;--awb-border-radius-top-left:0px;--awb-border-radius-top-right:0px;--awb-border-radius-bottom-right:0px;--awb-border-radius-bottom-left:0px;--awb-flex-wrap:wrap;\" ><div class=\"fusion-builder-row fusion-row fusion-flex-align-items-center fusion-flex-justify-content-center fusion-flex-content-wrap\" style=\"width:104% !important;max-width:104% !important;margin-left: calc(-4% \/ 2 );margin-right: calc(-4% \/ 2 );\"><div class=\"fusion-layout-column fusion_builder_column fusion-builder-column-0 fusion_builder_column_2_3 2_3 fusion-flex-column fusion-flex-align-self-center\" style=\"--awb-bg-size:cover;--awb-width-large:66.666666666667%;--awb-margin-top-large:0px;--awb-spacing-right-large:2.88%;--awb-margin-bottom-large:20px;--awb-spacing-left-large:2.88%;--awb-width-medium:66.666666666667%;--awb-order-medium:0;--awb-spacing-right-medium:2.88%;--awb-spacing-left-medium:2.88%;--awb-width-small:100%;--awb-order-small:0;--awb-spacing-right-small:1.92%;--awb-spacing-left-small:1.92%;\" data-scroll-devices=\"small-visibility,medium-visibility,large-visibility\"><div class=\"fusion-column-wrapper fusion-column-has-shadow fusion-flex-justify-content-center fusion-content-layout-row fusion-flex-align-items-center\"><div class=\"fusion-builder-row fusion-builder-row-inner fusion-row fusion-flex-align-items-center fusion-flex-justify-content-center fusion-flex-content-wrap\" style=\"--awb-flex-grow:0;--awb-flex-grow-medium:0;--awb-flex-grow-small:0;--awb-flex-shrink:0;--awb-flex-shrink-medium:0;--awb-flex-shrink-small:0;width:104% !important;max-width:104% !important;margin-left: calc(-4% \/ 2 );margin-right: calc(-4% \/ 2 );\"><div class=\"fusion-layout-column fusion_builder_column_inner fusion-builder-nested-column-0 fusion-flex-column fusion-flex-align-self-center\" style=\"--awb-bg-size:cover;--awb-width-large:auto;--awb-margin-top-large:0px;--awb-spacing-right-large:2%;--awb-margin-bottom-large:20px;--awb-spacing-left-large:2%;--awb-width-medium:auto;--awb-order-medium:0;--awb-spacing-right-medium:2%;--awb-spacing-left-medium:2%;--awb-width-small:100%;--awb-order-small:0;--awb-spacing-right-small:1.92%;--awb-spacing-left-small:1.92%;\" data-scroll-devices=\"small-visibility,medium-visibility,large-visibility\"><div class=\"fusion-column-wrapper fusion-column-has-shadow fusion-flex-justify-content-center fusion-content-layout-column\"><div class=\"fusion-image-element \" style=\"--awb-max-width:400px;--awb-caption-title-font-family:var(--h2_typography-font-family);--awb-caption-title-font-weight:var(--h2_typography-font-weight);--awb-caption-title-font-style:var(--h2_typography-font-style);--awb-caption-title-size:var(--h2_typography-font-size);--awb-caption-title-transform:var(--h2_typography-text-transform);--awb-caption-title-line-height:var(--h2_typography-line-height);--awb-caption-title-letter-spacing:var(--h2_typography-letter-spacing);\"><span class=\" fusion-imageframe imageframe-none imageframe-1 hover-type-none\"><img decoding=\"async\" width=\"1024\" height=\"173\" title=\"text_trimmed_customcolor_customcolor\" src=\"https:\/\/www.helpfordesk.com\/hu\/wp-content\/uploads\/sites\/2\/2025\/08\/text_trimmed_customcolor_customcolor-scaled.png\" data-orig-src=\"https:\/\/www.helpfordesk.com\/hu\/wp-content\/uploads\/sites\/2\/2025\/08\/text_trimmed_customcolor_customcolor-1024x173.png\" alt class=\"lazyload img-responsive wp-image-18419\" srcset=\"data:image\/svg+xml,%3Csvg%20xmlns%3D%27http%3A%2F%2Fwww.w3.org%2F2000%2Fsvg%27%20width%3D%272560%27%20height%3D%27432%27%20viewBox%3D%270%200%202560%20432%27%3E%3Crect%20width%3D%272560%27%20height%3D%27432%27%20fill-opacity%3D%220%22%2F%3E%3C%2Fsvg%3E\" data-srcset=\"https:\/\/www.helpfordesk.com\/hu\/wp-content\/uploads\/sites\/2\/2025\/08\/text_trimmed_customcolor_customcolor-200x34.png 200w, https:\/\/www.helpfordesk.com\/hu\/wp-content\/uploads\/sites\/2\/2025\/08\/text_trimmed_customcolor_customcolor-400x67.png 400w, https:\/\/www.helpfordesk.com\/hu\/wp-content\/uploads\/sites\/2\/2025\/08\/text_trimmed_customcolor_customcolor-600x101.png 600w, https:\/\/www.helpfordesk.com\/hu\/wp-content\/uploads\/sites\/2\/2025\/08\/text_trimmed_customcolor_customcolor-800x135.png 800w, https:\/\/www.helpfordesk.com\/hu\/wp-content\/uploads\/sites\/2\/2025\/08\/text_trimmed_customcolor_customcolor-1200x202.png 1200w\" data-sizes=\"auto\" data-orig-sizes=\"(max-width: 640px) 100vw, 1200px\" \/><\/span><\/div><div class=\"fusion-title title fusion-title-1 fusion-sep-none fusion-title-center fusion-title-text fusion-title-size-one\" style=\"--awb-margin-top-small:10px;--awb-margin-right-small:0px;--awb-margin-bottom-small:10px;--awb-margin-left-small:0px;\"><h1 class=\"fusion-title-heading title-heading-center\" style=\"margin:0;\"><h2>Az \u00fczlet digit\u00e1lis \u00e1talakul\u00e1sa<\/h2><\/h1><\/div><div class=\"fusion-text fusion-text-1\"><h3>Bejelentkez\u00e9s a HelpforDeskbe<\/h3>\n<\/div><div class=\"fusion-text fusion-text-2\">\n    \n    <form method=\"post\" id=\"helpfordesk-login-form\">\n               \n        <div class=\"floating-label-group\">\n        <input type=\"email\" id=\"helpfordesk_email\" name=\"helpfordesk_email\" placeholder=\" \" required>\n        <label for=\"helpfordesk_email\">Email c\u00edm<\/label>\n        <\/div>\n\n        <div class=\"floating-label-group\">\n        <input type=\"password\" id=\"helpfordesk_password\" name=\"helpfordesk_password\" placeholder=\" \" required>\n        <label for=\"helpfordesk_password\">Jelsz\u00f3<\/label>\n<\/div>\n\n\n        <!-- CAPTCHA -->\n        <div class=\"captcha-wrapper\" id=\"slider-captcha-box-wrapper\">\n            <label class=\"captcha-label\">H\u00fazza az ellen\u0151rz\u00e9shez<\/label>\n            <div id=\"slider-captcha-box\"><\/div>\n        <\/div>\n        <input type=\"hidden\" name=\"slider_captcha_ok\" id=\"slider_captcha_ok\" value=\"0\">\n        <br>\n\n        <!-- Gomb k\u00f6z\u00e9pre igaz\u00edt\u00e1sa -->\n        <div style=\"text-align: center;\">\n            <button type=\"submit\" class=\"button helpfordesk-login-button\" id=\"login-button\" style=\"display:none;\" disabled>\n                Bejelentkez\u00e9s\n            <\/button>\n        <\/div>\n    <\/form>\n\n    <script>\n    jQuery(document).ready(function($) {\n\n        function getRandomInt(min, max) {\n            return Math.floor(Math.random() * (max - min + 1)) + min;\n        }\n\n        sliderCaptcha({\n            id: 'slider-captcha-box',\n            localImages: function () {\n                return \"https:\/\/www.helpfordesk.com\/hu\/wp-content\/plugins\/helpfordesk\/function\/captcha\/images\/\" + 'random_' + getRandomInt(1, 10) + '.jpg';\n            },\n            barText: \"Cs\u00fasztassa az ellen\u0151rz\u00e9shez\",\n            failedText: \"Pr\u00f3b\u00e1ld \u00fajra\",\n            repeatIcon: 'fa fa-redo',\n            onSuccess: function () {\n                $('#slider_captcha_ok').val(\"1\");\n                $('#slider-captcha-box-wrapper').fadeOut();  \/\/ cs\u00faszka elt\u0171nik\n                $('#login-button').fadeIn().prop('disabled', false); \/\/ gomb megjelenik \u00e9s akt\u00edv\n            },\n            onFail: function () {\n                $('#slider_captcha_ok').val(\"0\");\n            },\n            onRefresh: function () {\n                $('#slider_captcha_ok').val(\"0\");\n            }\n        });\n\n    });\n    <\/script>\n\n    \n<\/div><div class=\"fusion-image-element \" style=\"text-align:center;--awb-caption-title-font-family:var(--h2_typography-font-family);--awb-caption-title-font-weight:var(--h2_typography-font-weight);--awb-caption-title-font-style:var(--h2_typography-font-style);--awb-caption-title-size:var(--h2_typography-font-size);--awb-caption-title-transform:var(--h2_typography-text-transform);--awb-caption-title-line-height:var(--h2_typography-line-height);--awb-caption-title-letter-spacing:var(--h2_typography-letter-spacing);\"><span class=\" fusion-imageframe imageframe-none imageframe-2 hover-type-none\"><a class=\"fusion-no-lightbox\" href=\"https:\/\/play.google.com\/store\/apps\/details?id=com.helpfordesk.client&amp;pcampaignid=web_share\" target=\"_self\" aria-label=\"HelpfordeskDownloadGooglePlay\"><img decoding=\"async\" width=\"135\" height=\"40\" alt=\"Helpfordesk Android applik\u00e1ci\u00f3 \" src=\"data:image\/svg+xml,%3Csvg%20xmlns%3D%27http%3A%2F%2Fwww.w3.org%2F2000%2Fsvg%27%20width%3D%27135%27%20height%3D%2740%27%20viewBox%3D%270%200%20135%2040%27%3E%3Crect%20width%3D%27135%27%20height%3D%2740%27%20fill-opacity%3D%220%22%2F%3E%3C%2Fsvg%3E\" data-orig-src=\"https:\/\/www.helpfordesk.com\/hu\/wp-content\/uploads\/sites\/2\/2024\/11\/HelpfordeskDownloadGooglePlay.svg\" class=\"lazyload img-responsive wp-image-17313\"\/><\/a><\/span><\/div><div class=\"fusion-image-element \" style=\"text-align:center;--awb-caption-title-font-family:var(--h2_typography-font-family);--awb-caption-title-font-weight:var(--h2_typography-font-weight);--awb-caption-title-font-style:var(--h2_typography-font-style);--awb-caption-title-size:var(--h2_typography-font-size);--awb-caption-title-transform:var(--h2_typography-text-transform);--awb-caption-title-line-height:var(--h2_typography-line-height);--awb-caption-title-letter-spacing:var(--h2_typography-letter-spacing);\"><span class=\" fusion-imageframe imageframe-none imageframe-3 hover-type-none\"><a class=\"fusion-no-lightbox\" href=\"https:\/\/apps.apple.com\/app\/id6747667577\" target=\"_self\" aria-label=\"HelpfordeskDownloadAppStore\"><img decoding=\"async\" width=\"119\" height=\"40\" alt=\"Helpfordesk App store\" src=\"data:image\/svg+xml,%3Csvg%20xmlns%3D%27http%3A%2F%2Fwww.w3.org%2F2000%2Fsvg%27%20width%3D%27119%27%20height%3D%2740%27%20viewBox%3D%270%200%20119%2040%27%3E%3Crect%20width%3D%27119%27%20height%3D%2740%27%20fill-opacity%3D%220%22%2F%3E%3C%2Fsvg%3E\" data-orig-src=\"https:\/\/www.helpfordesk.com\/hu\/wp-content\/uploads\/sites\/2\/2024\/11\/HelpfordeskDownloadAppStore.svg\" class=\"lazyload img-responsive wp-image-17312\"\/><\/a><\/span><\/div><\/div><\/div><\/div><\/div><\/div><div class=\"fusion-layout-column fusion_builder_column fusion-builder-column-1 fusion_builder_column_1_3 1_3 fusion-flex-column fusion-flex-align-self-stretch\" style=\"--awb-padding-right:0px;--awb-bg-position:center center;--awb-bg-size:cover;--awb-width-large:33.333333333333%;--awb-margin-top-large:0px;--awb-spacing-right-large:0px;--awb-margin-bottom-large:0px;--awb-spacing-left-large:0px;--awb-width-medium:33.333333333333%;--awb-order-medium:0;--awb-spacing-right-medium:0px;--awb-spacing-left-medium:0px;--awb-width-small:100%;--awb-order-small:0;--awb-spacing-right-small:1.92%;--awb-spacing-left-small:1.92%;\" data-scroll-devices=\"small-visibility,medium-visibility,large-visibility\"><div class=\"fusion-column-wrapper lazyload fusion-column-has-shadow fusion-flex-justify-content-flex-end fusion-content-layout-row fusion-empty-column-bg-image fusion-column-has-bg-image\" data-bg-url=\"https:\/\/www.helpfordesk.com\/hu\/wp-content\/uploads\/sites\/2\/2025\/08\/3-953x1024.jpg\" data-bg=\"https:\/\/www.helpfordesk.com\/hu\/wp-content\/uploads\/sites\/2\/2025\/08\/3-953x1024.jpg\"><img decoding=\"async\" class=\"fusion-empty-dims-img-placeholder\" alt=\"Helpfordesk login\" aria-label=\"3\" src=\"data:image\/svg+xml,%3Csvg%20xmlns%3D%27http%3A%2F%2Fwww.w3.org%2F2000%2Fsvg%27%20width%3D%27953%27%20height%3D%271024%27%20viewBox%3D%270%200%20953%201024%27%3E%3Crect%20width%3D%27953%27%20height%3D%271024%27%20fill-opacity%3D%220%22%2F%3E%3C%2Fsvg%3E\"><\/div><\/div><\/div><\/div>\n","protected":false},"excerpt":{"rendered":"","protected":false},"author":1,"featured_media":0,"parent":0,"menu_order":0,"comment_status":"closed","ping_status":"closed","template":"100-width.php","meta":{"_bbp_topic_count":0,"_bbp_reply_count":0,"_bbp_total_topic_count":0,"_bbp_total_reply_count":0,"_bbp_voice_count":0,"_bbp_anonymous_reply_count":0,"_bbp_topic_count_hidden":0,"_bbp_reply_count_hidden":0,"_bbp_forum_subforum_count":0,"footnotes":"","_wp_rev_ctl_limit":""},"class_list":["post-15903","page","type-page","status-publish","hentry"],"_links":{"self":[{"href":"https:\/\/www.helpfordesk.com\/hu\/wp-json\/wp\/v2\/pages\/15903","targetHints":{"allow":["GET"]}}],"collection":[{"href":"https:\/\/www.helpfordesk.com\/hu\/wp-json\/wp\/v2\/pages"}],"about":[{"href":"https:\/\/www.helpfordesk.com\/hu\/wp-json\/wp\/v2\/types\/page"}],"author":[{"embeddable":true,"href":"https:\/\/www.helpfordesk.com\/hu\/wp-json\/wp\/v2\/users\/1"}],"replies":[{"embeddable":true,"href":"https:\/\/www.helpfordesk.com\/hu\/wp-json\/wp\/v2\/comments?post=15903"}],"version-history":[{"count":5,"href":"https:\/\/www.helpfordesk.com\/hu\/wp-json\/wp\/v2\/pages\/15903\/revisions"}],"predecessor-version":[{"id":18899,"href":"https:\/\/www.helpfordesk.com\/hu\/wp-json\/wp\/v2\/pages\/15903\/revisions\/18899"}],"wp:attachment":[{"href":"https:\/\/www.helpfordesk.com\/hu\/wp-json\/wp\/v2\/media?parent=15903"}],"curies":[{"name":"wp","href":"https:\/\/api.w.org\/{rel}","templated":true}]}}