{"id":5527,"date":"2025-07-21T19:15:56","date_gmt":"2025-07-21T19:15:56","guid":{"rendered":"https:\/\/www.helpfordesk.com\/de\/?page_id=5527"},"modified":"2025-07-22T20:04:25","modified_gmt":"2025-07-22T20:04:25","slug":"kontakt","status":"publish","type":"page","link":"https:\/\/www.helpfordesk.com\/de\/kontakt\/","title":{"rendered":"Kontakt"},"content":{"rendered":"<div class=\"fusion-fullwidth fullwidth-box fusion-builder-row-1 fusion-flex-container has-pattern-background has-mask-background nonhundred-percent-fullwidth non-hundred-percent-height-scrolling\" style=\"--awb-border-radius-top-left:0px;--awb-border-radius-top-right:0px;--awb-border-radius-bottom-right:0px;--awb-border-radius-bottom-left:0px;--awb-flex-wrap:wrap;\" ><div class=\"fusion-builder-row fusion-row fusion-flex-align-items-flex-start fusion-flex-content-wrap\" style=\"max-width:1144px;margin-left: calc(-4% \/ 2 );margin-right: calc(-4% \/ 2 );\"><div class=\"fusion-layout-column fusion_builder_column fusion-builder-column-0 fusion_builder_column_1_1 1_1 fusion-flex-column\" style=\"--awb-bg-size:cover;--awb-width-large:100%;--awb-margin-top-large:0px;--awb-spacing-right-large:1.92%;--awb-margin-bottom-large:20px;--awb-spacing-left-large:1.92%;--awb-width-medium:100%;--awb-order-medium:0;--awb-spacing-right-medium:1.92%;--awb-spacing-left-medium:1.92%;--awb-width-small:100%;--awb-order-small:0;--awb-spacing-right-small:1.92%;--awb-spacing-left-small:1.92%;\"><div class=\"fusion-column-wrapper fusion-column-has-shadow fusion-flex-justify-content-flex-start fusion-content-layout-column\"><div class=\"fusion-text fusion-text-1\"><h2 data-start=\"68\" data-end=\"79\"><strong data-start=\"68\" data-end=\"79\">Kontakt<\/strong><\/h2>\n<p data-start=\"81\" data-end=\"234\">Wenn Sie Fragen oder Anfragen zu unseren Dienstleistungen haben,<br data-start=\"145\" data-end=\"148\" \/>z\u00f6gern Sie bitte nicht, uns \u00fcber eine der folgenden Kontaktm\u00f6glichkeiten zu erreichen!<\/p>\n<p data-start=\"236\" data-end=\"281\">Bitte folgen Sie der nachstehenden Anleitung!<\/p>\n<p data-start=\"283\" data-end=\"428\">Wenn Sie Unterst\u00fctzung f\u00fcr unsere Plugins suchen, besuchen Sie bitte unsere Support-Seite<br data-start=\"372\" data-end=\"375\" \/>oder die Sammlung der H\u00e4ufig gestellten Fragen (FAQ).<\/p>\n<h3 data-start=\"430\" data-end=\"448\"><strong data-start=\"430\" data-end=\"448\">Postanschrift:<\/strong><\/h3>\n<p data-start=\"450\" data-end=\"534\">Compgate Kft.<br data-start=\"463\" data-end=\"466\" \/>N\u00e9pf\u00fcrd\u0151 utca 17\/f<br data-start=\"484\" data-end=\"487\" \/>1138 Budapest<br data-start=\"500\" data-end=\"503\" \/>Ungarn<br data-start=\"509\" data-end=\"512\" \/>USt-IdNr.: 14240591241<\/p>\n<p data-start=\"536\" data-end=\"646\">Tel.: +36 (70) 626 53 82<br data-start=\"560\" data-end=\"563\" \/>Bei Fragen verwenden Sie bitte unsere Support-E-Mail-Adresse: <a class=\"cursor-pointer\" rel=\"noopener\" data-start=\"625\" data-end=\"646\">hello@helpfordesk.com<\/a><\/p>\n<p data-start=\"648\" data-end=\"734\">Bitte beachten Sie, dass wir Support nur auf Ungarisch, Englisch und Deutsch anbieten.<\/p>\n<\/div><\/div><\/div><\/div><\/div>\n","protected":false},"excerpt":{"rendered":"","protected":false},"author":1,"featured_media":0,"parent":0,"menu_order":0,"comment_status":"closed","ping_status":"closed","template":"100-width.php","meta":{"_bbp_topic_count":0,"_bbp_reply_count":0,"_bbp_total_topic_count":0,"_bbp_total_reply_count":0,"_bbp_voice_count":0,"_bbp_anonymous_reply_count":0,"_bbp_topic_count_hidden":0,"_bbp_reply_count_hidden":0,"_bbp_forum_subforum_count":0,"footnotes":"","_wp_rev_ctl_limit":""},"class_list":["post-5527","page","type-page","status-publish","hentry"],"_links":{"self":[{"href":"https:\/\/www.helpfordesk.com\/de\/wp-json\/wp\/v2\/pages\/5527","targetHints":{"allow":["GET"]}}],"collection":[{"href":"https:\/\/www.helpfordesk.com\/de\/wp-json\/wp\/v2\/pages"}],"about":[{"href":"https:\/\/www.helpfordesk.com\/de\/wp-json\/wp\/v2\/types\/page"}],"author":[{"embeddable":true,"href":"https:\/\/www.helpfordesk.com\/de\/wp-json\/wp\/v2\/users\/1"}],"replies":[{"embeddable":true,"href":"https:\/\/www.helpfordesk.com\/de\/wp-json\/wp\/v2\/comments?post=5527"}],"version-history":[{"count":2,"href":"https:\/\/www.helpfordesk.com\/de\/wp-json\/wp\/v2\/pages\/5527\/revisions"}],"predecessor-version":[{"id":5558,"href":"https:\/\/www.helpfordesk.com\/de\/wp-json\/wp\/v2\/pages\/5527\/revisions\/5558"}],"wp:attachment":[{"href":"https:\/\/www.helpfordesk.com\/de\/wp-json\/wp\/v2\/media?parent=5527"}],"curies":[{"name":"wp","href":"https:\/\/api.w.org\/{rel}","templated":true}]}}