{"id":5216,"date":"2025-07-21T21:55:22","date_gmt":"2025-07-21T19:55:22","guid":{"rendered":"https:\/\/www.helpfordesk.com\/cz\/?page_id=5216"},"modified":"2025-07-21T21:55:22","modified_gmt":"2025-07-21T19:55:22","slug":"zasady-ochrany-osobnich-udaju","status":"publish","type":"page","link":"https:\/\/www.helpfordesk.com\/cs\/zasady-ochrany-osobnich-udaju\/","title":{"rendered":"Z\u00e1sady ochrany osobn\u00edch \u00fadaj\u016f"},"content":{"rendered":"","protected":false},"excerpt":{"rendered":"","protected":false},"author":1,"featured_media":0,"parent":0,"menu_order":0,"comment_status":"closed","ping_status":"closed","template":"","meta":{"_bbp_topic_count":0,"_bbp_reply_count":0,"_bbp_total_topic_count":0,"_bbp_total_reply_count":0,"_bbp_voice_count":0,"_bbp_anonymous_reply_count":0,"_bbp_topic_count_hidden":0,"_bbp_reply_count_hidden":0,"_bbp_forum_subforum_count":0,"footnotes":"","_wp_rev_ctl_limit":""},"class_list":["post-5216","page","type-page","status-publish","hentry"],"_links":{"self":[{"href":"https:\/\/www.helpfordesk.com\/cs\/wp-json\/wp\/v2\/pages\/5216","targetHints":{"allow":["GET"]}}],"collection":[{"href":"https:\/\/www.helpfordesk.com\/cs\/wp-json\/wp\/v2\/pages"}],"about":[{"href":"https:\/\/www.helpfordesk.com\/cs\/wp-json\/wp\/v2\/types\/page"}],"author":[{"embeddable":true,"href":"https:\/\/www.helpfordesk.com\/cs\/wp-json\/wp\/v2\/users\/1"}],"replies":[{"embeddable":true,"href":"https:\/\/www.helpfordesk.com\/cs\/wp-json\/wp\/v2\/comments?post=5216"}],"version-history":[{"count":1,"href":"https:\/\/www.helpfordesk.com\/cs\/wp-json\/wp\/v2\/pages\/5216\/revisions"}],"predecessor-version":[{"id":5217,"href":"https:\/\/www.helpfordesk.com\/cs\/wp-json\/wp\/v2\/pages\/5216\/revisions\/5217"}],"wp:attachment":[{"href":"https:\/\/www.helpfordesk.com\/cs\/wp-json\/wp\/v2\/media?parent=5216"}],"curies":[{"name":"wp","href":"https:\/\/api.w.org\/{rel}","templated":true}]}}